{"id":12539,"date":"2025-01-24T11:45:20","date_gmt":"2025-01-24T11:45:20","guid":{"rendered":"https:\/\/staging2.stylingagenten.com\/sv\/produkt\/artdeco-color-booster-lip-balm-4-rose\/"},"modified":"2026-01-21T09:46:28","modified_gmt":"2026-01-21T09:46:28","slug":"artdeco-color-booster-lip-balm-4-rose","status":"publish","type":"product","link":"https:\/\/stylingagenten.com\/sv\/produkt\/artdeco-color-booster-lip-balm-4-rose\/","title":{"rendered":"Artdeco Color Booster Lip Balm 4 Ros\u00e9"},"content":{"rendered":"<p>Artdeco Color Booster Lip Balm \u00e4r ett l\u00e4ppbalsam med pigment som anpassar sig efter dina l\u00e4ppars pH-v\u00e4rde och f\u00f6rst\u00e4rker den naturliga f\u00e4rgen. Inneh\u00e5ller dessutom v\u00e5rdande aprikosk\u00e4rnolja och persikoextrakt, och en arom av spearmint ger en h\u00e4rligt uppfriskande k\u00e4nsla.<\/p>\n<p>3g<\/p>\n","protected":false},"excerpt":{"rendered":"<p>Artdeco Color Booster Lip Balm \u00e4r ett l\u00e4ppbalsam med pigment som anpassar sig efter dina l\u00e4ppars pH-v\u00e4rde och f\u00f6rst\u00e4rker den naturliga f\u00e4rgen. Inneh\u00e5ller dessutom v\u00e5rdande aprikosk\u00e4rnolja och persikoextrakt, och en arom av spearmint ger en h\u00e4rligt uppfriskande k\u00e4nsla. 3g<\/p>\n","protected":false},"featured_media":12533,"comment_status":"open","ping_status":"closed","template":"","meta":{"_trash_the_other_posts":false},"product_brand":[],"product_cat":[580],"product_tag":[2434],"berocket_brand":[1385],"class_list":{"0":"post-12539","1":"product","2":"type-product","3":"status-publish","4":"has-post-thumbnail","6":"product_cat-lappbalsam","7":"product_tag-artdeco-color-booster-lip-balm-3g","8":"pa_brand-artdeco","9":"pa_variant-4-rose","10":"berocket_brand-artdeco","12":"first","13":"instock","14":"sale","15":"taxable","16":"shipping-taxable","17":"purchasable","18":"product-type-simple"},"_links":{"self":[{"href":"https:\/\/stylingagenten.com\/sv\/wp-json\/wp\/v2\/product\/12539","targetHints":{"allow":["GET"]}}],"collection":[{"href":"https:\/\/stylingagenten.com\/sv\/wp-json\/wp\/v2\/product"}],"about":[{"href":"https:\/\/stylingagenten.com\/sv\/wp-json\/wp\/v2\/types\/product"}],"replies":[{"embeddable":true,"href":"https:\/\/stylingagenten.com\/sv\/wp-json\/wp\/v2\/comments?post=12539"}],"version-history":[{"count":0,"href":"https:\/\/stylingagenten.com\/sv\/wp-json\/wp\/v2\/product\/12539\/revisions"}],"wp:featuredmedia":[{"embeddable":true,"href":"https:\/\/stylingagenten.com\/sv\/wp-json\/wp\/v2\/media\/12533"}],"wp:attachment":[{"href":"https:\/\/stylingagenten.com\/sv\/wp-json\/wp\/v2\/media?parent=12539"}],"wp:term":[{"taxonomy":"product_brand","embeddable":true,"href":"https:\/\/stylingagenten.com\/sv\/wp-json\/wp\/v2\/product_brand?post=12539"},{"taxonomy":"product_cat","embeddable":true,"href":"https:\/\/stylingagenten.com\/sv\/wp-json\/wp\/v2\/product_cat?post=12539"},{"taxonomy":"product_tag","embeddable":true,"href":"https:\/\/stylingagenten.com\/sv\/wp-json\/wp\/v2\/product_tag?post=12539"},{"taxonomy":"berocket_brand","embeddable":true,"href":"https:\/\/stylingagenten.com\/sv\/wp-json\/wp\/v2\/berocket_brand?post=12539"}],"curies":[{"name":"wp","href":"https:\/\/api.w.org\/{rel}","templated":true}]}}