{"id":12509,"date":"2025-01-24T11:45:13","date_gmt":"2025-01-24T11:45:13","guid":{"rendered":"https:\/\/staging2.stylingagenten.com\/sv\/produkt\/artdeco-ultra-deep-black-mascara-8ml\/"},"modified":"2026-02-21T07:36:37","modified_gmt":"2026-02-21T07:36:37","slug":"artdeco-ultra-deep-black-mascara-8ml","status":"publish","type":"product","link":"https:\/\/stylingagenten.com\/sv\/produkt\/artdeco-ultra-deep-black-mascara-8ml\/","title":{"rendered":"Artdeco Ultra Deep Black Mascara 8ml"},"content":{"rendered":"<p>Ultra Deep Black Mascara inneh\u00e5ller intensiva svarta pigment som omsluter dina fransar f\u00f6r en j\u00e4mn och djupt svart finish. Den innovativa borsten f\u00f6rst\u00e4rker det djupt svarta resultatet med sina n\u00e4ra packade borst av olika l\u00e4ngder. Detta garanterar ett s\u00e4rskilt j\u00e4mnt och intensivt lager av mascara. De kortare borstarna p\u00e5 gummiborsten n\u00e5r \u00e4ven de kortaste fransarna och omger dem i en m\u00f6rk ton och skapar volym, medan de l\u00e4ngre borstarna separerar fransarna och f\u00e5r dem att se l\u00e4ngre ut. Borstens spets har ocks\u00e5 korta borstar f\u00f6r ultimat precision. Tillsatsen av naturligt karnaubavax och ricinolja i formeln skyddar fransarna och h\u00e5ller dem smidiga.<\/p>\n<p>8 ml<\/p>\n","protected":false},"excerpt":{"rendered":"<p>Ultra Deep Black Mascara inneh\u00e5ller intensiva svarta pigment som omsluter dina fransar f\u00f6r en j\u00e4mn och djupt svart finish. Den innovativa borsten f\u00f6rst\u00e4rker det djupt svarta resultatet med sina n\u00e4ra packade borst av olika l\u00e4ngder. Detta garanterar ett s\u00e4rskilt j\u00e4mnt och intensivt lager av mascara. De kortare borstarna p\u00e5 gummiborsten n\u00e5r \u00e4ven de kortaste fransarna [&hellip;]<\/p>\n","protected":false},"featured_media":12506,"comment_status":"open","ping_status":"closed","template":"","meta":{"_trash_the_other_posts":false},"product_brand":[],"product_cat":[618],"product_tag":[],"berocket_brand":[1385],"class_list":{"0":"post-12509","1":"product","2":"type-product","3":"status-publish","4":"has-post-thumbnail","6":"product_cat-mascara","7":"pa_brand-artdeco","8":"berocket_brand-artdeco","10":"first","11":"instock","12":"sale","13":"taxable","14":"shipping-taxable","15":"purchasable","16":"product-type-simple"},"_links":{"self":[{"href":"https:\/\/stylingagenten.com\/sv\/wp-json\/wp\/v2\/product\/12509","targetHints":{"allow":["GET"]}}],"collection":[{"href":"https:\/\/stylingagenten.com\/sv\/wp-json\/wp\/v2\/product"}],"about":[{"href":"https:\/\/stylingagenten.com\/sv\/wp-json\/wp\/v2\/types\/product"}],"replies":[{"embeddable":true,"href":"https:\/\/stylingagenten.com\/sv\/wp-json\/wp\/v2\/comments?post=12509"}],"version-history":[{"count":0,"href":"https:\/\/stylingagenten.com\/sv\/wp-json\/wp\/v2\/product\/12509\/revisions"}],"wp:featuredmedia":[{"embeddable":true,"href":"https:\/\/stylingagenten.com\/sv\/wp-json\/wp\/v2\/media\/12506"}],"wp:attachment":[{"href":"https:\/\/stylingagenten.com\/sv\/wp-json\/wp\/v2\/media?parent=12509"}],"wp:term":[{"taxonomy":"product_brand","embeddable":true,"href":"https:\/\/stylingagenten.com\/sv\/wp-json\/wp\/v2\/product_brand?post=12509"},{"taxonomy":"product_cat","embeddable":true,"href":"https:\/\/stylingagenten.com\/sv\/wp-json\/wp\/v2\/product_cat?post=12509"},{"taxonomy":"product_tag","embeddable":true,"href":"https:\/\/stylingagenten.com\/sv\/wp-json\/wp\/v2\/product_tag?post=12509"},{"taxonomy":"berocket_brand","embeddable":true,"href":"https:\/\/stylingagenten.com\/sv\/wp-json\/wp\/v2\/berocket_brand?post=12509"}],"curies":[{"name":"wp","href":"https:\/\/api.w.org\/{rel}","templated":true}]}}