{"id":12420,"date":"2025-01-24T11:44:40","date_gmt":"2025-01-24T11:44:40","guid":{"rendered":"https:\/\/staging2.stylingagenten.com\/sv\/produkt\/clean-classic-soft-laundry-edp-60ml\/"},"modified":"2026-04-08T15:29:55","modified_gmt":"2026-04-08T15:29:55","slug":"clean-classic-soft-laundry-edp-60ml","status":"publish","type":"product","link":"https:\/\/stylingagenten.com\/sv\/produkt\/clean-classic-soft-laundry-edp-60ml\/","title":{"rendered":"Clean Classic Soft Laundry Edp 60ml"},"content":{"rendered":"<p>Clean Classic Soft Laundry \u00e4r en parfym som inspirerats av den rena och fr\u00e4scha doften av nytv\u00e4ttat som h\u00e4nger p\u00e5 tork i den svala v\u00e5rluften, d\u00e4r solens l\u00e5ngvariga v\u00e4rme dr\u00f6jer sig kvar. Doften har uppfriskande noter av p\u00e4ron och bergamott som blandas med ett vattenackord som skapar en ren och ljus bris. Blommiga noter av jasmin, n\u00e4ckros och iris sveps in i amber och mysk som p\u00e5minner om en mjuk och trygg kram.<\/p>\n<p>Topp: Bergamott, marina noter och p\u00e4ron<br \/>\n<br \/>Hj\u00e4rta: Jasmin, n\u00e4ckros och iris<br \/>\n<br \/>Bas: Mysk, amber och sandeltr\u00e4<\/p>\n<p>60ml<\/p>\n","protected":false},"excerpt":{"rendered":"<p>Clean Classic Soft Laundry \u00e4r en parfym som inspirerats av den rena och fr\u00e4scha doften av nytv\u00e4ttat som h\u00e4nger p\u00e5 tork i den svala v\u00e5rluften, d\u00e4r solens l\u00e5ngvariga v\u00e4rme dr\u00f6jer sig kvar. Doften har uppfriskande noter av p\u00e4ron och bergamott som blandas med ett vattenackord som skapar en ren och ljus bris. Blommiga noter av [&hellip;]<\/p>\n","protected":false},"featured_media":12411,"comment_status":"open","ping_status":"closed","template":"","meta":{"_trash_the_other_posts":false},"product_brand":[],"product_cat":[706,735,999,1006],"product_tag":[2732],"berocket_brand":[1116],"class_list":{"0":"post-12420","1":"product","2":"type-product","3":"status-publish","4":"has-post-thumbnail","6":"product_cat-eau-de-parfum-dam","7":"product_cat-kampanj","8":"product_cat-kampanj-for-henne","9":"product_cat-kampanjpris","10":"product_tag-clean-classic-soft-laundry-edp","11":"pa_brand-clean","12":"pa_variant-60ml","13":"berocket_brand-clean","15":"first","16":"instock","17":"sale","18":"taxable","19":"shipping-taxable","20":"purchasable","21":"product-type-simple"},"_links":{"self":[{"href":"https:\/\/stylingagenten.com\/sv\/wp-json\/wp\/v2\/product\/12420","targetHints":{"allow":["GET"]}}],"collection":[{"href":"https:\/\/stylingagenten.com\/sv\/wp-json\/wp\/v2\/product"}],"about":[{"href":"https:\/\/stylingagenten.com\/sv\/wp-json\/wp\/v2\/types\/product"}],"replies":[{"embeddable":true,"href":"https:\/\/stylingagenten.com\/sv\/wp-json\/wp\/v2\/comments?post=12420"}],"version-history":[{"count":0,"href":"https:\/\/stylingagenten.com\/sv\/wp-json\/wp\/v2\/product\/12420\/revisions"}],"wp:featuredmedia":[{"embeddable":true,"href":"https:\/\/stylingagenten.com\/sv\/wp-json\/wp\/v2\/media\/12411"}],"wp:attachment":[{"href":"https:\/\/stylingagenten.com\/sv\/wp-json\/wp\/v2\/media?parent=12420"}],"wp:term":[{"taxonomy":"product_brand","embeddable":true,"href":"https:\/\/stylingagenten.com\/sv\/wp-json\/wp\/v2\/product_brand?post=12420"},{"taxonomy":"product_cat","embeddable":true,"href":"https:\/\/stylingagenten.com\/sv\/wp-json\/wp\/v2\/product_cat?post=12420"},{"taxonomy":"product_tag","embeddable":true,"href":"https:\/\/stylingagenten.com\/sv\/wp-json\/wp\/v2\/product_tag?post=12420"},{"taxonomy":"berocket_brand","embeddable":true,"href":"https:\/\/stylingagenten.com\/sv\/wp-json\/wp\/v2\/berocket_brand?post=12420"}],"curies":[{"name":"wp","href":"https:\/\/api.w.org\/{rel}","templated":true}]}}