{"id":12335,"date":"2025-01-24T11:44:03","date_gmt":"2025-01-24T11:44:03","guid":{"rendered":"https:\/\/staging2.stylingagenten.com\/sv\/produkt\/head-attitude-edt-50ml\/"},"modified":"2026-04-08T15:29:52","modified_gmt":"2026-04-08T15:29:52","slug":"head-attitude-edt-50ml","status":"publish","type":"product","link":"https:\/\/stylingagenten.com\/sv\/produkt\/head-attitude-edt-50ml\/","title":{"rendered":"HEAD Attitude Edt 50ml"},"content":{"rendered":"<p>Tr\u00e4ig och marin. Attitude \u00e4r en fr\u00e4sch marin doft som \u00f6ppnar med lysande ackord av bergamott och grapefrukt, blandade med balsamiska toner av mint och den s\u00f6ta kryddigheten fr\u00e5n kardemumma. Hj\u00e4rtat utvecklas mjukt genom fruktiga ackord av \u00e4pple och melon, och v\u00e4rmen fr\u00e5n oemotst\u00e5ndlig patchouli tillsammans med eleganta toner av torrt tr\u00e4 och sandeltr\u00e4. Dessa ackord utvecklas f\u00f6rsiktigt till den mjuka basnoten av mysk.<\/p>\n<p>TOPPNOTER: Bergamott, Grapefrukt, Rosa b\u00e4r, Mint, Kardemumma, Calone<br \/>\n<br \/>HJ\u00c4RTNOTER: \u00c4pple, Melon, Patchouli, Torrt tr\u00e4, Sandeltr\u00e4<br \/>\n<br \/>BASNOTER: Mysk<\/p>\n<p>50ml<\/p>\n","protected":false},"excerpt":{"rendered":"<p>Tr\u00e4ig och marin. Attitude \u00e4r en fr\u00e4sch marin doft som \u00f6ppnar med lysande ackord av bergamott och grapefrukt, blandade med balsamiska toner av mint och den s\u00f6ta kryddigheten fr\u00e5n kardemumma. Hj\u00e4rtat utvecklas mjukt genom fruktiga ackord av \u00e4pple och melon, och v\u00e4rmen fr\u00e5n oemotst\u00e5ndlig patchouli tillsammans med eleganta toner av torrt tr\u00e4 och sandeltr\u00e4. Dessa [&hellip;]<\/p>\n","protected":false},"featured_media":12333,"comment_status":"open","ping_status":"closed","template":"","meta":{"_trash_the_other_posts":false},"product_brand":[],"product_cat":[709,735,1000,1006],"product_tag":[],"berocket_brand":[1416],"class_list":{"0":"post-12335","1":"product","2":"type-product","3":"status-publish","4":"has-post-thumbnail","6":"product_cat-eau-de-toilette-herr","7":"product_cat-kampanj","8":"product_cat-kampanj-for-honom","9":"product_cat-kampanjpris","10":"pa_brand-head","11":"berocket_brand-head","13":"first","14":"outofstock","15":"sale","16":"taxable","17":"shipping-taxable","18":"purchasable","19":"product-type-simple"},"_links":{"self":[{"href":"https:\/\/stylingagenten.com\/sv\/wp-json\/wp\/v2\/product\/12335","targetHints":{"allow":["GET"]}}],"collection":[{"href":"https:\/\/stylingagenten.com\/sv\/wp-json\/wp\/v2\/product"}],"about":[{"href":"https:\/\/stylingagenten.com\/sv\/wp-json\/wp\/v2\/types\/product"}],"replies":[{"embeddable":true,"href":"https:\/\/stylingagenten.com\/sv\/wp-json\/wp\/v2\/comments?post=12335"}],"version-history":[{"count":0,"href":"https:\/\/stylingagenten.com\/sv\/wp-json\/wp\/v2\/product\/12335\/revisions"}],"wp:featuredmedia":[{"embeddable":true,"href":"https:\/\/stylingagenten.com\/sv\/wp-json\/wp\/v2\/media\/12333"}],"wp:attachment":[{"href":"https:\/\/stylingagenten.com\/sv\/wp-json\/wp\/v2\/media?parent=12335"}],"wp:term":[{"taxonomy":"product_brand","embeddable":true,"href":"https:\/\/stylingagenten.com\/sv\/wp-json\/wp\/v2\/product_brand?post=12335"},{"taxonomy":"product_cat","embeddable":true,"href":"https:\/\/stylingagenten.com\/sv\/wp-json\/wp\/v2\/product_cat?post=12335"},{"taxonomy":"product_tag","embeddable":true,"href":"https:\/\/stylingagenten.com\/sv\/wp-json\/wp\/v2\/product_tag?post=12335"},{"taxonomy":"berocket_brand","embeddable":true,"href":"https:\/\/stylingagenten.com\/sv\/wp-json\/wp\/v2\/berocket_brand?post=12335"}],"curies":[{"name":"wp","href":"https:\/\/api.w.org\/{rel}","templated":true}]}}