{"id":12314,"date":"2025-01-24T11:43:50","date_gmt":"2025-01-24T11:43:50","guid":{"rendered":"https:\/\/staging2.stylingagenten.com\/sv\/produkt\/head-elite-edt-50ml\/"},"modified":"2026-04-08T15:30:08","modified_gmt":"2026-04-08T15:30:08","slug":"head-elite-edt-50ml","status":"publish","type":"product","link":"https:\/\/stylingagenten.com\/sv\/produkt\/head-elite-edt-50ml\/","title":{"rendered":"HEAD Elite Edt 50ml"},"content":{"rendered":"<p>Upplev elegans och f\u00f6rf\u00f6risk charm med HEAD Elite, en delikat blommig och fruktig doft som \u00f6ppnar med sprudlande noter av bergamott och citron, blandat med rosa b\u00e4r. Den fruktiga hj\u00e4rtnoten av persika och hallon v\u00e4rms varsamt av sandeltr\u00e4 och torrt tr\u00e4, medan rosens ackord tillf\u00f6r en touch av klassicism och elegans. Basnoterna av tonkab\u00f6na, bensoe och mysk sprider en mjuk och f\u00f6rtrollande aura som kompletterar doftens f\u00f6rfinade karakt\u00e4r. <\/p>\n<p>TOPPNOTER: Bergamott, Citron, Rosa b\u00e4r<br \/>\n<br \/>HJ\u00c4RTNOTER: Persika, Hallon, Ros, Sandeltr\u00e4, Torrt tr\u00e4<br \/>\n<br \/>BASNOTER: Tonka, Bensoe, Mysk<\/p>\n<p>50ml<\/p>\n","protected":false},"excerpt":{"rendered":"<p>Upplev elegans och f\u00f6rf\u00f6risk charm med HEAD Elite, en delikat blommig och fruktig doft som \u00f6ppnar med sprudlande noter av bergamott och citron, blandat med rosa b\u00e4r. Den fruktiga hj\u00e4rtnoten av persika och hallon v\u00e4rms varsamt av sandeltr\u00e4 och torrt tr\u00e4, medan rosens ackord tillf\u00f6r en touch av klassicism och elegans. Basnoterna av tonkab\u00f6na, bensoe [&hellip;]<\/p>\n","protected":false},"featured_media":12312,"comment_status":"open","ping_status":"closed","template":"","meta":{"_trash_the_other_posts":false},"product_brand":[],"product_cat":[707,735,999,1006],"product_tag":[],"berocket_brand":[1416],"class_list":{"0":"post-12314","1":"product","2":"type-product","3":"status-publish","4":"has-post-thumbnail","6":"product_cat-eau-de-toilette-dam","7":"product_cat-kampanj","8":"product_cat-kampanj-for-henne","9":"product_cat-kampanjpris","10":"pa_brand-head","11":"berocket_brand-head","13":"first","14":"instock","15":"sale","16":"taxable","17":"shipping-taxable","18":"purchasable","19":"product-type-simple"},"_links":{"self":[{"href":"https:\/\/stylingagenten.com\/sv\/wp-json\/wp\/v2\/product\/12314","targetHints":{"allow":["GET"]}}],"collection":[{"href":"https:\/\/stylingagenten.com\/sv\/wp-json\/wp\/v2\/product"}],"about":[{"href":"https:\/\/stylingagenten.com\/sv\/wp-json\/wp\/v2\/types\/product"}],"replies":[{"embeddable":true,"href":"https:\/\/stylingagenten.com\/sv\/wp-json\/wp\/v2\/comments?post=12314"}],"version-history":[{"count":0,"href":"https:\/\/stylingagenten.com\/sv\/wp-json\/wp\/v2\/product\/12314\/revisions"}],"wp:featuredmedia":[{"embeddable":true,"href":"https:\/\/stylingagenten.com\/sv\/wp-json\/wp\/v2\/media\/12312"}],"wp:attachment":[{"href":"https:\/\/stylingagenten.com\/sv\/wp-json\/wp\/v2\/media?parent=12314"}],"wp:term":[{"taxonomy":"product_brand","embeddable":true,"href":"https:\/\/stylingagenten.com\/sv\/wp-json\/wp\/v2\/product_brand?post=12314"},{"taxonomy":"product_cat","embeddable":true,"href":"https:\/\/stylingagenten.com\/sv\/wp-json\/wp\/v2\/product_cat?post=12314"},{"taxonomy":"product_tag","embeddable":true,"href":"https:\/\/stylingagenten.com\/sv\/wp-json\/wp\/v2\/product_tag?post=12314"},{"taxonomy":"berocket_brand","embeddable":true,"href":"https:\/\/stylingagenten.com\/sv\/wp-json\/wp\/v2\/berocket_brand?post=12314"}],"curies":[{"name":"wp","href":"https:\/\/api.w.org\/{rel}","templated":true}]}}