{"id":12307,"date":"2025-01-24T11:43:48","date_gmt":"2025-01-24T11:43:48","guid":{"rendered":"https:\/\/staging2.stylingagenten.com\/sv\/produkt\/head-spark-edt-50ml\/"},"modified":"2026-04-08T15:29:34","modified_gmt":"2026-04-08T15:29:34","slug":"head-spark-edt-50ml","status":"publish","type":"product","link":"https:\/\/stylingagenten.com\/sv\/produkt\/head-spark-edt-50ml\/","title":{"rendered":"HEAD Spark Edt 50ml"},"content":{"rendered":"<p>Blommig och fruktig. Spark \u00e4r en gl\u00e4djefylld doft som uttrycker sin dominanta fridfullhet och ljus genom de lysande ackorden av bergamott, grapefrukt och apelsin. De sammansatta blommorna utvecklas och \u00f6verg\u00e5r till ett saftigt frukthj\u00e4rta, komponerat av ananas, p\u00e4ron och persika, f\u00f6rst\u00e4rkt av n\u00e4rvaron av ros och liljekonvalj som ger en feminin touch. De varma tr\u00e4iga basnoterna av cedertr\u00e4 och sandeltr\u00e4 s\u00f6tas sedan med sm\u00f6rig vanilj och mysknoter.<\/p>\n<p>TOPPNOTER: Bergamott, Grapefrukt, Apelsin<br \/>\n<br \/>HJ\u00c4RTNOTER: Ananas, Persika, P\u00e4ron, Liljekonvalj, Ros<br \/>\n<br \/>BASNOTER: Cedertr\u00e4, Sandeltr\u00e4, Vanilj, Mysk<\/p>\n<p>50ml<\/p>\n","protected":false},"excerpt":{"rendered":"<p>Blommig och fruktig. Spark \u00e4r en gl\u00e4djefylld doft som uttrycker sin dominanta fridfullhet och ljus genom de lysande ackorden av bergamott, grapefrukt och apelsin. De sammansatta blommorna utvecklas och \u00f6verg\u00e5r till ett saftigt frukthj\u00e4rta, komponerat av ananas, p\u00e4ron och persika, f\u00f6rst\u00e4rkt av n\u00e4rvaron av ros och liljekonvalj som ger en feminin touch. De varma tr\u00e4iga [&hellip;]<\/p>\n","protected":false},"featured_media":12305,"comment_status":"open","ping_status":"closed","template":"","meta":{"_trash_the_other_posts":false},"product_brand":[],"product_cat":[707,735,999,1006],"product_tag":[],"berocket_brand":[1416],"class_list":{"0":"post-12307","1":"product","2":"type-product","3":"status-publish","4":"has-post-thumbnail","6":"product_cat-eau-de-toilette-dam","7":"product_cat-kampanj","8":"product_cat-kampanj-for-henne","9":"product_cat-kampanjpris","10":"pa_brand-head","11":"berocket_brand-head","13":"first","14":"instock","15":"sale","16":"taxable","17":"shipping-taxable","18":"purchasable","19":"product-type-simple"},"_links":{"self":[{"href":"https:\/\/stylingagenten.com\/sv\/wp-json\/wp\/v2\/product\/12307","targetHints":{"allow":["GET"]}}],"collection":[{"href":"https:\/\/stylingagenten.com\/sv\/wp-json\/wp\/v2\/product"}],"about":[{"href":"https:\/\/stylingagenten.com\/sv\/wp-json\/wp\/v2\/types\/product"}],"replies":[{"embeddable":true,"href":"https:\/\/stylingagenten.com\/sv\/wp-json\/wp\/v2\/comments?post=12307"}],"version-history":[{"count":0,"href":"https:\/\/stylingagenten.com\/sv\/wp-json\/wp\/v2\/product\/12307\/revisions"}],"wp:featuredmedia":[{"embeddable":true,"href":"https:\/\/stylingagenten.com\/sv\/wp-json\/wp\/v2\/media\/12305"}],"wp:attachment":[{"href":"https:\/\/stylingagenten.com\/sv\/wp-json\/wp\/v2\/media?parent=12307"}],"wp:term":[{"taxonomy":"product_brand","embeddable":true,"href":"https:\/\/stylingagenten.com\/sv\/wp-json\/wp\/v2\/product_brand?post=12307"},{"taxonomy":"product_cat","embeddable":true,"href":"https:\/\/stylingagenten.com\/sv\/wp-json\/wp\/v2\/product_cat?post=12307"},{"taxonomy":"product_tag","embeddable":true,"href":"https:\/\/stylingagenten.com\/sv\/wp-json\/wp\/v2\/product_tag?post=12307"},{"taxonomy":"berocket_brand","embeddable":true,"href":"https:\/\/stylingagenten.com\/sv\/wp-json\/wp\/v2\/berocket_brand?post=12307"}],"curies":[{"name":"wp","href":"https:\/\/api.w.org\/{rel}","templated":true}]}}