{"id":12251,"date":"2025-01-24T11:43:04","date_gmt":"2025-01-24T11:43:04","guid":{"rendered":"https:\/\/staging2.stylingagenten.com\/sv\/produkt\/issey-miyake-a-drop-dissey-edp-50ml\/"},"modified":"2026-03-25T18:48:33","modified_gmt":"2026-03-25T18:48:33","slug":"issey-miyake-a-drop-dissey-edp-50ml","status":"publish","type":"product","link":"https:\/\/stylingagenten.com\/sv\/produkt\/issey-miyake-a-drop-dissey-edp-50ml\/","title":{"rendered":"Issey Miyake A Drop d&#8217;Issey Edp 50ml"},"content":{"rendered":"<p>Issey Miyake A Drop d\u2019Issey eau de parfum, \u00e4r en inbjudan till att uppt\u00e4cka naturens sk\u00f6nhet. En eau de parfum med en blommig signatur som v\u00e4ver samman solvarm syren, kr\u00e4mig mandelmj\u00f6lk och sensuell mysk.<\/p>\n<p>A Drop d\u2019Issey \u00f6ppnar med damaskusros i sin renaste form. I hj\u00e4rtat lyfts de blommiga inslagen av syren fram tillsammans med en aning av kr\u00e4mig mandelmj\u00f6lk och apelsinblomma. Doftens bas rundas av med cedertr\u00e4 och ett mysk-ackord byggt kring Ambrox Super och bio-vanillin.<\/p>\n<p>50ml<\/p>\n","protected":false},"excerpt":{"rendered":"<p>Issey Miyake A Drop d\u2019Issey eau de parfum, \u00e4r en inbjudan till att uppt\u00e4cka naturens sk\u00f6nhet. En eau de parfum med en blommig signatur som v\u00e4ver samman solvarm syren, kr\u00e4mig mandelmj\u00f6lk och sensuell mysk. A Drop d\u2019Issey \u00f6ppnar med damaskusros i sin renaste form. I hj\u00e4rtat lyfts de blommiga inslagen av syren fram tillsammans med [&hellip;]<\/p>\n","protected":false},"featured_media":12243,"comment_status":"open","ping_status":"closed","template":"","meta":{"_trash_the_other_posts":false},"product_brand":[],"product_cat":[706,1006],"product_tag":[],"berocket_brand":[1348],"class_list":{"0":"post-12251","1":"product","2":"type-product","3":"status-publish","4":"has-post-thumbnail","6":"product_cat-eau-de-parfum-dam","7":"product_cat-kampanjpris","8":"pa_brand-issey-miyake","9":"berocket_brand-issey-miyake","11":"first","12":"outofstock","13":"sale","14":"taxable","15":"shipping-taxable","16":"purchasable","17":"product-type-simple"},"_links":{"self":[{"href":"https:\/\/stylingagenten.com\/sv\/wp-json\/wp\/v2\/product\/12251","targetHints":{"allow":["GET"]}}],"collection":[{"href":"https:\/\/stylingagenten.com\/sv\/wp-json\/wp\/v2\/product"}],"about":[{"href":"https:\/\/stylingagenten.com\/sv\/wp-json\/wp\/v2\/types\/product"}],"replies":[{"embeddable":true,"href":"https:\/\/stylingagenten.com\/sv\/wp-json\/wp\/v2\/comments?post=12251"}],"version-history":[{"count":0,"href":"https:\/\/stylingagenten.com\/sv\/wp-json\/wp\/v2\/product\/12251\/revisions"}],"wp:featuredmedia":[{"embeddable":true,"href":"https:\/\/stylingagenten.com\/sv\/wp-json\/wp\/v2\/media\/12243"}],"wp:attachment":[{"href":"https:\/\/stylingagenten.com\/sv\/wp-json\/wp\/v2\/media?parent=12251"}],"wp:term":[{"taxonomy":"product_brand","embeddable":true,"href":"https:\/\/stylingagenten.com\/sv\/wp-json\/wp\/v2\/product_brand?post=12251"},{"taxonomy":"product_cat","embeddable":true,"href":"https:\/\/stylingagenten.com\/sv\/wp-json\/wp\/v2\/product_cat?post=12251"},{"taxonomy":"product_tag","embeddable":true,"href":"https:\/\/stylingagenten.com\/sv\/wp-json\/wp\/v2\/product_tag?post=12251"},{"taxonomy":"berocket_brand","embeddable":true,"href":"https:\/\/stylingagenten.com\/sv\/wp-json\/wp\/v2\/berocket_brand?post=12251"}],"curies":[{"name":"wp","href":"https:\/\/api.w.org\/{rel}","templated":true}]}}