{"id":12189,"date":"2025-01-24T11:41:21","date_gmt":"2025-01-24T11:41:21","guid":{"rendered":"https:\/\/staging2.stylingagenten.com\/sv\/produkt\/bjork-fukt-hydrate-treatment-200ml\/"},"modified":"2026-03-26T19:38:32","modified_gmt":"2026-03-26T19:38:32","slug":"bjork-fukt-hydrate-treatment-200ml","status":"publish","type":"product","link":"https:\/\/stylingagenten.com\/sv\/produkt\/bjork-fukt-hydrate-treatment-200ml\/","title":{"rendered":"Bj\u00f6rk FUKT Hydrate Treatment 200ml"},"content":{"rendered":"<p>Bj\u00f6rk FUKT Hydrate Treatment \u00e4r en \u00e5terfuktande behandling f\u00f6r torrt, frissigt och f\u00e4rgat h\u00e5r. Med en n\u00e4ringsrik formula med bj\u00f6rkextrakt, arganolja och solrosolja som \u00e5terfuktar, f\u00f6rb\u00e4ttrar h\u00e5rkvaliteten, lugnar h\u00e5rbotten och ger en silkeslen k\u00e4nsla. <\/p>\n<p>200 ml<\/p>\n","protected":false},"excerpt":{"rendered":"<p>Bj\u00f6rk FUKT Hydrate Treatment \u00e4r en \u00e5terfuktande behandling f\u00f6r torrt, frissigt och f\u00e4rgat h\u00e5r. Med en n\u00e4ringsrik formula med bj\u00f6rkextrakt, arganolja och solrosolja som \u00e5terfuktar, f\u00f6rb\u00e4ttrar h\u00e5rkvaliteten, lugnar h\u00e5rbotten och ger en silkeslen k\u00e4nsla. 200 ml<\/p>\n","protected":false},"featured_media":12187,"comment_status":"open","ping_status":"closed","template":"","meta":{"_trash_the_other_posts":false},"product_brand":[],"product_cat":[620],"product_tag":[2569],"berocket_brand":[1418],"class_list":{"0":"post-12189","1":"product","2":"type-product","3":"status-publish","4":"has-post-thumbnail","6":"product_cat-harinpackning","7":"product_tag-bjork-fukt-hydrate-treatment","8":"pa_brand-bjork","9":"pa_variant-200ml","10":"berocket_brand-bjork","12":"first","13":"instock","14":"sale","15":"taxable","16":"shipping-taxable","17":"purchasable","18":"product-type-simple"},"_links":{"self":[{"href":"https:\/\/stylingagenten.com\/sv\/wp-json\/wp\/v2\/product\/12189","targetHints":{"allow":["GET"]}}],"collection":[{"href":"https:\/\/stylingagenten.com\/sv\/wp-json\/wp\/v2\/product"}],"about":[{"href":"https:\/\/stylingagenten.com\/sv\/wp-json\/wp\/v2\/types\/product"}],"replies":[{"embeddable":true,"href":"https:\/\/stylingagenten.com\/sv\/wp-json\/wp\/v2\/comments?post=12189"}],"version-history":[{"count":0,"href":"https:\/\/stylingagenten.com\/sv\/wp-json\/wp\/v2\/product\/12189\/revisions"}],"wp:featuredmedia":[{"embeddable":true,"href":"https:\/\/stylingagenten.com\/sv\/wp-json\/wp\/v2\/media\/12187"}],"wp:attachment":[{"href":"https:\/\/stylingagenten.com\/sv\/wp-json\/wp\/v2\/media?parent=12189"}],"wp:term":[{"taxonomy":"product_brand","embeddable":true,"href":"https:\/\/stylingagenten.com\/sv\/wp-json\/wp\/v2\/product_brand?post=12189"},{"taxonomy":"product_cat","embeddable":true,"href":"https:\/\/stylingagenten.com\/sv\/wp-json\/wp\/v2\/product_cat?post=12189"},{"taxonomy":"product_tag","embeddable":true,"href":"https:\/\/stylingagenten.com\/sv\/wp-json\/wp\/v2\/product_tag?post=12189"},{"taxonomy":"berocket_brand","embeddable":true,"href":"https:\/\/stylingagenten.com\/sv\/wp-json\/wp\/v2\/berocket_brand?post=12189"}],"curies":[{"name":"wp","href":"https:\/\/api.w.org\/{rel}","templated":true}]}}