{"id":12166,"date":"2025-01-24T11:41:17","date_gmt":"2025-01-24T11:41:17","guid":{"rendered":"https:\/\/staging2.stylingagenten.com\/sv\/produkt\/bjork-laga-repair-treatment-200ml\/"},"modified":"2026-03-16T09:31:36","modified_gmt":"2026-03-16T09:31:36","slug":"bjork-laga-repair-treatment-200ml","status":"publish","type":"product","link":"https:\/\/stylingagenten.com\/sv\/produkt\/bjork-laga-repair-treatment-200ml\/","title":{"rendered":"Bj\u00f6rk LAGA Repair Treatment 200ml"},"content":{"rendered":"<p>Bj\u00f6rk LAGA Repair Treatment \u00e4r en intensiv reparerande behandling f\u00f6r skadat, torrt och kemiskt behandlat h\u00e5r. Med reparerande alg- och bj\u00f6rkextrakt f\u00f6r att f\u00f6rb\u00e4ttra h\u00e5rkvaliteten, f\u00f6rebygga frissighet, ge glans och skapa en lugnande effekt p\u00e5 h\u00e5rbotten.<\/p>\n<p>Doft: Frisk och blommig doft med inslag av bergamott.<\/p>\n<p>200 ml<\/p>\n","protected":false},"excerpt":{"rendered":"<p>Bj\u00f6rk LAGA Repair Treatment \u00e4r en intensiv reparerande behandling f\u00f6r skadat, torrt och kemiskt behandlat h\u00e5r. Med reparerande alg- och bj\u00f6rkextrakt f\u00f6r att f\u00f6rb\u00e4ttra h\u00e5rkvaliteten, f\u00f6rebygga frissighet, ge glans och skapa en lugnande effekt p\u00e5 h\u00e5rbotten. Doft: Frisk och blommig doft med inslag av bergamott. 200 ml<\/p>\n","protected":false},"featured_media":12163,"comment_status":"open","ping_status":"closed","template":"","meta":{"_trash_the_other_posts":false},"product_brand":[],"product_cat":[620],"product_tag":[2574],"berocket_brand":[1418],"class_list":{"0":"post-12166","1":"product","2":"type-product","3":"status-publish","4":"has-post-thumbnail","6":"product_cat-harinpackning","7":"product_tag-bjork-laga-repair-treatment","8":"pa_brand-bjork","9":"pa_variant-200ml","10":"berocket_brand-bjork","12":"first","13":"instock","14":"sale","15":"taxable","16":"shipping-taxable","17":"purchasable","18":"product-type-simple"},"_links":{"self":[{"href":"https:\/\/stylingagenten.com\/sv\/wp-json\/wp\/v2\/product\/12166","targetHints":{"allow":["GET"]}}],"collection":[{"href":"https:\/\/stylingagenten.com\/sv\/wp-json\/wp\/v2\/product"}],"about":[{"href":"https:\/\/stylingagenten.com\/sv\/wp-json\/wp\/v2\/types\/product"}],"replies":[{"embeddable":true,"href":"https:\/\/stylingagenten.com\/sv\/wp-json\/wp\/v2\/comments?post=12166"}],"version-history":[{"count":0,"href":"https:\/\/stylingagenten.com\/sv\/wp-json\/wp\/v2\/product\/12166\/revisions"}],"wp:featuredmedia":[{"embeddable":true,"href":"https:\/\/stylingagenten.com\/sv\/wp-json\/wp\/v2\/media\/12163"}],"wp:attachment":[{"href":"https:\/\/stylingagenten.com\/sv\/wp-json\/wp\/v2\/media?parent=12166"}],"wp:term":[{"taxonomy":"product_brand","embeddable":true,"href":"https:\/\/stylingagenten.com\/sv\/wp-json\/wp\/v2\/product_brand?post=12166"},{"taxonomy":"product_cat","embeddable":true,"href":"https:\/\/stylingagenten.com\/sv\/wp-json\/wp\/v2\/product_cat?post=12166"},{"taxonomy":"product_tag","embeddable":true,"href":"https:\/\/stylingagenten.com\/sv\/wp-json\/wp\/v2\/product_tag?post=12166"},{"taxonomy":"berocket_brand","embeddable":true,"href":"https:\/\/stylingagenten.com\/sv\/wp-json\/wp\/v2\/berocket_brand?post=12166"}],"curies":[{"name":"wp","href":"https:\/\/api.w.org\/{rel}","templated":true}]}}