{"id":12159,"date":"2025-01-24T11:41:17","date_gmt":"2025-01-24T11:41:17","guid":{"rendered":"https:\/\/staging2.stylingagenten.com\/sv\/produkt\/bjork-forma-lockar-curl-defining-cream-150ml\/"},"modified":"2026-04-07T11:38:26","modified_gmt":"2026-04-07T11:38:26","slug":"bjork-forma-lockar-curl-defining-cream-150ml","status":"publish","type":"product","link":"https:\/\/stylingagenten.com\/sv\/produkt\/bjork-forma-lockar-curl-defining-cream-150ml\/","title":{"rendered":"Bj\u00f6rk FORMA LOCKAR Curl Defining Cream 150ml"},"content":{"rendered":"<p>Bj\u00f6rk FORMA LOCKAR Curl Defining Cream \u00e4r en \u00e5terfuktande och v\u00e4rmeskyddande lockkr\u00e4m som definierar naturliga lockar och v\u00e5gor i h\u00e5ret. Med en formula av bj\u00f6rkextrakt, kokos- och solrosolja som ger lockarna studs, definition och t\u00e4mjer grovt h\u00e5r som \u00e4r sv\u00e5rt att hantera. F\u00f6rebygger frissighet.<\/p>\n<p>Doft: Fruktig och fr\u00e4sch doft med inslag av persika och citrus.<\/p>\n<p>150 ml<\/p>\n","protected":false},"excerpt":{"rendered":"<p>Bj\u00f6rk FORMA LOCKAR Curl Defining Cream \u00e4r en \u00e5terfuktande och v\u00e4rmeskyddande lockkr\u00e4m som definierar naturliga lockar och v\u00e5gor i h\u00e5ret. Med en formula av bj\u00f6rkextrakt, kokos- och solrosolja som ger lockarna studs, definition och t\u00e4mjer grovt h\u00e5r som \u00e4r sv\u00e5rt att hantera. F\u00f6rebygger frissighet. Doft: Fruktig och fr\u00e4sch doft med inslag av persika och citrus. [&hellip;]<\/p>\n","protected":false},"featured_media":12156,"comment_status":"open","ping_status":"closed","template":"","meta":{"_trash_the_other_posts":false},"product_brand":[],"product_cat":[546],"product_tag":[],"berocket_brand":[1418],"class_list":{"0":"post-12159","1":"product","2":"type-product","3":"status-publish","4":"has-post-thumbnail","6":"product_cat-harstyling","7":"pa_brand-bjork","8":"berocket_brand-bjork","10":"first","11":"instock","12":"sale","13":"taxable","14":"shipping-taxable","15":"purchasable","16":"product-type-simple"},"_links":{"self":[{"href":"https:\/\/stylingagenten.com\/sv\/wp-json\/wp\/v2\/product\/12159","targetHints":{"allow":["GET"]}}],"collection":[{"href":"https:\/\/stylingagenten.com\/sv\/wp-json\/wp\/v2\/product"}],"about":[{"href":"https:\/\/stylingagenten.com\/sv\/wp-json\/wp\/v2\/types\/product"}],"replies":[{"embeddable":true,"href":"https:\/\/stylingagenten.com\/sv\/wp-json\/wp\/v2\/comments?post=12159"}],"version-history":[{"count":0,"href":"https:\/\/stylingagenten.com\/sv\/wp-json\/wp\/v2\/product\/12159\/revisions"}],"wp:featuredmedia":[{"embeddable":true,"href":"https:\/\/stylingagenten.com\/sv\/wp-json\/wp\/v2\/media\/12156"}],"wp:attachment":[{"href":"https:\/\/stylingagenten.com\/sv\/wp-json\/wp\/v2\/media?parent=12159"}],"wp:term":[{"taxonomy":"product_brand","embeddable":true,"href":"https:\/\/stylingagenten.com\/sv\/wp-json\/wp\/v2\/product_brand?post=12159"},{"taxonomy":"product_cat","embeddable":true,"href":"https:\/\/stylingagenten.com\/sv\/wp-json\/wp\/v2\/product_cat?post=12159"},{"taxonomy":"product_tag","embeddable":true,"href":"https:\/\/stylingagenten.com\/sv\/wp-json\/wp\/v2\/product_tag?post=12159"},{"taxonomy":"berocket_brand","embeddable":true,"href":"https:\/\/stylingagenten.com\/sv\/wp-json\/wp\/v2\/berocket_brand?post=12159"}],"curies":[{"name":"wp","href":"https:\/\/api.w.org\/{rel}","templated":true}]}}