{"id":12149,"date":"2025-01-24T11:41:15","date_gmt":"2025-01-24T11:41:15","guid":{"rendered":"https:\/\/staging2.stylingagenten.com\/sv\/produkt\/bjork-forma-hojd-root-lifter-150ml\/"},"modified":"2026-03-16T09:31:38","modified_gmt":"2026-03-16T09:31:38","slug":"bjork-forma-hojd-root-lifter-150ml","status":"publish","type":"product","link":"https:\/\/stylingagenten.com\/sv\/produkt\/bjork-forma-hojd-root-lifter-150ml\/","title":{"rendered":"Bj\u00f6rk FORMA H\u00d6JD Root Lifter 150ml"},"content":{"rendered":"<p>Bj\u00f6rk FORMA H\u00d6JD Root Lifter \u00e4r en v\u00e4rmeskyddande volymspray som ger volym och fyllighet till r\u00f6tterna och d\u00e4r h\u00e5ret beh\u00f6ver ett extra lyft. Med en formula av panthenol, bj\u00f6rk- och solrosextrakt som verkar v\u00e5rdande, formande och antistatiskt i h\u00e5ret.<\/p>\n<p>Doft: Lyxig, uppfriskande och blommig doft med inslag av aprikos.<\/p>\n<p>150 ml<\/p>\n","protected":false},"excerpt":{"rendered":"<p>Bj\u00f6rk FORMA H\u00d6JD Root Lifter \u00e4r en v\u00e4rmeskyddande volymspray som ger volym och fyllighet till r\u00f6tterna och d\u00e4r h\u00e5ret beh\u00f6ver ett extra lyft. Med en formula av panthenol, bj\u00f6rk- och solrosextrakt som verkar v\u00e5rdande, formande och antistatiskt i h\u00e5ret. Doft: Lyxig, uppfriskande och blommig doft med inslag av aprikos. 150 ml<\/p>\n","protected":false},"featured_media":12146,"comment_status":"open","ping_status":"closed","template":"","meta":{"_trash_the_other_posts":false},"product_brand":[],"product_cat":[546],"product_tag":[],"berocket_brand":[1418],"class_list":{"0":"post-12149","1":"product","2":"type-product","3":"status-publish","4":"has-post-thumbnail","6":"product_cat-harstyling","7":"pa_brand-bjork","8":"berocket_brand-bjork","10":"first","11":"instock","12":"sale","13":"taxable","14":"shipping-taxable","15":"purchasable","16":"product-type-simple"},"_links":{"self":[{"href":"https:\/\/stylingagenten.com\/sv\/wp-json\/wp\/v2\/product\/12149","targetHints":{"allow":["GET"]}}],"collection":[{"href":"https:\/\/stylingagenten.com\/sv\/wp-json\/wp\/v2\/product"}],"about":[{"href":"https:\/\/stylingagenten.com\/sv\/wp-json\/wp\/v2\/types\/product"}],"replies":[{"embeddable":true,"href":"https:\/\/stylingagenten.com\/sv\/wp-json\/wp\/v2\/comments?post=12149"}],"version-history":[{"count":0,"href":"https:\/\/stylingagenten.com\/sv\/wp-json\/wp\/v2\/product\/12149\/revisions"}],"wp:featuredmedia":[{"embeddable":true,"href":"https:\/\/stylingagenten.com\/sv\/wp-json\/wp\/v2\/media\/12146"}],"wp:attachment":[{"href":"https:\/\/stylingagenten.com\/sv\/wp-json\/wp\/v2\/media?parent=12149"}],"wp:term":[{"taxonomy":"product_brand","embeddable":true,"href":"https:\/\/stylingagenten.com\/sv\/wp-json\/wp\/v2\/product_brand?post=12149"},{"taxonomy":"product_cat","embeddable":true,"href":"https:\/\/stylingagenten.com\/sv\/wp-json\/wp\/v2\/product_cat?post=12149"},{"taxonomy":"product_tag","embeddable":true,"href":"https:\/\/stylingagenten.com\/sv\/wp-json\/wp\/v2\/product_tag?post=12149"},{"taxonomy":"berocket_brand","embeddable":true,"href":"https:\/\/stylingagenten.com\/sv\/wp-json\/wp\/v2\/berocket_brand?post=12149"}],"curies":[{"name":"wp","href":"https:\/\/api.w.org\/{rel}","templated":true}]}}