{"id":12145,"date":"2025-01-24T11:41:15","date_gmt":"2025-01-24T11:41:15","guid":{"rendered":"https:\/\/staging2.stylingagenten.com\/sv\/produkt\/bjork-ag-silver-conditioner-750ml\/"},"modified":"2026-03-16T09:31:54","modified_gmt":"2026-03-16T09:31:54","slug":"bjork-ag-silver-conditioner-750ml","status":"publish","type":"product","link":"https:\/\/stylingagenten.com\/sv\/produkt\/bjork-ag-silver-conditioner-750ml\/","title":{"rendered":"Bj\u00f6rk Ag Silver Conditioner 750ml"},"content":{"rendered":"<p>Bj\u00f6rk Ag Silver Conditioner \u00e4r ett kraftfullt silverbalsam med violetta pigment som neutraliserar o\u00f6nskade gula nyanser f\u00f6r blont och gr\u00e5tt h\u00e5r. Med en formula av bj\u00f6rkextrakt, solrosolja och bl\u00e5b\u00e4rsextrakt som \u00e4r rik p\u00e5 antioxidanter, lugnar h\u00e5rbotten, minskar frissighet och ger vacker glans.<\/p>\n<p>Doft: Uppfriskande och blommig doft med inslag av citrus.<\/p>\n<p>750ml<\/p>\n","protected":false},"excerpt":{"rendered":"<p>Bj\u00f6rk Ag Silver Conditioner \u00e4r ett kraftfullt silverbalsam med violetta pigment som neutraliserar o\u00f6nskade gula nyanser f\u00f6r blont och gr\u00e5tt h\u00e5r. Med en formula av bj\u00f6rkextrakt, solrosolja och bl\u00e5b\u00e4rsextrakt som \u00e4r rik p\u00e5 antioxidanter, lugnar h\u00e5rbotten, minskar frissighet och ger vacker glans. Doft: Uppfriskande och blommig doft med inslag av citrus. 750ml<\/p>\n","protected":false},"featured_media":12143,"comment_status":"open","ping_status":"closed","template":"","meta":{"_trash_the_other_posts":false},"product_brand":[],"product_cat":[587],"product_tag":[2561],"berocket_brand":[1418],"class_list":{"0":"post-12145","1":"product","2":"type-product","3":"status-publish","4":"has-post-thumbnail","6":"product_cat-balsam","7":"product_tag-bjork-ag-silver-conditioner","8":"pa_brand-bjork","9":"pa_variant-750ml","10":"berocket_brand-bjork","12":"first","13":"instock","14":"sale","15":"taxable","16":"shipping-taxable","17":"purchasable","18":"product-type-simple"},"_links":{"self":[{"href":"https:\/\/stylingagenten.com\/sv\/wp-json\/wp\/v2\/product\/12145","targetHints":{"allow":["GET"]}}],"collection":[{"href":"https:\/\/stylingagenten.com\/sv\/wp-json\/wp\/v2\/product"}],"about":[{"href":"https:\/\/stylingagenten.com\/sv\/wp-json\/wp\/v2\/types\/product"}],"replies":[{"embeddable":true,"href":"https:\/\/stylingagenten.com\/sv\/wp-json\/wp\/v2\/comments?post=12145"}],"version-history":[{"count":0,"href":"https:\/\/stylingagenten.com\/sv\/wp-json\/wp\/v2\/product\/12145\/revisions"}],"wp:featuredmedia":[{"embeddable":true,"href":"https:\/\/stylingagenten.com\/sv\/wp-json\/wp\/v2\/media\/12143"}],"wp:attachment":[{"href":"https:\/\/stylingagenten.com\/sv\/wp-json\/wp\/v2\/media?parent=12145"}],"wp:term":[{"taxonomy":"product_brand","embeddable":true,"href":"https:\/\/stylingagenten.com\/sv\/wp-json\/wp\/v2\/product_brand?post=12145"},{"taxonomy":"product_cat","embeddable":true,"href":"https:\/\/stylingagenten.com\/sv\/wp-json\/wp\/v2\/product_cat?post=12145"},{"taxonomy":"product_tag","embeddable":true,"href":"https:\/\/stylingagenten.com\/sv\/wp-json\/wp\/v2\/product_tag?post=12145"},{"taxonomy":"berocket_brand","embeddable":true,"href":"https:\/\/stylingagenten.com\/sv\/wp-json\/wp\/v2\/berocket_brand?post=12145"}],"curies":[{"name":"wp","href":"https:\/\/api.w.org\/{rel}","templated":true}]}}