{"id":12141,"date":"2025-01-24T11:41:14","date_gmt":"2025-01-24T11:41:14","guid":{"rendered":"https:\/\/staging2.stylingagenten.com\/sv\/produkt\/bjork-tamja-flyaway-tamer-20ml\/"},"modified":"2026-04-12T13:58:23","modified_gmt":"2026-04-12T13:58:23","slug":"bjork-tamja-flyaway-tamer-20ml","status":"publish","type":"product","link":"https:\/\/stylingagenten.com\/sv\/produkt\/bjork-tamja-flyaway-tamer-20ml\/","title":{"rendered":"Bj\u00f6rk T\u00c4MJA Flyaway Tamer 20ml"},"content":{"rendered":"<p>Bj\u00f6rk T\u00c4MJA Flyaway Tamer \u00e4r ett finish-stick som hj\u00e4lper dig att f\u00e5 kontroll \u00f6ver flygiga sm\u00e5 h\u00e5rstr\u00e5n, samtidigt som h\u00e5ret f\u00e5r n\u00e4ring och styrka. Helt utan att bli stel eller klibbig. Med en unik formula av kokosolja, sheasm\u00f6r och aminosyror, som tillsammans ger n\u00e4ring, fukt och glans.<\/p>\n<p>Doft: Frisk och fruktig doft med inslag av vattenmelon.<\/p>\n<p>20 ml<\/p>\n","protected":false},"excerpt":{"rendered":"<p>Bj\u00f6rk T\u00c4MJA Flyaway Tamer \u00e4r ett finish-stick som hj\u00e4lper dig att f\u00e5 kontroll \u00f6ver flygiga sm\u00e5 h\u00e5rstr\u00e5n, samtidigt som h\u00e5ret f\u00e5r n\u00e4ring och styrka. Helt utan att bli stel eller klibbig. Med en unik formula av kokosolja, sheasm\u00f6r och aminosyror, som tillsammans ger n\u00e4ring, fukt och glans. Doft: Frisk och fruktig doft med inslag av [&hellip;]<\/p>\n","protected":false},"featured_media":12137,"comment_status":"open","ping_status":"closed","template":"","meta":{"_trash_the_other_posts":false},"product_brand":[],"product_cat":[546],"product_tag":[],"berocket_brand":[1418],"class_list":{"0":"post-12141","1":"product","2":"type-product","3":"status-publish","4":"has-post-thumbnail","6":"product_cat-harstyling","7":"pa_brand-bjork","8":"berocket_brand-bjork","10":"first","11":"instock","12":"sale","13":"taxable","14":"shipping-taxable","15":"purchasable","16":"product-type-simple"},"_links":{"self":[{"href":"https:\/\/stylingagenten.com\/sv\/wp-json\/wp\/v2\/product\/12141","targetHints":{"allow":["GET"]}}],"collection":[{"href":"https:\/\/stylingagenten.com\/sv\/wp-json\/wp\/v2\/product"}],"about":[{"href":"https:\/\/stylingagenten.com\/sv\/wp-json\/wp\/v2\/types\/product"}],"replies":[{"embeddable":true,"href":"https:\/\/stylingagenten.com\/sv\/wp-json\/wp\/v2\/comments?post=12141"}],"version-history":[{"count":0,"href":"https:\/\/stylingagenten.com\/sv\/wp-json\/wp\/v2\/product\/12141\/revisions"}],"wp:featuredmedia":[{"embeddable":true,"href":"https:\/\/stylingagenten.com\/sv\/wp-json\/wp\/v2\/media\/12137"}],"wp:attachment":[{"href":"https:\/\/stylingagenten.com\/sv\/wp-json\/wp\/v2\/media?parent=12141"}],"wp:term":[{"taxonomy":"product_brand","embeddable":true,"href":"https:\/\/stylingagenten.com\/sv\/wp-json\/wp\/v2\/product_brand?post=12141"},{"taxonomy":"product_cat","embeddable":true,"href":"https:\/\/stylingagenten.com\/sv\/wp-json\/wp\/v2\/product_cat?post=12141"},{"taxonomy":"product_tag","embeddable":true,"href":"https:\/\/stylingagenten.com\/sv\/wp-json\/wp\/v2\/product_tag?post=12141"},{"taxonomy":"berocket_brand","embeddable":true,"href":"https:\/\/stylingagenten.com\/sv\/wp-json\/wp\/v2\/berocket_brand?post=12141"}],"curies":[{"name":"wp","href":"https:\/\/api.w.org\/{rel}","templated":true}]}}