{"id":12138,"date":"2025-01-24T11:41:14","date_gmt":"2025-01-24T11:41:14","guid":{"rendered":"https:\/\/staging2.stylingagenten.com\/sv\/produkt\/bjork-rena-scalp-treatment-200ml\/"},"modified":"2026-03-16T09:31:51","modified_gmt":"2026-03-16T09:31:51","slug":"bjork-rena-scalp-treatment-200ml","status":"publish","type":"product","link":"https:\/\/stylingagenten.com\/sv\/produkt\/bjork-rena-scalp-treatment-200ml\/","title":{"rendered":"Bj\u00f6rk RENA Scalp Treatment 200ml"},"content":{"rendered":"<p>Bj\u00f6rk RENA Scalp Treatment \u00e4r en effektiv h\u00e5r- och h\u00e5rbotteninpackning f\u00f6r torr, irriterad och kliande skalp. Skonsam och lugnande formula med den erk\u00e4nda anti-mj\u00e4llingrediensen Piroctone Olamine. Fuktigivande bj\u00f6rk-, r\u00f6dkl\u00f6ver- och sellerifr\u00f6extrakt som hj\u00e4lper till att skydda, lugna och balansera h\u00e5rbotten. Ger en svalkande, sk\u00f6n k\u00e4nsla i h\u00e5rbotten samtidigt som h\u00e5ret blir mjukt och \u00e5terfuktat.<\/p>\n<p>Doft: Uppfriskande doft av citrus och mentol.<\/p>\n<p>300 ml<\/p>\n","protected":false},"excerpt":{"rendered":"<p>Bj\u00f6rk RENA Scalp Treatment \u00e4r en effektiv h\u00e5r- och h\u00e5rbotteninpackning f\u00f6r torr, irriterad och kliande skalp. Skonsam och lugnande formula med den erk\u00e4nda anti-mj\u00e4llingrediensen Piroctone Olamine. Fuktigivande bj\u00f6rk-, r\u00f6dkl\u00f6ver- och sellerifr\u00f6extrakt som hj\u00e4lper till att skydda, lugna och balansera h\u00e5rbotten. Ger en svalkande, sk\u00f6n k\u00e4nsla i h\u00e5rbotten samtidigt som h\u00e5ret blir mjukt och \u00e5terfuktat. Doft: [&hellip;]<\/p>\n","protected":false},"featured_media":12136,"comment_status":"open","ping_status":"closed","template":"","meta":{"_trash_the_other_posts":false},"product_brand":[],"product_cat":[620],"product_tag":[],"berocket_brand":[1418],"class_list":{"0":"post-12138","1":"product","2":"type-product","3":"status-publish","4":"has-post-thumbnail","6":"product_cat-harinpackning","7":"pa_brand-bjork","8":"berocket_brand-bjork","10":"first","11":"instock","12":"sale","13":"taxable","14":"shipping-taxable","15":"purchasable","16":"product-type-simple"},"_links":{"self":[{"href":"https:\/\/stylingagenten.com\/sv\/wp-json\/wp\/v2\/product\/12138","targetHints":{"allow":["GET"]}}],"collection":[{"href":"https:\/\/stylingagenten.com\/sv\/wp-json\/wp\/v2\/product"}],"about":[{"href":"https:\/\/stylingagenten.com\/sv\/wp-json\/wp\/v2\/types\/product"}],"replies":[{"embeddable":true,"href":"https:\/\/stylingagenten.com\/sv\/wp-json\/wp\/v2\/comments?post=12138"}],"version-history":[{"count":0,"href":"https:\/\/stylingagenten.com\/sv\/wp-json\/wp\/v2\/product\/12138\/revisions"}],"wp:featuredmedia":[{"embeddable":true,"href":"https:\/\/stylingagenten.com\/sv\/wp-json\/wp\/v2\/media\/12136"}],"wp:attachment":[{"href":"https:\/\/stylingagenten.com\/sv\/wp-json\/wp\/v2\/media?parent=12138"}],"wp:term":[{"taxonomy":"product_brand","embeddable":true,"href":"https:\/\/stylingagenten.com\/sv\/wp-json\/wp\/v2\/product_brand?post=12138"},{"taxonomy":"product_cat","embeddable":true,"href":"https:\/\/stylingagenten.com\/sv\/wp-json\/wp\/v2\/product_cat?post=12138"},{"taxonomy":"product_tag","embeddable":true,"href":"https:\/\/stylingagenten.com\/sv\/wp-json\/wp\/v2\/product_tag?post=12138"},{"taxonomy":"berocket_brand","embeddable":true,"href":"https:\/\/stylingagenten.com\/sv\/wp-json\/wp\/v2\/berocket_brand?post=12138"}],"curies":[{"name":"wp","href":"https:\/\/api.w.org\/{rel}","templated":true}]}}