{"id":12123,"date":"2025-01-24T11:41:12","date_gmt":"2025-01-24T11:41:12","guid":{"rendered":"https:\/\/staging2.stylingagenten.com\/sv\/produkt\/bjork-forma-hart-strong-hold-wax-75ml\/"},"modified":"2026-03-25T06:58:27","modified_gmt":"2026-03-25T06:58:27","slug":"bjork-forma-hart-strong-hold-wax-75ml","status":"publish","type":"product","link":"https:\/\/stylingagenten.com\/sv\/produkt\/bjork-forma-hart-strong-hold-wax-75ml\/","title":{"rendered":"Bj\u00f6rk FORMA H\u00c5RT Strong Hold Wax 75ml"},"content":{"rendered":"<p>Bj\u00f6rk FORMA H\u00c5RT Strong Hold Wax \u00e4r ett vax med h\u00e5rd stadga f\u00f6r b\u00e5de kort och halvl\u00e5ngt h\u00e5r. V\u00e5rdande formula med sheasm\u00f6r och olivolja som formar och verkar antistatiskt. Ger starkt grepp, textur och en naturligt matt look.<\/p>\n<p>Doft: Frisk doft med inslag av \u00e4pple och mysk.<\/p>\n<p>75 ml<\/p>\n","protected":false},"excerpt":{"rendered":"<p>Bj\u00f6rk FORMA H\u00c5RT Strong Hold Wax \u00e4r ett vax med h\u00e5rd stadga f\u00f6r b\u00e5de kort och halvl\u00e5ngt h\u00e5r. V\u00e5rdande formula med sheasm\u00f6r och olivolja som formar och verkar antistatiskt. Ger starkt grepp, textur och en naturligt matt look. Doft: Frisk doft med inslag av \u00e4pple och mysk. 75 ml<\/p>\n","protected":false},"featured_media":12120,"comment_status":"open","ping_status":"closed","template":"","meta":{"_trash_the_other_posts":false},"product_brand":[],"product_cat":[700],"product_tag":[],"berocket_brand":[1418],"class_list":{"0":"post-12123","1":"product","2":"type-product","3":"status-publish","4":"has-post-thumbnail","6":"product_cat-vax","7":"pa_brand-bjork","8":"berocket_brand-bjork","10":"first","11":"instock","12":"sale","13":"taxable","14":"shipping-taxable","15":"purchasable","16":"product-type-simple"},"_links":{"self":[{"href":"https:\/\/stylingagenten.com\/sv\/wp-json\/wp\/v2\/product\/12123","targetHints":{"allow":["GET"]}}],"collection":[{"href":"https:\/\/stylingagenten.com\/sv\/wp-json\/wp\/v2\/product"}],"about":[{"href":"https:\/\/stylingagenten.com\/sv\/wp-json\/wp\/v2\/types\/product"}],"replies":[{"embeddable":true,"href":"https:\/\/stylingagenten.com\/sv\/wp-json\/wp\/v2\/comments?post=12123"}],"version-history":[{"count":0,"href":"https:\/\/stylingagenten.com\/sv\/wp-json\/wp\/v2\/product\/12123\/revisions"}],"wp:featuredmedia":[{"embeddable":true,"href":"https:\/\/stylingagenten.com\/sv\/wp-json\/wp\/v2\/media\/12120"}],"wp:attachment":[{"href":"https:\/\/stylingagenten.com\/sv\/wp-json\/wp\/v2\/media?parent=12123"}],"wp:term":[{"taxonomy":"product_brand","embeddable":true,"href":"https:\/\/stylingagenten.com\/sv\/wp-json\/wp\/v2\/product_brand?post=12123"},{"taxonomy":"product_cat","embeddable":true,"href":"https:\/\/stylingagenten.com\/sv\/wp-json\/wp\/v2\/product_cat?post=12123"},{"taxonomy":"product_tag","embeddable":true,"href":"https:\/\/stylingagenten.com\/sv\/wp-json\/wp\/v2\/product_tag?post=12123"},{"taxonomy":"berocket_brand","embeddable":true,"href":"https:\/\/stylingagenten.com\/sv\/wp-json\/wp\/v2\/berocket_brand?post=12123"}],"curies":[{"name":"wp","href":"https:\/\/api.w.org\/{rel}","templated":true}]}}