{"id":12112,"date":"2025-01-24T11:41:11","date_gmt":"2025-01-24T11:41:11","guid":{"rendered":"https:\/\/staging2.stylingagenten.com\/sv\/produkt\/bjork-forma-torr-brown-dry-shampoo-200ml\/"},"modified":"2026-03-16T09:31:22","modified_gmt":"2026-03-16T09:31:22","slug":"bjork-forma-torr-brown-dry-shampoo-200ml","status":"publish","type":"product","link":"https:\/\/stylingagenten.com\/sv\/produkt\/bjork-forma-torr-brown-dry-shampoo-200ml\/","title":{"rendered":"Bj\u00f6rk FORMA TORR Brown Dry Shampoo 200ml"},"content":{"rendered":"<p>Bj\u00f6rk FORMA TORR Brown Dry Shampoo \u00e4r ett torrschampo med bruna pigment som skapar ett fr\u00e4scht h\u00e5r p\u00e5 nolltid. H\u00f6gabsorberande formula som tar bort \u00f6verfl\u00f6diga oljor och neutraliserar o\u00f6nskade dofter. Ger en l\u00e4tt volym- och textureffekt. Inneh\u00e5ller r\u00e5vara fr\u00e5n bj\u00f6rk som fungerar lugnande och vitaliserande f\u00f6r h\u00e5rbotten. F\u00e5r h\u00e5ret att se, k\u00e4nnas och dofta rent. Fr\u00e4sch och fruktig doft med inslag av vattenmelon.<\/p>\n<p>Doft : Frisk och fruktig doft med inslag av vattenmelon.<\/p>\n<p>200 ml<\/p>\n","protected":false},"excerpt":{"rendered":"<p>Bj\u00f6rk FORMA TORR Brown Dry Shampoo \u00e4r ett torrschampo med bruna pigment som skapar ett fr\u00e4scht h\u00e5r p\u00e5 nolltid. H\u00f6gabsorberande formula som tar bort \u00f6verfl\u00f6diga oljor och neutraliserar o\u00f6nskade dofter. Ger en l\u00e4tt volym- och textureffekt. Inneh\u00e5ller r\u00e5vara fr\u00e5n bj\u00f6rk som fungerar lugnande och vitaliserande f\u00f6r h\u00e5rbotten. F\u00e5r h\u00e5ret att se, k\u00e4nnas och dofta rent. [&hellip;]<\/p>\n","protected":false},"featured_media":12109,"comment_status":"open","ping_status":"closed","template":"","meta":{"_trash_the_other_posts":false},"product_brand":[],"product_cat":[575],"product_tag":[],"berocket_brand":[1418],"class_list":{"0":"post-12112","1":"product","2":"type-product","3":"status-publish","4":"has-post-thumbnail","6":"product_cat-torrschampo","7":"pa_brand-bjork","8":"berocket_brand-bjork","10":"first","11":"instock","12":"sale","13":"taxable","14":"shipping-taxable","15":"purchasable","16":"product-type-simple"},"_links":{"self":[{"href":"https:\/\/stylingagenten.com\/sv\/wp-json\/wp\/v2\/product\/12112","targetHints":{"allow":["GET"]}}],"collection":[{"href":"https:\/\/stylingagenten.com\/sv\/wp-json\/wp\/v2\/product"}],"about":[{"href":"https:\/\/stylingagenten.com\/sv\/wp-json\/wp\/v2\/types\/product"}],"replies":[{"embeddable":true,"href":"https:\/\/stylingagenten.com\/sv\/wp-json\/wp\/v2\/comments?post=12112"}],"version-history":[{"count":0,"href":"https:\/\/stylingagenten.com\/sv\/wp-json\/wp\/v2\/product\/12112\/revisions"}],"wp:featuredmedia":[{"embeddable":true,"href":"https:\/\/stylingagenten.com\/sv\/wp-json\/wp\/v2\/media\/12109"}],"wp:attachment":[{"href":"https:\/\/stylingagenten.com\/sv\/wp-json\/wp\/v2\/media?parent=12112"}],"wp:term":[{"taxonomy":"product_brand","embeddable":true,"href":"https:\/\/stylingagenten.com\/sv\/wp-json\/wp\/v2\/product_brand?post=12112"},{"taxonomy":"product_cat","embeddable":true,"href":"https:\/\/stylingagenten.com\/sv\/wp-json\/wp\/v2\/product_cat?post=12112"},{"taxonomy":"product_tag","embeddable":true,"href":"https:\/\/stylingagenten.com\/sv\/wp-json\/wp\/v2\/product_tag?post=12112"},{"taxonomy":"berocket_brand","embeddable":true,"href":"https:\/\/stylingagenten.com\/sv\/wp-json\/wp\/v2\/berocket_brand?post=12112"}],"curies":[{"name":"wp","href":"https:\/\/api.w.org\/{rel}","templated":true}]}}