{"id":12104,"date":"2025-01-24T11:41:10","date_gmt":"2025-01-24T11:41:10","guid":{"rendered":"https:\/\/staging2.stylingagenten.com\/sv\/produkt\/bjork-rena-anti-dandruff-dry-scalp-shampoo-300ml\/"},"modified":"2026-03-20T11:37:24","modified_gmt":"2026-03-20T11:37:24","slug":"bjork-rena-anti-dandruff-dry-scalp-shampoo-300ml","status":"publish","type":"product","link":"https:\/\/stylingagenten.com\/sv\/produkt\/bjork-rena-anti-dandruff-dry-scalp-shampoo-300ml\/","title":{"rendered":"Bj\u00f6rk RENA Anti-Dandruff &amp; Dry Scalp Shampoo 300ml"},"content":{"rendered":"<p>Bj\u00f6rk RENA Anti-dandruff &amp; Dry Scalp Shampoo \u00e4r ett effektivt mj\u00e4llschampo som tar bort synliga flingor fr\u00e5n h\u00e5rbotten och f\u00f6rhindrar att nya mj\u00e4ll bildas. Behandlar och \u00e5terfuktar torr, irriterad, kliande och k\u00e4nslig h\u00e5rbotten. Har en lugnande formula med den erk\u00e4nda ingrediensenanti-mj\u00e4llingrediensen Piroctone Olamine, samt bj\u00f6rk- och aloe vera-extrakt som behandlar och balanserar h\u00e5rbotten samtidigt som h\u00e5ret blir mjukt. Milt parfymerad.<\/p>\n<p>Doft : Milt parfymerad med en frisk doft av citrus.<\/p>\n<p>300 ml<\/p>\n","protected":false},"excerpt":{"rendered":"<p>Bj\u00f6rk RENA Anti-dandruff &amp; Dry Scalp Shampoo \u00e4r ett effektivt mj\u00e4llschampo som tar bort synliga flingor fr\u00e5n h\u00e5rbotten och f\u00f6rhindrar att nya mj\u00e4ll bildas. Behandlar och \u00e5terfuktar torr, irriterad, kliande och k\u00e4nslig h\u00e5rbotten. Har en lugnande formula med den erk\u00e4nda ingrediensenanti-mj\u00e4llingrediensen Piroctone Olamine, samt bj\u00f6rk- och aloe vera-extrakt som behandlar och balanserar h\u00e5rbotten samtidigt som [&hellip;]<\/p>\n","protected":false},"featured_media":12102,"comment_status":"open","ping_status":"closed","template":"","meta":{"_trash_the_other_posts":false},"product_brand":[],"product_cat":[563],"product_tag":[],"berocket_brand":[1418],"class_list":{"0":"post-12104","1":"product","2":"type-product","3":"status-publish","4":"has-post-thumbnail","6":"product_cat-schampo","7":"pa_brand-bjork","8":"berocket_brand-bjork","10":"first","11":"instock","12":"sale","13":"taxable","14":"shipping-taxable","15":"purchasable","16":"product-type-simple"},"_links":{"self":[{"href":"https:\/\/stylingagenten.com\/sv\/wp-json\/wp\/v2\/product\/12104","targetHints":{"allow":["GET"]}}],"collection":[{"href":"https:\/\/stylingagenten.com\/sv\/wp-json\/wp\/v2\/product"}],"about":[{"href":"https:\/\/stylingagenten.com\/sv\/wp-json\/wp\/v2\/types\/product"}],"replies":[{"embeddable":true,"href":"https:\/\/stylingagenten.com\/sv\/wp-json\/wp\/v2\/comments?post=12104"}],"version-history":[{"count":0,"href":"https:\/\/stylingagenten.com\/sv\/wp-json\/wp\/v2\/product\/12104\/revisions"}],"wp:featuredmedia":[{"embeddable":true,"href":"https:\/\/stylingagenten.com\/sv\/wp-json\/wp\/v2\/media\/12102"}],"wp:attachment":[{"href":"https:\/\/stylingagenten.com\/sv\/wp-json\/wp\/v2\/media?parent=12104"}],"wp:term":[{"taxonomy":"product_brand","embeddable":true,"href":"https:\/\/stylingagenten.com\/sv\/wp-json\/wp\/v2\/product_brand?post=12104"},{"taxonomy":"product_cat","embeddable":true,"href":"https:\/\/stylingagenten.com\/sv\/wp-json\/wp\/v2\/product_cat?post=12104"},{"taxonomy":"product_tag","embeddable":true,"href":"https:\/\/stylingagenten.com\/sv\/wp-json\/wp\/v2\/product_tag?post=12104"},{"taxonomy":"berocket_brand","embeddable":true,"href":"https:\/\/stylingagenten.com\/sv\/wp-json\/wp\/v2\/berocket_brand?post=12104"}],"curies":[{"name":"wp","href":"https:\/\/api.w.org\/{rel}","templated":true}]}}