{"id":12100,"date":"2025-01-24T11:41:10","date_gmt":"2025-01-24T11:41:10","guid":{"rendered":"https:\/\/staging2.stylingagenten.com\/sv\/produkt\/bjork-forma-torr-dry-shampoo-200ml\/"},"modified":"2026-03-16T09:31:24","modified_gmt":"2026-03-16T09:31:24","slug":"bjork-forma-torr-dry-shampoo-200ml","status":"publish","type":"product","link":"https:\/\/stylingagenten.com\/sv\/produkt\/bjork-forma-torr-dry-shampoo-200ml\/","title":{"rendered":"Bj\u00f6rk FORMA TORR Dry Shampoo 200ml"},"content":{"rendered":"<p>Bj\u00f6rk FORMA TORR Dry Shampoo \u00e4r ett torrschampo som fr\u00e4schar upp h\u00e5ret och samtidigt ger textur och volym. H\u00f6gabsorberande formula som tar bort \u00f6verfl\u00f6digt talg och neutraliserar o\u00f6nskade dofter. G\u00f6r att h\u00e5ret ser, k\u00e4nns och doftar fr\u00e4scht p\u00e5 nolltid.<\/p>\n<p>Doft: Frisk och fruktig doft med inslag av vattenmelon.<\/p>\n<p>200 ml<\/p>\n","protected":false},"excerpt":{"rendered":"<p>Bj\u00f6rk FORMA TORR Dry Shampoo \u00e4r ett torrschampo som fr\u00e4schar upp h\u00e5ret och samtidigt ger textur och volym. H\u00f6gabsorberande formula som tar bort \u00f6verfl\u00f6digt talg och neutraliserar o\u00f6nskade dofter. G\u00f6r att h\u00e5ret ser, k\u00e4nns och doftar fr\u00e4scht p\u00e5 nolltid. Doft: Frisk och fruktig doft med inslag av vattenmelon. 200 ml<\/p>\n","protected":false},"featured_media":12098,"comment_status":"open","ping_status":"closed","template":"","meta":{"_trash_the_other_posts":false},"product_brand":[],"product_cat":[575],"product_tag":[],"berocket_brand":[1418],"class_list":{"0":"post-12100","1":"product","2":"type-product","3":"status-publish","4":"has-post-thumbnail","6":"product_cat-torrschampo","7":"pa_brand-bjork","8":"berocket_brand-bjork","10":"first","11":"instock","12":"sale","13":"taxable","14":"shipping-taxable","15":"purchasable","16":"product-type-simple"},"_links":{"self":[{"href":"https:\/\/stylingagenten.com\/sv\/wp-json\/wp\/v2\/product\/12100","targetHints":{"allow":["GET"]}}],"collection":[{"href":"https:\/\/stylingagenten.com\/sv\/wp-json\/wp\/v2\/product"}],"about":[{"href":"https:\/\/stylingagenten.com\/sv\/wp-json\/wp\/v2\/types\/product"}],"replies":[{"embeddable":true,"href":"https:\/\/stylingagenten.com\/sv\/wp-json\/wp\/v2\/comments?post=12100"}],"version-history":[{"count":0,"href":"https:\/\/stylingagenten.com\/sv\/wp-json\/wp\/v2\/product\/12100\/revisions"}],"wp:featuredmedia":[{"embeddable":true,"href":"https:\/\/stylingagenten.com\/sv\/wp-json\/wp\/v2\/media\/12098"}],"wp:attachment":[{"href":"https:\/\/stylingagenten.com\/sv\/wp-json\/wp\/v2\/media?parent=12100"}],"wp:term":[{"taxonomy":"product_brand","embeddable":true,"href":"https:\/\/stylingagenten.com\/sv\/wp-json\/wp\/v2\/product_brand?post=12100"},{"taxonomy":"product_cat","embeddable":true,"href":"https:\/\/stylingagenten.com\/sv\/wp-json\/wp\/v2\/product_cat?post=12100"},{"taxonomy":"product_tag","embeddable":true,"href":"https:\/\/stylingagenten.com\/sv\/wp-json\/wp\/v2\/product_tag?post=12100"},{"taxonomy":"berocket_brand","embeddable":true,"href":"https:\/\/stylingagenten.com\/sv\/wp-json\/wp\/v2\/berocket_brand?post=12100"}],"curies":[{"name":"wp","href":"https:\/\/api.w.org\/{rel}","templated":true}]}}