{"id":12095,"date":"2025-01-24T11:41:09","date_gmt":"2025-01-24T11:41:09","guid":{"rendered":"https:\/\/staging2.stylingagenten.com\/sv\/produkt\/nuxe-super-serum-the-universal-age-defying-eye-concentrate-15ml\/"},"modified":"2025-12-18T21:54:32","modified_gmt":"2025-12-18T21:54:32","slug":"nuxe-super-serum-the-universal-age-defying-eye-concentrate-15ml","status":"publish","type":"product","link":"https:\/\/stylingagenten.com\/sv\/produkt\/nuxe-super-serum-the-universal-age-defying-eye-concentrate-15ml\/","title":{"rendered":"Nuxe Super Serum The Universal Age-Defying Eye Concentrate 15ml"},"content":{"rendered":"<p>NUXE har anpassat anti-age-effekten hos Super Serum [10] till de specifika behoven i \u00f6gonomr\u00e5det. Nuxe Super Serum The Universal Age-Defying Eye Concentrate formula med hyaluronsyra och botaniskt koffein \u00e4r infunderad med tusentals mikrop\u00e4rlor av fraktionerad vegetabilisk olja. Ett universellt anti-age-koncentrat med effektivitet f\u00f6r en 360\u00b0 korrigering: rynkor, m\u00f6rka ringar, svullnader, tr\u00f6tthetstecken.<\/p>\n<p>15ml<\/p>\n","protected":false},"excerpt":{"rendered":"<p>NUXE har anpassat anti-age-effekten hos Super Serum [10] till de specifika behoven i \u00f6gonomr\u00e5det. Nuxe Super Serum The Universal Age-Defying Eye Concentrate formula med hyaluronsyra och botaniskt koffein \u00e4r infunderad med tusentals mikrop\u00e4rlor av fraktionerad vegetabilisk olja. Ett universellt anti-age-koncentrat med effektivitet f\u00f6r en 360\u00b0 korrigering: rynkor, m\u00f6rka ringar, svullnader, tr\u00f6tthetstecken. 15ml<\/p>\n","protected":false},"featured_media":12084,"comment_status":"open","ping_status":"closed","template":"","meta":{"_trash_the_other_posts":false},"product_brand":[],"product_cat":[623],"product_tag":[],"berocket_brand":[1024],"class_list":{"0":"post-12095","1":"product","2":"type-product","3":"status-publish","4":"has-post-thumbnail","6":"product_cat-ogonkram","7":"pa_brand-nuxe","8":"berocket_brand-nuxe","10":"first","11":"instock","12":"sale","13":"taxable","14":"shipping-taxable","15":"purchasable","16":"product-type-simple"},"_links":{"self":[{"href":"https:\/\/stylingagenten.com\/sv\/wp-json\/wp\/v2\/product\/12095","targetHints":{"allow":["GET"]}}],"collection":[{"href":"https:\/\/stylingagenten.com\/sv\/wp-json\/wp\/v2\/product"}],"about":[{"href":"https:\/\/stylingagenten.com\/sv\/wp-json\/wp\/v2\/types\/product"}],"replies":[{"embeddable":true,"href":"https:\/\/stylingagenten.com\/sv\/wp-json\/wp\/v2\/comments?post=12095"}],"version-history":[{"count":0,"href":"https:\/\/stylingagenten.com\/sv\/wp-json\/wp\/v2\/product\/12095\/revisions"}],"wp:featuredmedia":[{"embeddable":true,"href":"https:\/\/stylingagenten.com\/sv\/wp-json\/wp\/v2\/media\/12084"}],"wp:attachment":[{"href":"https:\/\/stylingagenten.com\/sv\/wp-json\/wp\/v2\/media?parent=12095"}],"wp:term":[{"taxonomy":"product_brand","embeddable":true,"href":"https:\/\/stylingagenten.com\/sv\/wp-json\/wp\/v2\/product_brand?post=12095"},{"taxonomy":"product_cat","embeddable":true,"href":"https:\/\/stylingagenten.com\/sv\/wp-json\/wp\/v2\/product_cat?post=12095"},{"taxonomy":"product_tag","embeddable":true,"href":"https:\/\/stylingagenten.com\/sv\/wp-json\/wp\/v2\/product_tag?post=12095"},{"taxonomy":"berocket_brand","embeddable":true,"href":"https:\/\/stylingagenten.com\/sv\/wp-json\/wp\/v2\/berocket_brand?post=12095"}],"curies":[{"name":"wp","href":"https:\/\/api.w.org\/{rel}","templated":true}]}}