{"id":12075,"date":"2025-01-24T11:41:06","date_gmt":"2025-01-24T11:41:06","guid":{"rendered":"https:\/\/staging2.stylingagenten.com\/sv\/produkt\/nuxe-merveillance-lift-eye-cream-15ml\/"},"modified":"2025-12-18T21:54:34","modified_gmt":"2025-12-18T21:54:34","slug":"nuxe-merveillance-lift-eye-cream-15ml","status":"publish","type":"product","link":"https:\/\/stylingagenten.com\/sv\/produkt\/nuxe-merveillance-lift-eye-cream-15ml\/","title":{"rendered":"Nuxe Merveillance Lift Eye Cream 15ml"},"content":{"rendered":"<p>Nuxe Merveillance Lift Eye Cream \u00e4r en uppstramande \u00f6gonkr\u00e4m \u00e4r berikad med en ultrakorrigerande mikroalgolja, en gr\u00f6n aktiv ingrediens som koncentrerar kraften fr\u00e5n 4 miljarder naturliga celler i en enda droppe f\u00f6r att st\u00e4rka din hud varje dag.<\/p>\n<p>Den otroliga utj\u00e4mnande effekten suddar omedelbart ut rynkor och tecken p\u00e5 tr\u00f6tthet och f\u00e5r \u00f6gonen att se mer ungdomliga ut fr\u00e5n f\u00f6rsta appliceringen.<\/p>\n<p>Anti-age-effekt och ultimat njutning med en l\u00e4tt doft som utvecklats speciellt f\u00f6r \u00f6gonomr\u00e5det.<\/p>\n<p>15ml<\/p>\n","protected":false},"excerpt":{"rendered":"<p>Nuxe Merveillance Lift Eye Cream \u00e4r en uppstramande \u00f6gonkr\u00e4m \u00e4r berikad med en ultrakorrigerande mikroalgolja, en gr\u00f6n aktiv ingrediens som koncentrerar kraften fr\u00e5n 4 miljarder naturliga celler i en enda droppe f\u00f6r att st\u00e4rka din hud varje dag. Den otroliga utj\u00e4mnande effekten suddar omedelbart ut rynkor och tecken p\u00e5 tr\u00f6tthet och f\u00e5r \u00f6gonen att se [&hellip;]<\/p>\n","protected":false},"featured_media":12047,"comment_status":"open","ping_status":"closed","template":"","meta":{"_trash_the_other_posts":false},"product_brand":[],"product_cat":[623],"product_tag":[],"berocket_brand":[1024],"class_list":{"0":"post-12075","1":"product","2":"type-product","3":"status-publish","4":"has-post-thumbnail","6":"product_cat-ogonkram","7":"pa_brand-nuxe","8":"berocket_brand-nuxe","10":"first","11":"instock","12":"sale","13":"taxable","14":"shipping-taxable","15":"purchasable","16":"product-type-simple"},"_links":{"self":[{"href":"https:\/\/stylingagenten.com\/sv\/wp-json\/wp\/v2\/product\/12075","targetHints":{"allow":["GET"]}}],"collection":[{"href":"https:\/\/stylingagenten.com\/sv\/wp-json\/wp\/v2\/product"}],"about":[{"href":"https:\/\/stylingagenten.com\/sv\/wp-json\/wp\/v2\/types\/product"}],"replies":[{"embeddable":true,"href":"https:\/\/stylingagenten.com\/sv\/wp-json\/wp\/v2\/comments?post=12075"}],"version-history":[{"count":0,"href":"https:\/\/stylingagenten.com\/sv\/wp-json\/wp\/v2\/product\/12075\/revisions"}],"wp:featuredmedia":[{"embeddable":true,"href":"https:\/\/stylingagenten.com\/sv\/wp-json\/wp\/v2\/media\/12047"}],"wp:attachment":[{"href":"https:\/\/stylingagenten.com\/sv\/wp-json\/wp\/v2\/media?parent=12075"}],"wp:term":[{"taxonomy":"product_brand","embeddable":true,"href":"https:\/\/stylingagenten.com\/sv\/wp-json\/wp\/v2\/product_brand?post=12075"},{"taxonomy":"product_cat","embeddable":true,"href":"https:\/\/stylingagenten.com\/sv\/wp-json\/wp\/v2\/product_cat?post=12075"},{"taxonomy":"product_tag","embeddable":true,"href":"https:\/\/stylingagenten.com\/sv\/wp-json\/wp\/v2\/product_tag?post=12075"},{"taxonomy":"berocket_brand","embeddable":true,"href":"https:\/\/stylingagenten.com\/sv\/wp-json\/wp\/v2\/berocket_brand?post=12075"}],"curies":[{"name":"wp","href":"https:\/\/api.w.org\/{rel}","templated":true}]}}