{"id":12069,"date":"2025-01-24T11:41:06","date_gmt":"2025-01-24T11:41:06","guid":{"rendered":"https:\/\/staging2.stylingagenten.com\/sv\/produkt\/nuxe-aquabella-beauty-revealing-essence-lotion-200ml\/"},"modified":"2026-04-12T18:58:25","modified_gmt":"2026-04-12T18:58:25","slug":"nuxe-aquabella-beauty-revealing-essence-lotion-200ml","status":"publish","type":"product","link":"https:\/\/stylingagenten.com\/sv\/produkt\/nuxe-aquabella-beauty-revealing-essence-lotion-200ml\/","title":{"rendered":"Nuxe Aquabella Beauty Revealing Essence Lotion 200ml"},"content":{"rendered":"<p>Nuxe Aquabella Beauty-Revealing Essence-Lotion \u00e4r ett exklusivt ansiktsvatten s\u00e4rskilt utvecklat f\u00f6r dig med kombinerad hy. Denna toner g\u00f6r mer \u00e4n bara att fr\u00e4scha upp huden \u2013 den f\u00f6rb\u00e4ttrar hudstrukturen och tajtar till porerna, vilket resulterar i ett j\u00e4mnare och mer str\u00e5lande utseende.<\/p>\n<p>Aquabella ansiktsvatten ger en balanserad, str\u00e5lande lyster som varar hela dagen. Oavsett om du k\u00e4mpar med oljiga eller torra partier, kommer denna lotion att ge dig en j\u00e4mn och frisk hy.<\/p>\n<p>200ml<\/p>\n","protected":false},"excerpt":{"rendered":"<p>Nuxe Aquabella Beauty-Revealing Essence-Lotion \u00e4r ett exklusivt ansiktsvatten s\u00e4rskilt utvecklat f\u00f6r dig med kombinerad hy. Denna toner g\u00f6r mer \u00e4n bara att fr\u00e4scha upp huden \u2013 den f\u00f6rb\u00e4ttrar hudstrukturen och tajtar till porerna, vilket resulterar i ett j\u00e4mnare och mer str\u00e5lande utseende. Aquabella ansiktsvatten ger en balanserad, str\u00e5lande lyster som varar hela dagen. Oavsett om [&hellip;]<\/p>\n","protected":false},"featured_media":12048,"comment_status":"open","ping_status":"closed","template":"","meta":{"_trash_the_other_posts":false},"product_brand":[],"product_cat":[571],"product_tag":[],"berocket_brand":[1024],"class_list":{"0":"post-12069","1":"product","2":"type-product","3":"status-publish","4":"has-post-thumbnail","6":"product_cat-ansiktsvatten","7":"pa_brand-nuxe","8":"berocket_brand-nuxe","10":"first","11":"instock","12":"sale","13":"taxable","14":"shipping-taxable","15":"purchasable","16":"product-type-simple"},"_links":{"self":[{"href":"https:\/\/stylingagenten.com\/sv\/wp-json\/wp\/v2\/product\/12069","targetHints":{"allow":["GET"]}}],"collection":[{"href":"https:\/\/stylingagenten.com\/sv\/wp-json\/wp\/v2\/product"}],"about":[{"href":"https:\/\/stylingagenten.com\/sv\/wp-json\/wp\/v2\/types\/product"}],"replies":[{"embeddable":true,"href":"https:\/\/stylingagenten.com\/sv\/wp-json\/wp\/v2\/comments?post=12069"}],"version-history":[{"count":0,"href":"https:\/\/stylingagenten.com\/sv\/wp-json\/wp\/v2\/product\/12069\/revisions"}],"wp:featuredmedia":[{"embeddable":true,"href":"https:\/\/stylingagenten.com\/sv\/wp-json\/wp\/v2\/media\/12048"}],"wp:attachment":[{"href":"https:\/\/stylingagenten.com\/sv\/wp-json\/wp\/v2\/media?parent=12069"}],"wp:term":[{"taxonomy":"product_brand","embeddable":true,"href":"https:\/\/stylingagenten.com\/sv\/wp-json\/wp\/v2\/product_brand?post=12069"},{"taxonomy":"product_cat","embeddable":true,"href":"https:\/\/stylingagenten.com\/sv\/wp-json\/wp\/v2\/product_cat?post=12069"},{"taxonomy":"product_tag","embeddable":true,"href":"https:\/\/stylingagenten.com\/sv\/wp-json\/wp\/v2\/product_tag?post=12069"},{"taxonomy":"berocket_brand","embeddable":true,"href":"https:\/\/stylingagenten.com\/sv\/wp-json\/wp\/v2\/berocket_brand?post=12069"}],"curies":[{"name":"wp","href":"https:\/\/api.w.org\/{rel}","templated":true}]}}