{"id":12065,"date":"2025-01-24T11:41:05","date_gmt":"2025-01-24T11:41:05","guid":{"rendered":"https:\/\/staging2.stylingagenten.com\/sv\/produkt\/nuxe-aquabella-beauty-revealing-moisturising-emulsion-50ml\/"},"modified":"2025-12-18T21:54:31","modified_gmt":"2025-12-18T21:54:31","slug":"nuxe-aquabella-beauty-revealing-moisturising-emulsion-50ml","status":"publish","type":"product","link":"https:\/\/stylingagenten.com\/sv\/produkt\/nuxe-aquabella-beauty-revealing-moisturising-emulsion-50ml\/","title":{"rendered":"Nuxe Aquabella Beauty Revealing Moisturising Emulsion 50ml"},"content":{"rendered":"<p>Nuxe Aquabella Beauty Revealing Moisturising Emulsion \u00e4r en l\u00e4tt kr\u00e4m som anpassar sig efter ansiktets olika behov, tillf\u00f6r fukt till torra omr\u00e5den med hj\u00e4lp av vit n\u00e4ckros medan den jobbar med att h\u00e5lla oljiga omr\u00e5den matta med silicapulver, som \u00e4ven exfolierar.<\/p>\n<p>50ml<\/p>\n","protected":false},"excerpt":{"rendered":"<p>Nuxe Aquabella Beauty Revealing Moisturising Emulsion \u00e4r en l\u00e4tt kr\u00e4m som anpassar sig efter ansiktets olika behov, tillf\u00f6r fukt till torra omr\u00e5den med hj\u00e4lp av vit n\u00e4ckros medan den jobbar med att h\u00e5lla oljiga omr\u00e5den matta med silicapulver, som \u00e4ven exfolierar. 50ml<\/p>\n","protected":false},"featured_media":12046,"comment_status":"open","ping_status":"closed","template":"","meta":{"_trash_the_other_posts":false},"product_brand":[],"product_cat":[559],"product_tag":[],"berocket_brand":[1024],"class_list":{"0":"post-12065","1":"product","2":"type-product","3":"status-publish","4":"has-post-thumbnail","6":"product_cat-ansiktskram","7":"pa_brand-nuxe","8":"berocket_brand-nuxe","10":"first","11":"instock","12":"sale","13":"taxable","14":"shipping-taxable","15":"purchasable","16":"product-type-simple"},"_links":{"self":[{"href":"https:\/\/stylingagenten.com\/sv\/wp-json\/wp\/v2\/product\/12065","targetHints":{"allow":["GET"]}}],"collection":[{"href":"https:\/\/stylingagenten.com\/sv\/wp-json\/wp\/v2\/product"}],"about":[{"href":"https:\/\/stylingagenten.com\/sv\/wp-json\/wp\/v2\/types\/product"}],"replies":[{"embeddable":true,"href":"https:\/\/stylingagenten.com\/sv\/wp-json\/wp\/v2\/comments?post=12065"}],"version-history":[{"count":0,"href":"https:\/\/stylingagenten.com\/sv\/wp-json\/wp\/v2\/product\/12065\/revisions"}],"wp:featuredmedia":[{"embeddable":true,"href":"https:\/\/stylingagenten.com\/sv\/wp-json\/wp\/v2\/media\/12046"}],"wp:attachment":[{"href":"https:\/\/stylingagenten.com\/sv\/wp-json\/wp\/v2\/media?parent=12065"}],"wp:term":[{"taxonomy":"product_brand","embeddable":true,"href":"https:\/\/stylingagenten.com\/sv\/wp-json\/wp\/v2\/product_brand?post=12065"},{"taxonomy":"product_cat","embeddable":true,"href":"https:\/\/stylingagenten.com\/sv\/wp-json\/wp\/v2\/product_cat?post=12065"},{"taxonomy":"product_tag","embeddable":true,"href":"https:\/\/stylingagenten.com\/sv\/wp-json\/wp\/v2\/product_tag?post=12065"},{"taxonomy":"berocket_brand","embeddable":true,"href":"https:\/\/stylingagenten.com\/sv\/wp-json\/wp\/v2\/berocket_brand?post=12065"}],"curies":[{"name":"wp","href":"https:\/\/api.w.org\/{rel}","templated":true}]}}