{"id":12062,"date":"2025-01-24T11:41:05","date_gmt":"2025-01-24T11:41:05","guid":{"rendered":"https:\/\/staging2.stylingagenten.com\/sv\/produkt\/maybelline-lash-sensational-sky-high-tinted-primer\/"},"modified":"2025-12-18T21:53:59","modified_gmt":"2025-12-18T21:53:59","slug":"maybelline-lash-sensational-sky-high-tinted-primer","status":"publish","type":"product","link":"https:\/\/stylingagenten.com\/sv\/produkt\/maybelline-lash-sensational-sky-high-tinted-primer\/","title":{"rendered":"Maybelline Lash Sensational Sky High Tinted Primer"},"content":{"rendered":"<p>Framh\u00e4v dina fransar med Lash Sensational Sky High Tinted Primer fr\u00e5n Maybelline New York,  en primer som ger fransarna upp till 1,5X volym* och extrem l\u00e4ngd**.  Primerns svarta formula framh\u00e4ver och bygger p\u00e5 fransarna f\u00f6r att ge l\u00e4ngd och f\u00f6rst\u00e4rka den volymgivande effekten &#8211; f\u00f6r l\u00e5nga, tjocka fransar utan klumpar! Lash Sensational Sky High Tinted Primer fr\u00e5n Maybelline New York \u00e4r berikad med ceramid och B5-vitamin och den v\u00e5rdande formulan f\u00e5r fransarna att k\u00e4nnas mjuka p\u00e5 bara 4 veckor***. Primern f\u00f6rl\u00e4nger, fyller ut och v\u00e5rdar dina fransar. Testad under oftalmologisk kontroll. Passar f\u00f6r k\u00e4nsliga \u00f6gon.<\/p>\n<p>*Jfr. med  endast Sky High Washable mascara.<\/p>\n<p>**Vid anv\u00e4ndning i kombination med Sky High Washable mascara.<\/p>\n<p>***Sj\u00e4lvutv\u00e4rdering, 147 personer<\/p>\n","protected":false},"excerpt":{"rendered":"<p>Framh\u00e4v dina fransar med Lash Sensational Sky High Tinted Primer fr\u00e5n Maybelline New York, en primer som ger fransarna upp till 1,5X volym* och extrem l\u00e4ngd**. Primerns svarta formula framh\u00e4ver och bygger p\u00e5 fransarna f\u00f6r att ge l\u00e4ngd och f\u00f6rst\u00e4rka den volymgivande effekten &#8211; f\u00f6r l\u00e5nga, tjocka fransar utan klumpar! Lash Sensational Sky High Tinted [&hellip;]<\/p>\n","protected":false},"featured_media":12042,"comment_status":"open","ping_status":"closed","template":"","meta":{"_trash_the_other_posts":false},"product_brand":[],"product_cat":[716],"product_tag":[],"berocket_brand":[1016],"class_list":{"0":"post-12062","1":"product","2":"type-product","3":"status-publish","4":"has-post-thumbnail","6":"product_cat-mascaraprimer","7":"pa_brand-maybelline","8":"berocket_brand-maybelline","10":"first","11":"instock","12":"sale","13":"taxable","14":"shipping-taxable","15":"purchasable","16":"product-type-simple"},"_links":{"self":[{"href":"https:\/\/stylingagenten.com\/sv\/wp-json\/wp\/v2\/product\/12062","targetHints":{"allow":["GET"]}}],"collection":[{"href":"https:\/\/stylingagenten.com\/sv\/wp-json\/wp\/v2\/product"}],"about":[{"href":"https:\/\/stylingagenten.com\/sv\/wp-json\/wp\/v2\/types\/product"}],"replies":[{"embeddable":true,"href":"https:\/\/stylingagenten.com\/sv\/wp-json\/wp\/v2\/comments?post=12062"}],"version-history":[{"count":0,"href":"https:\/\/stylingagenten.com\/sv\/wp-json\/wp\/v2\/product\/12062\/revisions"}],"wp:featuredmedia":[{"embeddable":true,"href":"https:\/\/stylingagenten.com\/sv\/wp-json\/wp\/v2\/media\/12042"}],"wp:attachment":[{"href":"https:\/\/stylingagenten.com\/sv\/wp-json\/wp\/v2\/media?parent=12062"}],"wp:term":[{"taxonomy":"product_brand","embeddable":true,"href":"https:\/\/stylingagenten.com\/sv\/wp-json\/wp\/v2\/product_brand?post=12062"},{"taxonomy":"product_cat","embeddable":true,"href":"https:\/\/stylingagenten.com\/sv\/wp-json\/wp\/v2\/product_cat?post=12062"},{"taxonomy":"product_tag","embeddable":true,"href":"https:\/\/stylingagenten.com\/sv\/wp-json\/wp\/v2\/product_tag?post=12062"},{"taxonomy":"berocket_brand","embeddable":true,"href":"https:\/\/stylingagenten.com\/sv\/wp-json\/wp\/v2\/berocket_brand?post=12062"}],"curies":[{"name":"wp","href":"https:\/\/api.w.org\/{rel}","templated":true}]}}