{"id":12036,"date":"2025-01-24T11:41:01","date_gmt":"2025-01-24T11:41:01","guid":{"rendered":"https:\/\/staging2.stylingagenten.com\/sv\/produkt\/orofluido-radiance-argan-mask-500ml\/"},"modified":"2026-04-11T10:18:38","modified_gmt":"2026-04-11T10:18:38","slug":"orofluido-radiance-argan-mask-500ml","status":"publish","type":"product","link":"https:\/\/stylingagenten.com\/sv\/produkt\/orofluido-radiance-argan-mask-500ml\/","title":{"rendered":"Orofluido Radiance Argan Mask 500ml"},"content":{"rendered":"<p>Orofluido Radiance Mask f\u00f6r h\u00e5ret \u00e4r berikad med arganolja. Det \u00e4r en intensiv vegansk h\u00e5rv\u00e5rdsbehandling som \u00e5terfuktar, reparerar, sl\u00e4tar ut och hj\u00e4lper till att \u00e5terst\u00e4lla h\u00e5rets sk\u00f6nhet. Denna intensiva behandling tr\u00e4nger in i h\u00e5rfibern f\u00f6r att reparera den fr\u00e5n insidan. Njut av Orofluido\u2019s signaturdoft medan Radiance Argan Mask \u00e5terfuktar, sl\u00e4tar ut och hj\u00e4lper till att \u00e5terst\u00e4lla h\u00e5rets sk\u00f6nhet.<\/p>\n<p>Passar alla h\u00e5rtyper som s\u00f6ker l\u00e5ngvarigt str\u00e5lande h\u00e5r. S\u00e4rskilt l\u00e4mplig f\u00f6r torrt och\/eller skadat h\u00e5r.<\/p>\n<p>500ml<\/p>\n","protected":false},"excerpt":{"rendered":"<p>Orofluido Radiance Mask f\u00f6r h\u00e5ret \u00e4r berikad med arganolja. Det \u00e4r en intensiv vegansk h\u00e5rv\u00e5rdsbehandling som \u00e5terfuktar, reparerar, sl\u00e4tar ut och hj\u00e4lper till att \u00e5terst\u00e4lla h\u00e5rets sk\u00f6nhet. Denna intensiva behandling tr\u00e4nger in i h\u00e5rfibern f\u00f6r att reparera den fr\u00e5n insidan. Njut av Orofluido\u2019s signaturdoft medan Radiance Argan Mask \u00e5terfuktar, sl\u00e4tar ut och hj\u00e4lper till att [&hellip;]<\/p>\n","protected":false},"featured_media":12035,"comment_status":"open","ping_status":"closed","template":"","meta":{"_trash_the_other_posts":false},"product_brand":[],"product_cat":[620],"product_tag":[3863],"berocket_brand":[1045],"class_list":{"0":"post-12036","1":"product","2":"type-product","3":"status-publish","4":"has-post-thumbnail","6":"product_cat-harinpackning","7":"product_tag-orofluido-radiance-argan-mask","8":"pa_brand-orofluido","9":"pa_variant-500ml","10":"berocket_brand-orofluido","12":"first","13":"instock","14":"sale","15":"taxable","16":"shipping-taxable","17":"purchasable","18":"product-type-simple"},"_links":{"self":[{"href":"https:\/\/stylingagenten.com\/sv\/wp-json\/wp\/v2\/product\/12036","targetHints":{"allow":["GET"]}}],"collection":[{"href":"https:\/\/stylingagenten.com\/sv\/wp-json\/wp\/v2\/product"}],"about":[{"href":"https:\/\/stylingagenten.com\/sv\/wp-json\/wp\/v2\/types\/product"}],"replies":[{"embeddable":true,"href":"https:\/\/stylingagenten.com\/sv\/wp-json\/wp\/v2\/comments?post=12036"}],"version-history":[{"count":0,"href":"https:\/\/stylingagenten.com\/sv\/wp-json\/wp\/v2\/product\/12036\/revisions"}],"wp:featuredmedia":[{"embeddable":true,"href":"https:\/\/stylingagenten.com\/sv\/wp-json\/wp\/v2\/media\/12035"}],"wp:attachment":[{"href":"https:\/\/stylingagenten.com\/sv\/wp-json\/wp\/v2\/media?parent=12036"}],"wp:term":[{"taxonomy":"product_brand","embeddable":true,"href":"https:\/\/stylingagenten.com\/sv\/wp-json\/wp\/v2\/product_brand?post=12036"},{"taxonomy":"product_cat","embeddable":true,"href":"https:\/\/stylingagenten.com\/sv\/wp-json\/wp\/v2\/product_cat?post=12036"},{"taxonomy":"product_tag","embeddable":true,"href":"https:\/\/stylingagenten.com\/sv\/wp-json\/wp\/v2\/product_tag?post=12036"},{"taxonomy":"berocket_brand","embeddable":true,"href":"https:\/\/stylingagenten.com\/sv\/wp-json\/wp\/v2\/berocket_brand?post=12036"}],"curies":[{"name":"wp","href":"https:\/\/api.w.org\/{rel}","templated":true}]}}