{"id":12032,"date":"2025-01-24T11:41:01","date_gmt":"2025-01-24T11:41:01","guid":{"rendered":"https:\/\/staging2.stylingagenten.com\/sv\/produkt\/milk_shake-lifestyling-liquid-styler-250ml\/"},"modified":"2026-03-11T21:59:19","modified_gmt":"2026-03-11T21:59:19","slug":"milk_shake-lifestyling-liquid-styler-250ml","status":"publish","type":"product","link":"https:\/\/stylingagenten.com\/sv\/produkt\/milk_shake-lifestyling-liquid-styler-250ml\/","title":{"rendered":"Milk_Shake Lifestyling Liquid Styler 250ml"},"content":{"rendered":"<p>Milk_Shake Lifestyling Liquid Styler \u00e4r en m\u00e5ngsidig stylingv\u00e4tska, idealisk f\u00f6r att skapa definition och mjuk, flexibel stadga med minnes effekt. Passar f\u00f6r alla frisyrer, f\u00f6r att l\u00e5ta h\u00e5ret torka naturligt, och f\u00f6r alla h\u00e5rtyper. L\u00e4mnar h\u00e5ret fylligt, mjukt och gl\u00e4nsande.<\/p>\n<p>250ml<\/p>\n","protected":false},"excerpt":{"rendered":"<p>Milk_Shake Lifestyling Liquid Styler \u00e4r en m\u00e5ngsidig stylingv\u00e4tska, idealisk f\u00f6r att skapa definition och mjuk, flexibel stadga med minnes effekt. Passar f\u00f6r alla frisyrer, f\u00f6r att l\u00e5ta h\u00e5ret torka naturligt, och f\u00f6r alla h\u00e5rtyper. L\u00e4mnar h\u00e5ret fylligt, mjukt och gl\u00e4nsande. 250ml<\/p>\n","protected":false},"featured_media":12029,"comment_status":"open","ping_status":"closed","template":"","meta":{"_trash_the_other_posts":false},"product_brand":[],"product_cat":[546],"product_tag":[],"berocket_brand":[1085],"class_list":{"0":"post-12032","1":"product","2":"type-product","3":"status-publish","4":"has-post-thumbnail","6":"product_cat-harstyling","7":"pa_brand-milk_shake","8":"berocket_brand-milk_shake","10":"first","11":"instock","12":"sale","13":"taxable","14":"shipping-taxable","15":"purchasable","16":"product-type-simple"},"_links":{"self":[{"href":"https:\/\/stylingagenten.com\/sv\/wp-json\/wp\/v2\/product\/12032","targetHints":{"allow":["GET"]}}],"collection":[{"href":"https:\/\/stylingagenten.com\/sv\/wp-json\/wp\/v2\/product"}],"about":[{"href":"https:\/\/stylingagenten.com\/sv\/wp-json\/wp\/v2\/types\/product"}],"replies":[{"embeddable":true,"href":"https:\/\/stylingagenten.com\/sv\/wp-json\/wp\/v2\/comments?post=12032"}],"version-history":[{"count":0,"href":"https:\/\/stylingagenten.com\/sv\/wp-json\/wp\/v2\/product\/12032\/revisions"}],"wp:featuredmedia":[{"embeddable":true,"href":"https:\/\/stylingagenten.com\/sv\/wp-json\/wp\/v2\/media\/12029"}],"wp:attachment":[{"href":"https:\/\/stylingagenten.com\/sv\/wp-json\/wp\/v2\/media?parent=12032"}],"wp:term":[{"taxonomy":"product_brand","embeddable":true,"href":"https:\/\/stylingagenten.com\/sv\/wp-json\/wp\/v2\/product_brand?post=12032"},{"taxonomy":"product_cat","embeddable":true,"href":"https:\/\/stylingagenten.com\/sv\/wp-json\/wp\/v2\/product_cat?post=12032"},{"taxonomy":"product_tag","embeddable":true,"href":"https:\/\/stylingagenten.com\/sv\/wp-json\/wp\/v2\/product_tag?post=12032"},{"taxonomy":"berocket_brand","embeddable":true,"href":"https:\/\/stylingagenten.com\/sv\/wp-json\/wp\/v2\/berocket_brand?post=12032"}],"curies":[{"name":"wp","href":"https:\/\/api.w.org\/{rel}","templated":true}]}}