{"id":11961,"date":"2025-01-24T11:40:52","date_gmt":"2025-01-24T11:40:52","guid":{"rendered":"https:\/\/staging2.stylingagenten.com\/sv\/produkt\/dermalogica-intensive-moisture-cleanser-150ml\/"},"modified":"2026-04-08T15:30:08","modified_gmt":"2026-04-08T15:30:08","slug":"dermalogica-intensive-moisture-cleanser-150ml","status":"publish","type":"product","link":"https:\/\/stylingagenten.com\/sv\/produkt\/dermalogica-intensive-moisture-cleanser-150ml\/","title":{"rendered":"Dermalogica Intensive Moisture Cleanser 150ml"},"content":{"rendered":"<p>Dermalogica Intensive Moisture Cleanser \u00e4r en kr\u00e4mig, vattenl\u00f6slig reng\u00f6ring som milt men effektivt avl\u00e4gsnar smutspartiklar och makeup. V\u00e5rdar och balanserar hudbarri\u00e4ren.<\/p>\n<p>-DEFI &#8211; Directly Esterified Fatty Isethionate.Lipidberikade surfaktanter som l\u00f6ser upp smuts och reng\u00f6r p\u00e5 ett skonsamt men effektivt s\u00e4tt.<br \/>\n<br \/>-BioReplenish Complex\u2122, samt extrakt fr\u00e5n kokosn\u00f6t och murumurusm\u00f6r: F\u00f6rst\u00e4rker hudens naturliga barri\u00e4r och motst\u00e5ndskraft mot yttre p\u00e5frestningar.<br \/>\n<br \/>-Eteriska oljor och extrakt fr\u00e5n grapefrukt, mandarin, citron, apelsin, palmarosa och jasmin: Vitaliserar gr\u00e5daskig, torr hud.<\/p>\n<p>150ml<\/p>\n","protected":false},"excerpt":{"rendered":"<p>Dermalogica Intensive Moisture Cleanser \u00e4r en kr\u00e4mig, vattenl\u00f6slig reng\u00f6ring som milt men effektivt avl\u00e4gsnar smutspartiklar och makeup. V\u00e5rdar och balanserar hudbarri\u00e4ren. -DEFI &#8211; Directly Esterified Fatty Isethionate.Lipidberikade surfaktanter som l\u00f6ser upp smuts och reng\u00f6r p\u00e5 ett skonsamt men effektivt s\u00e4tt. -BioReplenish Complex\u2122, samt extrakt fr\u00e5n kokosn\u00f6t och murumurusm\u00f6r: F\u00f6rst\u00e4rker hudens naturliga barri\u00e4r och motst\u00e5ndskraft mot [&hellip;]<\/p>\n","protected":false},"featured_media":11944,"comment_status":"open","ping_status":"closed","template":"","meta":{"_trash_the_other_posts":false},"product_brand":[],"product_cat":[609],"product_tag":[2823],"berocket_brand":[1420],"class_list":{"0":"post-11961","1":"product","2":"type-product","3":"status-publish","4":"has-post-thumbnail","6":"product_cat-ansiktsrengoring","7":"product_tag-dermalogica-intensive-moisture-cleanser","8":"pa_brand-dermalogica","9":"pa_variant-150ml","10":"berocket_brand-dermalogica","12":"first","13":"instock","14":"sale","15":"taxable","16":"shipping-taxable","17":"purchasable","18":"product-type-simple"},"_links":{"self":[{"href":"https:\/\/stylingagenten.com\/sv\/wp-json\/wp\/v2\/product\/11961","targetHints":{"allow":["GET"]}}],"collection":[{"href":"https:\/\/stylingagenten.com\/sv\/wp-json\/wp\/v2\/product"}],"about":[{"href":"https:\/\/stylingagenten.com\/sv\/wp-json\/wp\/v2\/types\/product"}],"replies":[{"embeddable":true,"href":"https:\/\/stylingagenten.com\/sv\/wp-json\/wp\/v2\/comments?post=11961"}],"version-history":[{"count":0,"href":"https:\/\/stylingagenten.com\/sv\/wp-json\/wp\/v2\/product\/11961\/revisions"}],"wp:featuredmedia":[{"embeddable":true,"href":"https:\/\/stylingagenten.com\/sv\/wp-json\/wp\/v2\/media\/11944"}],"wp:attachment":[{"href":"https:\/\/stylingagenten.com\/sv\/wp-json\/wp\/v2\/media?parent=11961"}],"wp:term":[{"taxonomy":"product_brand","embeddable":true,"href":"https:\/\/stylingagenten.com\/sv\/wp-json\/wp\/v2\/product_brand?post=11961"},{"taxonomy":"product_cat","embeddable":true,"href":"https:\/\/stylingagenten.com\/sv\/wp-json\/wp\/v2\/product_cat?post=11961"},{"taxonomy":"product_tag","embeddable":true,"href":"https:\/\/stylingagenten.com\/sv\/wp-json\/wp\/v2\/product_tag?post=11961"},{"taxonomy":"berocket_brand","embeddable":true,"href":"https:\/\/stylingagenten.com\/sv\/wp-json\/wp\/v2\/berocket_brand?post=11961"}],"curies":[{"name":"wp","href":"https:\/\/api.w.org\/{rel}","templated":true}]}}