{"id":11942,"date":"2025-01-24T11:40:51","date_gmt":"2025-01-24T11:40:51","guid":{"rendered":"https:\/\/staging2.stylingagenten.com\/sv\/produkt\/dermalogica-micellar-prebiotic-precleanse-150ml\/"},"modified":"2026-04-08T15:30:05","modified_gmt":"2026-04-08T15:30:05","slug":"dermalogica-micellar-prebiotic-precleanse-150ml","status":"publish","type":"product","link":"https:\/\/stylingagenten.com\/sv\/produkt\/dermalogica-micellar-prebiotic-precleanse-150ml\/","title":{"rendered":"Dermalogica Micellar Prebiotic PreCleanse 150ml"},"content":{"rendered":"<p>Dermalogica Micellar Prebiotic PreCleanse inneh\u00e5ller en bas av reng\u00f6rande havremj\u00f6lk och miceller. Miceller fungerar som magneter som skonsamt men effektivt lyfter bort smuts och makeup fr\u00e5n hudens yta. Med micell\u00e4r teknologi kan man b\u00e5de l\u00f6sa upp och kapsla in fett- och vattenl\u00f6sliga partiklar. Micellar Prebiotic PreCleanse tar din reng\u00f6ringsrutin ett steg l\u00e4ngre: f\u00f6rutom att den attraherar och l\u00f6ser upp makeup och orenheter med dess skonsamma miceller, s\u00e5 st\u00e4rker och \u00e5terst\u00e4ller den \u00e4ven hudens mikroflora med hj\u00e4lp av prebiotika. Detta g\u00f6r denna f\u00f6rtv\u00e4tt extra bra f\u00f6r k\u00e4nslig hud.<\/p>\n<p>Nyckelingredienser<br \/>\n<br \/>&#8211; Murumurusm\u00f6r (palmfruktsextrakt) l\u00f6ser upp och kapslar in fettbaserade smutspartiklar.<br \/>\n<br \/>&#8211; Havremj\u00f6lk med hudkonditionerande lipider som skonsamt reng\u00f6r.<br \/>\n<br \/>&#8211; Prebiotiskt komplex \u00e5terst\u00e4ller hudens mikroflora och f\u00f6rst\u00e4rker v\u00e4vnadens fuktbindande f\u00f6rm\u00e5ga.<br \/>\n<br \/>&#8211; Aprikosk\u00e4rnolja verkar antioxidativt och skyddar mot hudirritation.<br \/>\n<br \/>&#8211; Bomullsfr\u00f6extrakt \u00e4r rikt p\u00e5 aminosyror som st\u00e4rker hudbarri\u00e4ren.<\/p>\n<p>150 ml<\/p>\n","protected":false},"excerpt":{"rendered":"<p>Dermalogica Micellar Prebiotic PreCleanse inneh\u00e5ller en bas av reng\u00f6rande havremj\u00f6lk och miceller. Miceller fungerar som magneter som skonsamt men effektivt lyfter bort smuts och makeup fr\u00e5n hudens yta. Med micell\u00e4r teknologi kan man b\u00e5de l\u00f6sa upp och kapsla in fett- och vattenl\u00f6sliga partiklar. Micellar Prebiotic PreCleanse tar din reng\u00f6ringsrutin ett steg l\u00e4ngre: f\u00f6rutom att den [&hellip;]<\/p>\n","protected":false},"featured_media":11908,"comment_status":"open","ping_status":"closed","template":"","meta":{"_trash_the_other_posts":false},"product_brand":[],"product_cat":[609],"product_tag":[],"berocket_brand":[1420],"class_list":{"0":"post-11942","1":"product","2":"type-product","3":"status-publish","4":"has-post-thumbnail","6":"product_cat-ansiktsrengoring","7":"pa_brand-dermalogica","8":"berocket_brand-dermalogica","10":"first","11":"instock","12":"sale","13":"taxable","14":"shipping-taxable","15":"purchasable","16":"product-type-simple"},"_links":{"self":[{"href":"https:\/\/stylingagenten.com\/sv\/wp-json\/wp\/v2\/product\/11942","targetHints":{"allow":["GET"]}}],"collection":[{"href":"https:\/\/stylingagenten.com\/sv\/wp-json\/wp\/v2\/product"}],"about":[{"href":"https:\/\/stylingagenten.com\/sv\/wp-json\/wp\/v2\/types\/product"}],"replies":[{"embeddable":true,"href":"https:\/\/stylingagenten.com\/sv\/wp-json\/wp\/v2\/comments?post=11942"}],"version-history":[{"count":0,"href":"https:\/\/stylingagenten.com\/sv\/wp-json\/wp\/v2\/product\/11942\/revisions"}],"wp:featuredmedia":[{"embeddable":true,"href":"https:\/\/stylingagenten.com\/sv\/wp-json\/wp\/v2\/media\/11908"}],"wp:attachment":[{"href":"https:\/\/stylingagenten.com\/sv\/wp-json\/wp\/v2\/media?parent=11942"}],"wp:term":[{"taxonomy":"product_brand","embeddable":true,"href":"https:\/\/stylingagenten.com\/sv\/wp-json\/wp\/v2\/product_brand?post=11942"},{"taxonomy":"product_cat","embeddable":true,"href":"https:\/\/stylingagenten.com\/sv\/wp-json\/wp\/v2\/product_cat?post=11942"},{"taxonomy":"product_tag","embeddable":true,"href":"https:\/\/stylingagenten.com\/sv\/wp-json\/wp\/v2\/product_tag?post=11942"},{"taxonomy":"berocket_brand","embeddable":true,"href":"https:\/\/stylingagenten.com\/sv\/wp-json\/wp\/v2\/berocket_brand?post=11942"}],"curies":[{"name":"wp","href":"https:\/\/api.w.org\/{rel}","templated":true}]}}