{"id":11903,"date":"2025-01-24T11:40:47","date_gmt":"2025-01-24T11:40:47","guid":{"rendered":"https:\/\/staging2.stylingagenten.com\/sv\/produkt\/dermalogica-multi-active-toner-250ml\/"},"modified":"2026-04-08T15:30:36","modified_gmt":"2026-04-08T15:30:36","slug":"dermalogica-multi-active-toner-250ml","status":"publish","type":"product","link":"https:\/\/stylingagenten.com\/sv\/produkt\/dermalogica-multi-active-toner-250ml\/","title":{"rendered":"Dermalogica Multi-Active Toner 250ml"},"content":{"rendered":"<p>Dermalogica Multi-Active Toner \u00e4r en r\u00e4ddare i n\u00f6den n\u00e4r huden k\u00e4nns som ett uttorkat russin! Blandningen av fuktgivande aloe vera och lugnande lavendel k\u00e4nns mycket fr\u00e4sch.<\/p>\n<p>-Lavendel: lugnande och reng\u00f6rande.<br \/>\n<br \/>-Citronmeliss och aloe vera: svalkar och binder fukt.<br \/>\n<br \/>-Extrakt av arnica och gurka: verkar uppfr\u00e4schande och konditionerar huden.<\/p>\n<p>150ml<\/p>\n","protected":false},"excerpt":{"rendered":"<p>Dermalogica Multi-Active Toner \u00e4r en r\u00e4ddare i n\u00f6den n\u00e4r huden k\u00e4nns som ett uttorkat russin! Blandningen av fuktgivande aloe vera och lugnande lavendel k\u00e4nns mycket fr\u00e4sch. -Lavendel: lugnande och reng\u00f6rande. -Citronmeliss och aloe vera: svalkar och binder fukt. -Extrakt av arnica och gurka: verkar uppfr\u00e4schande och konditionerar huden. 150ml<\/p>\n","protected":false},"featured_media":11885,"comment_status":"open","ping_status":"closed","template":"","meta":{"_trash_the_other_posts":false},"product_brand":[],"product_cat":[571],"product_tag":[],"berocket_brand":[1420],"class_list":{"0":"post-11903","1":"product","2":"type-product","3":"status-publish","4":"has-post-thumbnail","6":"product_cat-ansiktsvatten","7":"pa_brand-dermalogica","8":"berocket_brand-dermalogica","10":"first","11":"instock","12":"sale","13":"taxable","14":"shipping-taxable","15":"purchasable","16":"product-type-simple"},"_links":{"self":[{"href":"https:\/\/stylingagenten.com\/sv\/wp-json\/wp\/v2\/product\/11903","targetHints":{"allow":["GET"]}}],"collection":[{"href":"https:\/\/stylingagenten.com\/sv\/wp-json\/wp\/v2\/product"}],"about":[{"href":"https:\/\/stylingagenten.com\/sv\/wp-json\/wp\/v2\/types\/product"}],"replies":[{"embeddable":true,"href":"https:\/\/stylingagenten.com\/sv\/wp-json\/wp\/v2\/comments?post=11903"}],"version-history":[{"count":0,"href":"https:\/\/stylingagenten.com\/sv\/wp-json\/wp\/v2\/product\/11903\/revisions"}],"wp:featuredmedia":[{"embeddable":true,"href":"https:\/\/stylingagenten.com\/sv\/wp-json\/wp\/v2\/media\/11885"}],"wp:attachment":[{"href":"https:\/\/stylingagenten.com\/sv\/wp-json\/wp\/v2\/media?parent=11903"}],"wp:term":[{"taxonomy":"product_brand","embeddable":true,"href":"https:\/\/stylingagenten.com\/sv\/wp-json\/wp\/v2\/product_brand?post=11903"},{"taxonomy":"product_cat","embeddable":true,"href":"https:\/\/stylingagenten.com\/sv\/wp-json\/wp\/v2\/product_cat?post=11903"},{"taxonomy":"product_tag","embeddable":true,"href":"https:\/\/stylingagenten.com\/sv\/wp-json\/wp\/v2\/product_tag?post=11903"},{"taxonomy":"berocket_brand","embeddable":true,"href":"https:\/\/stylingagenten.com\/sv\/wp-json\/wp\/v2\/berocket_brand?post=11903"}],"curies":[{"name":"wp","href":"https:\/\/api.w.org\/{rel}","templated":true}]}}