{"id":11864,"date":"2025-01-24T11:40:44","date_gmt":"2025-01-24T11:40:44","guid":{"rendered":"https:\/\/staging2.stylingagenten.com\/sv\/produkt\/dermalogica-intensive-moisture-balance-15ml\/"},"modified":"2026-04-08T15:30:10","modified_gmt":"2026-04-08T15:30:10","slug":"dermalogica-intensive-moisture-balance-15ml","status":"publish","type":"product","link":"https:\/\/stylingagenten.com\/sv\/produkt\/dermalogica-intensive-moisture-balance-15ml\/","title":{"rendered":"Dermalogica Intensive Moisture Balance 15ml"},"content":{"rendered":"<p>Dermalogica Intensive Moisture Balance \u00e4r en djupg\u00e5ende, v\u00e5rdande och n\u00e4rande mjukg\u00f6rare som \u00e5terst\u00e4ller hudens skyddande barri\u00e4r och motverkar torr, fettfattig hud. Intensive Moisture Balance \u00e4r berikad med BioReplenish Complex\u2122, som i utf\u00f6rda tester visar sig f\u00f6rst\u00e4rka hudens egna skyddande barri\u00e4rlipider. En exklusiv blandning av strukturf\u00f6rb\u00e4ttrande v\u00e4xtextrakt, antioxidativa vitaminer och st\u00e4rkande fuktgivare \u00e5terst\u00e4ller samtidigt som skador fr\u00e5n fria radikaler motverkas.<\/p>\n<p>&#8211; BioReplenish Complex\u2122: St\u00e4rker och \u00e5terst\u00e4ller hudens skyddande barri\u00e4rlipider.<br \/>\n<br \/>&#8211; Prebiotiskt algextrakt (Chlorella Vulgaris): \u00c5terst\u00e4ller och balanserar hudens naturliga mikroflora genom att fr\u00e4mja de goda hudbakterierna (S.Epidermidis) samt reducera de skadliga bakteriernas aktivitet (S.Aureus).<br \/>\n<br \/>&#8211; Hyaluronsyra tillsammans med r\u00f6d solhatt, tiger\u00f6rt och aloe vera: F\u00f6rseglar fukt f\u00f6r att f\u00f6rb\u00e4ttra hudens barri\u00e4rfunktion samt reducerar intrycket av fina linjer.<\/p>\n<p>15ml<\/p>\n","protected":false},"excerpt":{"rendered":"<p>Dermalogica Intensive Moisture Balance \u00e4r en djupg\u00e5ende, v\u00e5rdande och n\u00e4rande mjukg\u00f6rare som \u00e5terst\u00e4ller hudens skyddande barri\u00e4r och motverkar torr, fettfattig hud. Intensive Moisture Balance \u00e4r berikad med BioReplenish Complex\u2122, som i utf\u00f6rda tester visar sig f\u00f6rst\u00e4rka hudens egna skyddande barri\u00e4rlipider. En exklusiv blandning av strukturf\u00f6rb\u00e4ttrande v\u00e4xtextrakt, antioxidativa vitaminer och st\u00e4rkande fuktgivare \u00e5terst\u00e4ller samtidigt som skador [&hellip;]<\/p>\n","protected":false},"featured_media":11850,"comment_status":"open","ping_status":"closed","template":"","meta":{"_trash_the_other_posts":false},"product_brand":[],"product_cat":[559],"product_tag":[2822],"berocket_brand":[1420],"class_list":{"0":"post-11864","1":"product","2":"type-product","3":"status-publish","4":"has-post-thumbnail","6":"product_cat-ansiktskram","7":"product_tag-dermalogica-intensive-moisture-balance","8":"pa_brand-dermalogica","9":"pa_variant-15ml","10":"berocket_brand-dermalogica","12":"first","13":"instock","14":"sale","15":"taxable","16":"shipping-taxable","17":"purchasable","18":"product-type-simple"},"_links":{"self":[{"href":"https:\/\/stylingagenten.com\/sv\/wp-json\/wp\/v2\/product\/11864","targetHints":{"allow":["GET"]}}],"collection":[{"href":"https:\/\/stylingagenten.com\/sv\/wp-json\/wp\/v2\/product"}],"about":[{"href":"https:\/\/stylingagenten.com\/sv\/wp-json\/wp\/v2\/types\/product"}],"replies":[{"embeddable":true,"href":"https:\/\/stylingagenten.com\/sv\/wp-json\/wp\/v2\/comments?post=11864"}],"version-history":[{"count":0,"href":"https:\/\/stylingagenten.com\/sv\/wp-json\/wp\/v2\/product\/11864\/revisions"}],"wp:featuredmedia":[{"embeddable":true,"href":"https:\/\/stylingagenten.com\/sv\/wp-json\/wp\/v2\/media\/11850"}],"wp:attachment":[{"href":"https:\/\/stylingagenten.com\/sv\/wp-json\/wp\/v2\/media?parent=11864"}],"wp:term":[{"taxonomy":"product_brand","embeddable":true,"href":"https:\/\/stylingagenten.com\/sv\/wp-json\/wp\/v2\/product_brand?post=11864"},{"taxonomy":"product_cat","embeddable":true,"href":"https:\/\/stylingagenten.com\/sv\/wp-json\/wp\/v2\/product_cat?post=11864"},{"taxonomy":"product_tag","embeddable":true,"href":"https:\/\/stylingagenten.com\/sv\/wp-json\/wp\/v2\/product_tag?post=11864"},{"taxonomy":"berocket_brand","embeddable":true,"href":"https:\/\/stylingagenten.com\/sv\/wp-json\/wp\/v2\/berocket_brand?post=11864"}],"curies":[{"name":"wp","href":"https:\/\/api.w.org\/{rel}","templated":true}]}}