{"id":11819,"date":"2025-01-24T11:40:40","date_gmt":"2025-01-24T11:40:40","guid":{"rendered":"https:\/\/staging2.stylingagenten.com\/sv\/produkt\/dermalogica-skin-smoothing-cream-15ml\/"},"modified":"2026-04-08T15:30:40","modified_gmt":"2026-04-08T15:30:40","slug":"dermalogica-skin-smoothing-cream-15ml","status":"publish","type":"product","link":"https:\/\/stylingagenten.com\/sv\/produkt\/dermalogica-skin-smoothing-cream-15ml\/","title":{"rendered":"Dermalogica Skin Smoothing Cream 15ml"},"content":{"rendered":"<p>Dermalogica Skin Smoothing Cream \u00e4r en mediuml\u00e4tt mjukg\u00f6rare som bevarar hudens fuktbalans samt struktur. Innovativa ingredienser s\u00e5som Active HydraMesh Technology\u2122 har en l\u00e5ngtidsverkande, \u00e5terfuktande effekt p\u00e5 hudens \u00f6vre lager. Active HydraMesh Technology\u2122 bildar ocks\u00e5 ett osynligt skydd mot yttre p\u00e5frestningar och balanserar hudens mikroflora.<\/p>\n<p>-Active HydraMesh Technology\u2122: genomfuktar huden och st\u00e4rker dess skydd.<br \/>\n<br \/>-Ett komplex med malva, gurka och arnika mjukg\u00f6r och lugnar.<br \/>\n<br \/>-Vindruvsk\u00e4rnextrakt motverkar skador orsakade av fria radikaler.<br \/>\n<br \/>-Vitamin C st\u00e4rker hudens egna skydd mot oxidativ stress.<br \/>\n<br \/>-Vitamin E mjukg\u00f6r huden.<\/p>\n<p>15ml<\/p>\n","protected":false},"excerpt":{"rendered":"<p>Dermalogica Skin Smoothing Cream \u00e4r en mediuml\u00e4tt mjukg\u00f6rare som bevarar hudens fuktbalans samt struktur. Innovativa ingredienser s\u00e5som Active HydraMesh Technology\u2122 har en l\u00e5ngtidsverkande, \u00e5terfuktande effekt p\u00e5 hudens \u00f6vre lager. Active HydraMesh Technology\u2122 bildar ocks\u00e5 ett osynligt skydd mot yttre p\u00e5frestningar och balanserar hudens mikroflora. -Active HydraMesh Technology\u2122: genomfuktar huden och st\u00e4rker dess skydd. -Ett komplex [&hellip;]<\/p>\n","protected":false},"featured_media":11803,"comment_status":"open","ping_status":"closed","template":"","meta":{"_trash_the_other_posts":false},"product_brand":[],"product_cat":[559],"product_tag":[2825],"berocket_brand":[1420],"class_list":{"0":"post-11819","1":"product","2":"type-product","3":"status-publish","4":"has-post-thumbnail","6":"product_cat-ansiktskram","7":"product_tag-dermalogica-skin-smoothing-cream","8":"pa_brand-dermalogica","9":"pa_variant-15ml","10":"berocket_brand-dermalogica","12":"first","13":"instock","14":"sale","15":"taxable","16":"shipping-taxable","17":"purchasable","18":"product-type-simple"},"_links":{"self":[{"href":"https:\/\/stylingagenten.com\/sv\/wp-json\/wp\/v2\/product\/11819","targetHints":{"allow":["GET"]}}],"collection":[{"href":"https:\/\/stylingagenten.com\/sv\/wp-json\/wp\/v2\/product"}],"about":[{"href":"https:\/\/stylingagenten.com\/sv\/wp-json\/wp\/v2\/types\/product"}],"replies":[{"embeddable":true,"href":"https:\/\/stylingagenten.com\/sv\/wp-json\/wp\/v2\/comments?post=11819"}],"version-history":[{"count":0,"href":"https:\/\/stylingagenten.com\/sv\/wp-json\/wp\/v2\/product\/11819\/revisions"}],"wp:featuredmedia":[{"embeddable":true,"href":"https:\/\/stylingagenten.com\/sv\/wp-json\/wp\/v2\/media\/11803"}],"wp:attachment":[{"href":"https:\/\/stylingagenten.com\/sv\/wp-json\/wp\/v2\/media?parent=11819"}],"wp:term":[{"taxonomy":"product_brand","embeddable":true,"href":"https:\/\/stylingagenten.com\/sv\/wp-json\/wp\/v2\/product_brand?post=11819"},{"taxonomy":"product_cat","embeddable":true,"href":"https:\/\/stylingagenten.com\/sv\/wp-json\/wp\/v2\/product_cat?post=11819"},{"taxonomy":"product_tag","embeddable":true,"href":"https:\/\/stylingagenten.com\/sv\/wp-json\/wp\/v2\/product_tag?post=11819"},{"taxonomy":"berocket_brand","embeddable":true,"href":"https:\/\/stylingagenten.com\/sv\/wp-json\/wp\/v2\/berocket_brand?post=11819"}],"curies":[{"name":"wp","href":"https:\/\/api.w.org\/{rel}","templated":true}]}}