{"id":11790,"date":"2025-01-24T11:40:37","date_gmt":"2025-01-24T11:40:37","guid":{"rendered":"https:\/\/staging2.stylingagenten.com\/sv\/produkt\/dermalogica-age-smart-daily-superfoliant-57g\/"},"modified":"2026-04-08T15:30:34","modified_gmt":"2026-04-08T15:30:34","slug":"dermalogica-age-smart-daily-superfoliant-57g","status":"publish","type":"product","link":"https:\/\/stylingagenten.com\/sv\/produkt\/dermalogica-age-smart-daily-superfoliant-57g\/","title":{"rendered":"Dermalogica AGE Smart Daily Superfoliant 57g"},"content":{"rendered":"<p>Dermalogica AGE Smart Daily Superfoliant\u2122 \u00e4r en h\u00f6gaktiv pulverexfoliering som g\u00f6r huden ultrasl\u00e4t och bek\u00e4mpar de faktorer fr\u00e5n omgivningen som accelererar hud\u00e5ldrande. Vid utvecklandet av Daily Superfoliant har Dermalogica tagit h\u00e4nsyn till de biverkningar som luftf\u00f6rorenande partiklar kan ha p\u00e5 huden. D\u00e4rf\u00f6r har man inte bara inkluderat ingredienser som avl\u00e4gsnar partiklarna, utan \u00e4ven inkluderat ingredienser som hj\u00e4lper till att st\u00e4rka hudcellerna och som g\u00f6r huden sl\u00e4t och j\u00e4mn.<\/p>\n<p>\u2022Aktivt kol j\u00e4mnar ut hudytans struktur och avl\u00e4gsnar f\u00f6roreningar samt \u00f6verskottstalg.<br \/>\n<br \/>\u2022Niacinamid (vitamin B3) verkar talgreglerande och antioxidativt.<br \/>\n<br \/>\u2022En trio av kraftfulla enzymer: Papain exfolierar, j\u00e4mnar ut hudtonen och ger lyster. Lipas l\u00f6ser snabbt och effektivt djupare inkapslingar av sebum, fettbaserade f\u00f6roreningar och smuts utan att p\u00e5verka hudens naturliga barri\u00e4rlipider. Subtilisin stimulerar cellf\u00f6rnyelse.<\/p>\n<p>57 g<\/p>\n","protected":false},"excerpt":{"rendered":"<p>Dermalogica AGE Smart Daily Superfoliant\u2122 \u00e4r en h\u00f6gaktiv pulverexfoliering som g\u00f6r huden ultrasl\u00e4t och bek\u00e4mpar de faktorer fr\u00e5n omgivningen som accelererar hud\u00e5ldrande. Vid utvecklandet av Daily Superfoliant har Dermalogica tagit h\u00e4nsyn till de biverkningar som luftf\u00f6rorenande partiklar kan ha p\u00e5 huden. D\u00e4rf\u00f6r har man inte bara inkluderat ingredienser som avl\u00e4gsnar partiklarna, utan \u00e4ven inkluderat ingredienser [&hellip;]<\/p>\n","protected":false},"featured_media":11765,"comment_status":"open","ping_status":"closed","template":"","meta":{"_trash_the_other_posts":false},"product_brand":[],"product_cat":[619],"product_tag":[],"berocket_brand":[1420],"class_list":{"0":"post-11790","1":"product","2":"type-product","3":"status-publish","4":"has-post-thumbnail","6":"product_cat-ansiktspeeling","7":"pa_brand-dermalogica","8":"berocket_brand-dermalogica","10":"first","11":"instock","12":"sale","13":"taxable","14":"shipping-taxable","15":"purchasable","16":"product-type-simple"},"_links":{"self":[{"href":"https:\/\/stylingagenten.com\/sv\/wp-json\/wp\/v2\/product\/11790","targetHints":{"allow":["GET"]}}],"collection":[{"href":"https:\/\/stylingagenten.com\/sv\/wp-json\/wp\/v2\/product"}],"about":[{"href":"https:\/\/stylingagenten.com\/sv\/wp-json\/wp\/v2\/types\/product"}],"replies":[{"embeddable":true,"href":"https:\/\/stylingagenten.com\/sv\/wp-json\/wp\/v2\/comments?post=11790"}],"version-history":[{"count":0,"href":"https:\/\/stylingagenten.com\/sv\/wp-json\/wp\/v2\/product\/11790\/revisions"}],"wp:featuredmedia":[{"embeddable":true,"href":"https:\/\/stylingagenten.com\/sv\/wp-json\/wp\/v2\/media\/11765"}],"wp:attachment":[{"href":"https:\/\/stylingagenten.com\/sv\/wp-json\/wp\/v2\/media?parent=11790"}],"wp:term":[{"taxonomy":"product_brand","embeddable":true,"href":"https:\/\/stylingagenten.com\/sv\/wp-json\/wp\/v2\/product_brand?post=11790"},{"taxonomy":"product_cat","embeddable":true,"href":"https:\/\/stylingagenten.com\/sv\/wp-json\/wp\/v2\/product_cat?post=11790"},{"taxonomy":"product_tag","embeddable":true,"href":"https:\/\/stylingagenten.com\/sv\/wp-json\/wp\/v2\/product_tag?post=11790"},{"taxonomy":"berocket_brand","embeddable":true,"href":"https:\/\/stylingagenten.com\/sv\/wp-json\/wp\/v2\/berocket_brand?post=11790"}],"curies":[{"name":"wp","href":"https:\/\/api.w.org\/{rel}","templated":true}]}}