{"id":11784,"date":"2025-01-24T11:40:36","date_gmt":"2025-01-24T11:40:36","guid":{"rendered":"https:\/\/staging2.stylingagenten.com\/sv\/produkt\/dermalogica-ultracalming-mist-177ml\/"},"modified":"2026-04-08T15:30:38","modified_gmt":"2026-04-08T15:30:38","slug":"dermalogica-ultracalming-mist-177ml","status":"publish","type":"product","link":"https:\/\/stylingagenten.com\/sv\/produkt\/dermalogica-ultracalming-mist-177ml\/","title":{"rendered":"Dermalogica UltraCalming Mist 177ml"},"content":{"rendered":"<p>Dermalogica UltraCalming Mist \u00e4r en lugnande fuktspray som omedelbart d\u00e4mpar hudirritation och k\u00e4nslan av stramhet. Kan anv\u00e4ndas n\u00e4r som under dagen &#8211; direkt efter reng\u00f6ring, innan mjukg\u00f6rare och \u00e4ven \u00f6ver makeup. F\u00f6r k\u00e4nslig eller sensitiviserad hy.<\/p>\n<p>Nyckelingredienser:<br \/>\n<br \/>\u2022 UltraCalming Complex (punarnava, havre, ingef\u00e4ra, kamomill): reducerar rodnad, hudirritation och inflammation<br \/>\n<br \/>\u2022 Avenatramider (Hydroxyphenylpropamidobenzoinsyra): syntetiskt framst\u00e4llt havrekoncentrat som har extra h\u00f6g f\u00f6rm\u00e5ga att lugna huden.<br \/>\n<br \/>\u2022 Aloe vera: lugnar och binder fukt.<\/p>\n<p>177ml<\/p>\n","protected":false},"excerpt":{"rendered":"<p>Dermalogica UltraCalming Mist \u00e4r en lugnande fuktspray som omedelbart d\u00e4mpar hudirritation och k\u00e4nslan av stramhet. Kan anv\u00e4ndas n\u00e4r som under dagen &#8211; direkt efter reng\u00f6ring, innan mjukg\u00f6rare och \u00e4ven \u00f6ver makeup. F\u00f6r k\u00e4nslig eller sensitiviserad hy. Nyckelingredienser: \u2022 UltraCalming Complex (punarnava, havre, ingef\u00e4ra, kamomill): reducerar rodnad, hudirritation och inflammation \u2022 Avenatramider (Hydroxyphenylpropamidobenzoinsyra): syntetiskt framst\u00e4llt havrekoncentrat [&hellip;]<\/p>\n","protected":false},"featured_media":11758,"comment_status":"open","ping_status":"closed","template":"","meta":{"_trash_the_other_posts":false},"product_brand":[],"product_cat":[571],"product_tag":[],"berocket_brand":[1420],"class_list":{"0":"post-11784","1":"product","2":"type-product","3":"status-publish","4":"has-post-thumbnail","6":"product_cat-ansiktsvatten","7":"pa_brand-dermalogica","8":"berocket_brand-dermalogica","10":"first","11":"instock","12":"sale","13":"taxable","14":"shipping-taxable","15":"purchasable","16":"product-type-simple"},"_links":{"self":[{"href":"https:\/\/stylingagenten.com\/sv\/wp-json\/wp\/v2\/product\/11784","targetHints":{"allow":["GET"]}}],"collection":[{"href":"https:\/\/stylingagenten.com\/sv\/wp-json\/wp\/v2\/product"}],"about":[{"href":"https:\/\/stylingagenten.com\/sv\/wp-json\/wp\/v2\/types\/product"}],"replies":[{"embeddable":true,"href":"https:\/\/stylingagenten.com\/sv\/wp-json\/wp\/v2\/comments?post=11784"}],"version-history":[{"count":0,"href":"https:\/\/stylingagenten.com\/sv\/wp-json\/wp\/v2\/product\/11784\/revisions"}],"wp:featuredmedia":[{"embeddable":true,"href":"https:\/\/stylingagenten.com\/sv\/wp-json\/wp\/v2\/media\/11758"}],"wp:attachment":[{"href":"https:\/\/stylingagenten.com\/sv\/wp-json\/wp\/v2\/media?parent=11784"}],"wp:term":[{"taxonomy":"product_brand","embeddable":true,"href":"https:\/\/stylingagenten.com\/sv\/wp-json\/wp\/v2\/product_brand?post=11784"},{"taxonomy":"product_cat","embeddable":true,"href":"https:\/\/stylingagenten.com\/sv\/wp-json\/wp\/v2\/product_cat?post=11784"},{"taxonomy":"product_tag","embeddable":true,"href":"https:\/\/stylingagenten.com\/sv\/wp-json\/wp\/v2\/product_tag?post=11784"},{"taxonomy":"berocket_brand","embeddable":true,"href":"https:\/\/stylingagenten.com\/sv\/wp-json\/wp\/v2\/berocket_brand?post=11784"}],"curies":[{"name":"wp","href":"https:\/\/api.w.org\/{rel}","templated":true}]}}