{"id":11772,"date":"2025-01-24T11:40:35","date_gmt":"2025-01-24T11:40:35","guid":{"rendered":"https:\/\/staging2.stylingagenten.com\/sv\/produkt\/dermalogica-ultracalming-cleanser-250ml\/"},"modified":"2026-04-08T15:30:31","modified_gmt":"2026-04-08T15:30:31","slug":"dermalogica-ultracalming-cleanser-250ml","status":"publish","type":"product","link":"https:\/\/stylingagenten.com\/sv\/produkt\/dermalogica-ultracalming-cleanser-250ml\/","title":{"rendered":"Dermalogica UltraCalming Cleanser 250ml"},"content":{"rendered":"<p>Dermalogica UltraCalming Cleanser \u00e4r en milt reng\u00f6rande och svalkande gelcreme. Lyfter skonsamt bort smuts, \u00e4ven p\u00e5 \u00f6gonomr\u00e5det. Avl\u00e4gsnas enkelt med vatten eller med mjuk tv\u00e4ttlapp.<\/p>\n<p>-UltraCalming\u2122 Complex (punarnava, havre, ingef\u00e4ra, kamomill): reducerar rodnad, hudirritation och inflammation.<br \/>\n<br \/>-Hallonextrakt: d\u00e4mpar rodnad och irritation.<br \/>\n<br \/>-Lavendelextrakt: lugnar och verkar renande.<\/p>\n<p>250ml<\/p>\n","protected":false},"excerpt":{"rendered":"<p>Dermalogica UltraCalming Cleanser \u00e4r en milt reng\u00f6rande och svalkande gelcreme. Lyfter skonsamt bort smuts, \u00e4ven p\u00e5 \u00f6gonomr\u00e5det. Avl\u00e4gsnas enkelt med vatten eller med mjuk tv\u00e4ttlapp. -UltraCalming\u2122 Complex (punarnava, havre, ingef\u00e4ra, kamomill): reducerar rodnad, hudirritation och inflammation. -Hallonextrakt: d\u00e4mpar rodnad och irritation. -Lavendelextrakt: lugnar och verkar renande. 250ml<\/p>\n","protected":false},"featured_media":11745,"comment_status":"open","ping_status":"closed","template":"","meta":{"_trash_the_other_posts":false},"product_brand":[],"product_cat":[609],"product_tag":[2827],"berocket_brand":[1420],"class_list":{"0":"post-11772","1":"product","2":"type-product","3":"status-publish","4":"has-post-thumbnail","6":"product_cat-ansiktsrengoring","7":"product_tag-dermalogica-ultracalming-cleanser","8":"pa_brand-dermalogica","9":"pa_variant-250ml","10":"berocket_brand-dermalogica","12":"first","13":"instock","14":"sale","15":"taxable","16":"shipping-taxable","17":"purchasable","18":"product-type-simple"},"_links":{"self":[{"href":"https:\/\/stylingagenten.com\/sv\/wp-json\/wp\/v2\/product\/11772","targetHints":{"allow":["GET"]}}],"collection":[{"href":"https:\/\/stylingagenten.com\/sv\/wp-json\/wp\/v2\/product"}],"about":[{"href":"https:\/\/stylingagenten.com\/sv\/wp-json\/wp\/v2\/types\/product"}],"replies":[{"embeddable":true,"href":"https:\/\/stylingagenten.com\/sv\/wp-json\/wp\/v2\/comments?post=11772"}],"version-history":[{"count":0,"href":"https:\/\/stylingagenten.com\/sv\/wp-json\/wp\/v2\/product\/11772\/revisions"}],"wp:featuredmedia":[{"embeddable":true,"href":"https:\/\/stylingagenten.com\/sv\/wp-json\/wp\/v2\/media\/11745"}],"wp:attachment":[{"href":"https:\/\/stylingagenten.com\/sv\/wp-json\/wp\/v2\/media?parent=11772"}],"wp:term":[{"taxonomy":"product_brand","embeddable":true,"href":"https:\/\/stylingagenten.com\/sv\/wp-json\/wp\/v2\/product_brand?post=11772"},{"taxonomy":"product_cat","embeddable":true,"href":"https:\/\/stylingagenten.com\/sv\/wp-json\/wp\/v2\/product_cat?post=11772"},{"taxonomy":"product_tag","embeddable":true,"href":"https:\/\/stylingagenten.com\/sv\/wp-json\/wp\/v2\/product_tag?post=11772"},{"taxonomy":"berocket_brand","embeddable":true,"href":"https:\/\/stylingagenten.com\/sv\/wp-json\/wp\/v2\/berocket_brand?post=11772"}],"curies":[{"name":"wp","href":"https:\/\/api.w.org\/{rel}","templated":true}]}}