{"id":11767,"date":"2025-01-24T11:40:35","date_gmt":"2025-01-24T11:40:35","guid":{"rendered":"https:\/\/staging2.stylingagenten.com\/sv\/produkt\/dermalogica-age-smart-age-reversal-eye-complex-15ml\/"},"modified":"2026-04-08T15:30:24","modified_gmt":"2026-04-08T15:30:24","slug":"dermalogica-age-smart-age-reversal-eye-complex-15ml","status":"publish","type":"product","link":"https:\/\/stylingagenten.com\/sv\/produkt\/dermalogica-age-smart-age-reversal-eye-complex-15ml\/","title":{"rendered":"Dermalogica AGE Smart Age Reversal Eye Complex 15ml"},"content":{"rendered":"<p>Dermalogica AGE Smart Age Reversal Eye Complex hj\u00e4lper till att backa hud\u00e5ldrandet, bli av med kr\u00e5ksparkarna! Effektiv behandling med retinol och aktiva peptider som tar sig an linjer och rynkor pigmentf\u00f6r\u00e4ndringar, p\u00e5sar under \u00f6gonen och torr hud.<\/p>\n<p>\u2022Retinol: reducerar tecken p\u00e5 solorsakat hud\u00e5ldrande genom att minimera fina linjer och f\u00f6rb\u00e4ttra struktur.<br \/>\n<br \/>\u2022Argin-lysin-polypeptid, soja och vitt te: AGE smart-komplex som verkar antioxidativt och st\u00e4rkande.<br \/>\n<br \/>\u2022Natriumaskorbylfosfat: stabil form av vitamin C som neutraliserar fria radikaler och stimulerar kollagensyntes.<\/p>\n<p>15 ml<\/p>\n","protected":false},"excerpt":{"rendered":"<p>Dermalogica AGE Smart Age Reversal Eye Complex hj\u00e4lper till att backa hud\u00e5ldrandet, bli av med kr\u00e5ksparkarna! Effektiv behandling med retinol och aktiva peptider som tar sig an linjer och rynkor pigmentf\u00f6r\u00e4ndringar, p\u00e5sar under \u00f6gonen och torr hud. \u2022Retinol: reducerar tecken p\u00e5 solorsakat hud\u00e5ldrande genom att minimera fina linjer och f\u00f6rb\u00e4ttra struktur. \u2022Argin-lysin-polypeptid, soja och vitt [&hellip;]<\/p>\n","protected":false},"featured_media":11747,"comment_status":"open","ping_status":"closed","template":"","meta":{"_trash_the_other_posts":false},"product_brand":[],"product_cat":[623],"product_tag":[],"berocket_brand":[1420],"class_list":{"0":"post-11767","1":"product","2":"type-product","3":"status-publish","4":"has-post-thumbnail","6":"product_cat-ogonkram","7":"pa_brand-dermalogica","8":"berocket_brand-dermalogica","10":"first","11":"instock","12":"sale","13":"taxable","14":"shipping-taxable","15":"purchasable","16":"product-type-simple"},"_links":{"self":[{"href":"https:\/\/stylingagenten.com\/sv\/wp-json\/wp\/v2\/product\/11767","targetHints":{"allow":["GET"]}}],"collection":[{"href":"https:\/\/stylingagenten.com\/sv\/wp-json\/wp\/v2\/product"}],"about":[{"href":"https:\/\/stylingagenten.com\/sv\/wp-json\/wp\/v2\/types\/product"}],"replies":[{"embeddable":true,"href":"https:\/\/stylingagenten.com\/sv\/wp-json\/wp\/v2\/comments?post=11767"}],"version-history":[{"count":0,"href":"https:\/\/stylingagenten.com\/sv\/wp-json\/wp\/v2\/product\/11767\/revisions"}],"wp:featuredmedia":[{"embeddable":true,"href":"https:\/\/stylingagenten.com\/sv\/wp-json\/wp\/v2\/media\/11747"}],"wp:attachment":[{"href":"https:\/\/stylingagenten.com\/sv\/wp-json\/wp\/v2\/media?parent=11767"}],"wp:term":[{"taxonomy":"product_brand","embeddable":true,"href":"https:\/\/stylingagenten.com\/sv\/wp-json\/wp\/v2\/product_brand?post=11767"},{"taxonomy":"product_cat","embeddable":true,"href":"https:\/\/stylingagenten.com\/sv\/wp-json\/wp\/v2\/product_cat?post=11767"},{"taxonomy":"product_tag","embeddable":true,"href":"https:\/\/stylingagenten.com\/sv\/wp-json\/wp\/v2\/product_tag?post=11767"},{"taxonomy":"berocket_brand","embeddable":true,"href":"https:\/\/stylingagenten.com\/sv\/wp-json\/wp\/v2\/berocket_brand?post=11767"}],"curies":[{"name":"wp","href":"https:\/\/api.w.org\/{rel}","templated":true}]}}