{"id":11726,"date":"2025-01-24T11:40:31","date_gmt":"2025-01-24T11:40:31","guid":{"rendered":"https:\/\/staging2.stylingagenten.com\/sv\/produkt\/dermalogica-age-smart-antioxidant-hydramist-150ml\/"},"modified":"2026-04-08T15:30:21","modified_gmt":"2026-04-08T15:30:21","slug":"dermalogica-age-smart-antioxidant-hydramist-150ml","status":"publish","type":"product","link":"https:\/\/stylingagenten.com\/sv\/produkt\/dermalogica-age-smart-antioxidant-hydramist-150ml\/","title":{"rendered":"Dermalogica AGE Smart Antioxidant HydraMist 150ml"},"content":{"rendered":"<p>Dermalogica AGE Smart Antioxidant HydraMist \u00e4r en dkyddande fuktspray som har omedelbart utsl\u00e4tande effekt. Denna mist skapar ocks\u00e5 en antioxidativ sk\u00f6ld som st\u00e4rker hudbarri\u00e4ren mot angrepp fr\u00e5n fria radikaler.<\/p>\n<p>Nyckelingredienser:<br \/>\n<br \/>&#8211; Vitamin C: boostar kollagenbildning och verkar antioxidativt.<br \/>\n<br \/>&#8211; Peptider: strukturf\u00f6rb\u00e4ttrande proteinfragment som stimulerar kollagensyntes, f\u00f6rb\u00e4ttrar sp\u00e4nst och elasticitet.<br \/>\n<br \/>&#8211; V\u00e4xtextrakt fr\u00e5n bambu och \u00e4rta: \u00e5terfuktar och ger en flash firming-effekt.<\/p>\n<p>150ml<\/p>\n","protected":false},"excerpt":{"rendered":"<p>Dermalogica AGE Smart Antioxidant HydraMist \u00e4r en dkyddande fuktspray som har omedelbart utsl\u00e4tande effekt. Denna mist skapar ocks\u00e5 en antioxidativ sk\u00f6ld som st\u00e4rker hudbarri\u00e4ren mot angrepp fr\u00e5n fria radikaler. Nyckelingredienser: &#8211; Vitamin C: boostar kollagenbildning och verkar antioxidativt. &#8211; Peptider: strukturf\u00f6rb\u00e4ttrande proteinfragment som stimulerar kollagensyntes, f\u00f6rb\u00e4ttrar sp\u00e4nst och elasticitet. &#8211; V\u00e4xtextrakt fr\u00e5n bambu och \u00e4rta: [&hellip;]<\/p>\n","protected":false},"featured_media":11703,"comment_status":"open","ping_status":"closed","template":"","meta":{"_trash_the_other_posts":false},"product_brand":[],"product_cat":[571],"product_tag":[],"berocket_brand":[1420],"class_list":{"0":"post-11726","1":"product","2":"type-product","3":"status-publish","4":"has-post-thumbnail","6":"product_cat-ansiktsvatten","7":"pa_brand-dermalogica","8":"berocket_brand-dermalogica","10":"first","11":"instock","12":"sale","13":"taxable","14":"shipping-taxable","15":"purchasable","16":"product-type-simple"},"_links":{"self":[{"href":"https:\/\/stylingagenten.com\/sv\/wp-json\/wp\/v2\/product\/11726","targetHints":{"allow":["GET"]}}],"collection":[{"href":"https:\/\/stylingagenten.com\/sv\/wp-json\/wp\/v2\/product"}],"about":[{"href":"https:\/\/stylingagenten.com\/sv\/wp-json\/wp\/v2\/types\/product"}],"replies":[{"embeddable":true,"href":"https:\/\/stylingagenten.com\/sv\/wp-json\/wp\/v2\/comments?post=11726"}],"version-history":[{"count":0,"href":"https:\/\/stylingagenten.com\/sv\/wp-json\/wp\/v2\/product\/11726\/revisions"}],"wp:featuredmedia":[{"embeddable":true,"href":"https:\/\/stylingagenten.com\/sv\/wp-json\/wp\/v2\/media\/11703"}],"wp:attachment":[{"href":"https:\/\/stylingagenten.com\/sv\/wp-json\/wp\/v2\/media?parent=11726"}],"wp:term":[{"taxonomy":"product_brand","embeddable":true,"href":"https:\/\/stylingagenten.com\/sv\/wp-json\/wp\/v2\/product_brand?post=11726"},{"taxonomy":"product_cat","embeddable":true,"href":"https:\/\/stylingagenten.com\/sv\/wp-json\/wp\/v2\/product_cat?post=11726"},{"taxonomy":"product_tag","embeddable":true,"href":"https:\/\/stylingagenten.com\/sv\/wp-json\/wp\/v2\/product_tag?post=11726"},{"taxonomy":"berocket_brand","embeddable":true,"href":"https:\/\/stylingagenten.com\/sv\/wp-json\/wp\/v2\/berocket_brand?post=11726"}],"curies":[{"name":"wp","href":"https:\/\/api.w.org\/{rel}","templated":true}]}}