{"id":11637,"date":"2025-01-24T11:40:21","date_gmt":"2025-01-24T11:40:21","guid":{"rendered":"https:\/\/staging2.stylingagenten.com\/sv\/produkt\/roberto-cavalli-signature-edp-100ml\/"},"modified":"2026-03-11T22:04:25","modified_gmt":"2026-03-11T22:04:25","slug":"roberto-cavalli-signature-edp-100ml","status":"publish","type":"product","link":"https:\/\/stylingagenten.com\/sv\/produkt\/roberto-cavalli-signature-edp-100ml\/","title":{"rendered":"Roberto Cavalli Signature Edp 100ml"},"content":{"rendered":"<p>Roberto Cavalli Signature Edp \u00e4r en parfym f\u00f6r kvinnor som perfekt passar till speciella och festliga tillf\u00e4llen.<\/p>\n<p>Doftnoter: Apelsinblom, b\u00e4rnsten, benzoin, ros\u00e9peppar, tonka och vanilj.<\/p>\n<p>100ml<\/p>\n","protected":false},"excerpt":{"rendered":"<p>Roberto Cavalli Signature Edp \u00e4r en parfym f\u00f6r kvinnor som perfekt passar till speciella och festliga tillf\u00e4llen. Doftnoter: Apelsinblom, b\u00e4rnsten, benzoin, ros\u00e9peppar, tonka och vanilj. 100ml<\/p>\n","protected":false},"featured_media":11632,"comment_status":"open","ping_status":"closed","template":"","meta":{"_trash_the_other_posts":false},"product_brand":[],"product_cat":[706,735,999,1006],"product_tag":[],"berocket_brand":[1074],"class_list":{"0":"post-11637","1":"product","2":"type-product","3":"status-publish","4":"has-post-thumbnail","6":"product_cat-eau-de-parfum-dam","7":"product_cat-kampanj","8":"product_cat-kampanj-for-henne","9":"product_cat-kampanjpris","10":"pa_brand-roberto-cavalli","11":"berocket_brand-roberto-cavalli","13":"first","14":"instock","15":"sale","16":"taxable","17":"shipping-taxable","18":"purchasable","19":"product-type-simple"},"_links":{"self":[{"href":"https:\/\/stylingagenten.com\/sv\/wp-json\/wp\/v2\/product\/11637","targetHints":{"allow":["GET"]}}],"collection":[{"href":"https:\/\/stylingagenten.com\/sv\/wp-json\/wp\/v2\/product"}],"about":[{"href":"https:\/\/stylingagenten.com\/sv\/wp-json\/wp\/v2\/types\/product"}],"replies":[{"embeddable":true,"href":"https:\/\/stylingagenten.com\/sv\/wp-json\/wp\/v2\/comments?post=11637"}],"version-history":[{"count":0,"href":"https:\/\/stylingagenten.com\/sv\/wp-json\/wp\/v2\/product\/11637\/revisions"}],"wp:featuredmedia":[{"embeddable":true,"href":"https:\/\/stylingagenten.com\/sv\/wp-json\/wp\/v2\/media\/11632"}],"wp:attachment":[{"href":"https:\/\/stylingagenten.com\/sv\/wp-json\/wp\/v2\/media?parent=11637"}],"wp:term":[{"taxonomy":"product_brand","embeddable":true,"href":"https:\/\/stylingagenten.com\/sv\/wp-json\/wp\/v2\/product_brand?post=11637"},{"taxonomy":"product_cat","embeddable":true,"href":"https:\/\/stylingagenten.com\/sv\/wp-json\/wp\/v2\/product_cat?post=11637"},{"taxonomy":"product_tag","embeddable":true,"href":"https:\/\/stylingagenten.com\/sv\/wp-json\/wp\/v2\/product_tag?post=11637"},{"taxonomy":"berocket_brand","embeddable":true,"href":"https:\/\/stylingagenten.com\/sv\/wp-json\/wp\/v2\/berocket_brand?post=11637"}],"curies":[{"name":"wp","href":"https:\/\/api.w.org\/{rel}","templated":true}]}}