{"id":11607,"date":"2025-01-24T11:40:18","date_gmt":"2025-01-24T11:40:18","guid":{"rendered":"https:\/\/staging2.stylingagenten.com\/sv\/produkt\/billie-eilish-eilish-no-2-edp-100ml\/"},"modified":"2026-04-08T15:31:01","modified_gmt":"2026-04-08T15:31:01","slug":"billie-eilish-eilish-no-2-edp-100ml","status":"publish","type":"product","link":"https:\/\/stylingagenten.com\/sv\/produkt\/billie-eilish-eilish-no-2-edp-100ml\/","title":{"rendered":"Billie Eilish Eilish No.2 Edp 100ml"},"content":{"rendered":"<p>Billie Eilish Eilish No.2 Edp \u00e4r en sensuell och magnetisk doft som uppmuntrar dig att utforska din personliga, dj\u00e4rva och f\u00f6rf\u00f6riska sida. Parfymen har en fr\u00e4sch \u00f6ppning med noter av italiensk bergamott och \u00e4ppelblomma. I hj\u00e4rtat finns en tr\u00e4ig, jordn\u00e4ra kryddighet av papyrus och svartpeppar med en kontrast av vilda, daggiga vallmoblommor. Basnoterna av tr\u00e4ig palo santo och ebenholts \u00e4r skickligt insvepta i en metallisk, nyanserad sl\u00f6ja av mysk som full\u00e4ndar upplevelsen.<\/p>\n<p>Topp: Bergamott, \u00e4ppelblomma<br \/>\n<br \/>Hj\u00e4rta: Papyrus, svartpeppar, vallmoblomma<br \/>\n<br \/>Bas: Palo sant, ebenholts, mysk<\/p>\n<p>100ml<\/p>\n","protected":false},"excerpt":{"rendered":"<p>Billie Eilish Eilish No.2 Edp \u00e4r en sensuell och magnetisk doft som uppmuntrar dig att utforska din personliga, dj\u00e4rva och f\u00f6rf\u00f6riska sida. Parfymen har en fr\u00e4sch \u00f6ppning med noter av italiensk bergamott och \u00e4ppelblomma. I hj\u00e4rtat finns en tr\u00e4ig, jordn\u00e4ra kryddighet av papyrus och svartpeppar med en kontrast av vilda, daggiga vallmoblommor. Basnoterna av tr\u00e4ig [&hellip;]<\/p>\n","protected":false},"featured_media":11588,"comment_status":"open","ping_status":"closed","template":"","meta":{"_trash_the_other_posts":false},"product_brand":[],"product_cat":[706,1006],"product_tag":[2557],"berocket_brand":[1419],"class_list":{"0":"post-11607","1":"product","2":"type-product","3":"status-publish","4":"has-post-thumbnail","6":"product_cat-eau-de-parfum-dam","7":"product_cat-kampanjpris","8":"product_tag-billie-eilish-eilish-no-2-edp","9":"pa_brand-billie-eilish","10":"pa_variant-100ml","11":"berocket_brand-billie-eilish","13":"first","14":"outofstock","15":"sale","16":"taxable","17":"shipping-taxable","18":"purchasable","19":"product-type-simple"},"_links":{"self":[{"href":"https:\/\/stylingagenten.com\/sv\/wp-json\/wp\/v2\/product\/11607","targetHints":{"allow":["GET"]}}],"collection":[{"href":"https:\/\/stylingagenten.com\/sv\/wp-json\/wp\/v2\/product"}],"about":[{"href":"https:\/\/stylingagenten.com\/sv\/wp-json\/wp\/v2\/types\/product"}],"replies":[{"embeddable":true,"href":"https:\/\/stylingagenten.com\/sv\/wp-json\/wp\/v2\/comments?post=11607"}],"version-history":[{"count":0,"href":"https:\/\/stylingagenten.com\/sv\/wp-json\/wp\/v2\/product\/11607\/revisions"}],"wp:featuredmedia":[{"embeddable":true,"href":"https:\/\/stylingagenten.com\/sv\/wp-json\/wp\/v2\/media\/11588"}],"wp:attachment":[{"href":"https:\/\/stylingagenten.com\/sv\/wp-json\/wp\/v2\/media?parent=11607"}],"wp:term":[{"taxonomy":"product_brand","embeddable":true,"href":"https:\/\/stylingagenten.com\/sv\/wp-json\/wp\/v2\/product_brand?post=11607"},{"taxonomy":"product_cat","embeddable":true,"href":"https:\/\/stylingagenten.com\/sv\/wp-json\/wp\/v2\/product_cat?post=11607"},{"taxonomy":"product_tag","embeddable":true,"href":"https:\/\/stylingagenten.com\/sv\/wp-json\/wp\/v2\/product_tag?post=11607"},{"taxonomy":"berocket_brand","embeddable":true,"href":"https:\/\/stylingagenten.com\/sv\/wp-json\/wp\/v2\/berocket_brand?post=11607"}],"curies":[{"name":"wp","href":"https:\/\/api.w.org\/{rel}","templated":true}]}}