{"id":11563,"date":"2025-01-24T11:40:12","date_gmt":"2025-01-24T11:40:12","guid":{"rendered":"https:\/\/staging2.stylingagenten.com\/sv\/produkt\/marc-jacobs-daisy-ever-so-fresh-edp-30ml\/"},"modified":"2025-11-18T16:00:38","modified_gmt":"2025-11-18T16:00:38","slug":"marc-jacobs-daisy-ever-so-fresh-edp-30ml","status":"publish","type":"product","link":"https:\/\/stylingagenten.com\/sv\/produkt\/marc-jacobs-daisy-ever-so-fresh-edp-30ml\/","title":{"rendered":"Marc Jacobs Daisy Ever So Fresh Edp 30ml"},"content":{"rendered":"<p>Marc Jacobs presenterar Daisy Ever So Fresh &#8211; en h\u00e4rligt fruktig och blommig parfym, full av charm och sprudlande energi.<\/p>\n<p>Saftiga toppnoter av citrus f\u00e5ngar den h\u00e4rliga k\u00e4nslan av solsken medan doftens hj\u00e4rta av rosenvatten och apelsinblomma ger doften sin vackra feminina touch. I basen finns Kashmirtr\u00e4 som omfamnar med b\u00e5de v\u00e4rme och djup. Helhetsintrycket blir en f\u00f6rtrollande doft som vilar otroligt l\u00e4nge p\u00e5 huden.<\/p>\n<p>Doftfamilj : Fresh-Floral<br \/>\n<br \/>Toppnot : Mandarin, Ananas, Mango<br \/>\n<br \/>Hj\u00e4rtnot: Rosvatten, Apelsinblomma<br \/>\n<br \/>Basnot: Kashmirtr\u00e4<\/p>\n<p>30ml<\/p>\n","protected":false},"excerpt":{"rendered":"<p>Marc Jacobs presenterar Daisy Ever So Fresh &#8211; en h\u00e4rligt fruktig och blommig parfym, full av charm och sprudlande energi. Saftiga toppnoter av citrus f\u00e5ngar den h\u00e4rliga k\u00e4nslan av solsken medan doftens hj\u00e4rta av rosenvatten och apelsinblomma ger doften sin vackra feminina touch. I basen finns Kashmirtr\u00e4 som omfamnar med b\u00e5de v\u00e4rme och djup. Helhetsintrycket [&hellip;]<\/p>\n","protected":false},"featured_media":11551,"comment_status":"open","ping_status":"closed","template":"","meta":{"_trash_the_other_posts":false},"product_brand":[],"product_cat":[706,735,999,1006],"product_tag":[3490],"berocket_brand":[1069],"class_list":{"0":"post-11563","1":"product","2":"type-product","3":"status-publish","4":"has-post-thumbnail","6":"product_cat-eau-de-parfum-dam","7":"product_cat-kampanj","8":"product_cat-kampanj-for-henne","9":"product_cat-kampanjpris","10":"product_tag-marc-jacobs-daisy-ever-so-fresh-edp","11":"pa_brand-marc-jacobs","12":"pa_variant-30ml","13":"berocket_brand-marc-jacobs","15":"first","16":"outofstock","17":"sale","18":"taxable","19":"shipping-taxable","20":"purchasable","21":"product-type-simple"},"_links":{"self":[{"href":"https:\/\/stylingagenten.com\/sv\/wp-json\/wp\/v2\/product\/11563","targetHints":{"allow":["GET"]}}],"collection":[{"href":"https:\/\/stylingagenten.com\/sv\/wp-json\/wp\/v2\/product"}],"about":[{"href":"https:\/\/stylingagenten.com\/sv\/wp-json\/wp\/v2\/types\/product"}],"replies":[{"embeddable":true,"href":"https:\/\/stylingagenten.com\/sv\/wp-json\/wp\/v2\/comments?post=11563"}],"version-history":[{"count":0,"href":"https:\/\/stylingagenten.com\/sv\/wp-json\/wp\/v2\/product\/11563\/revisions"}],"wp:featuredmedia":[{"embeddable":true,"href":"https:\/\/stylingagenten.com\/sv\/wp-json\/wp\/v2\/media\/11551"}],"wp:attachment":[{"href":"https:\/\/stylingagenten.com\/sv\/wp-json\/wp\/v2\/media?parent=11563"}],"wp:term":[{"taxonomy":"product_brand","embeddable":true,"href":"https:\/\/stylingagenten.com\/sv\/wp-json\/wp\/v2\/product_brand?post=11563"},{"taxonomy":"product_cat","embeddable":true,"href":"https:\/\/stylingagenten.com\/sv\/wp-json\/wp\/v2\/product_cat?post=11563"},{"taxonomy":"product_tag","embeddable":true,"href":"https:\/\/stylingagenten.com\/sv\/wp-json\/wp\/v2\/product_tag?post=11563"},{"taxonomy":"berocket_brand","embeddable":true,"href":"https:\/\/stylingagenten.com\/sv\/wp-json\/wp\/v2\/berocket_brand?post=11563"}],"curies":[{"name":"wp","href":"https:\/\/api.w.org\/{rel}","templated":true}]}}