{"id":11515,"date":"2025-01-24T11:40:05","date_gmt":"2025-01-24T11:40:05","guid":{"rendered":"https:\/\/staging2.stylingagenten.com\/sv\/produkt\/zmile-cosmetics-beauty-advent-calendar-square-3d-christmas-trees\/"},"modified":"2026-03-17T15:38:01","modified_gmt":"2026-03-17T15:38:01","slug":"zmile-cosmetics-beauty-advent-calendar-square-3d-christmas-trees","status":"publish","type":"product","link":"https:\/\/stylingagenten.com\/sv\/produkt\/zmile-cosmetics-beauty-advent-calendar-square-3d-christmas-trees\/","title":{"rendered":"Zmile Cosmetics Beauty Advent Calendar Square &#8217;3D Christmas Trees&#8217;"},"content":{"rendered":"<div><strong>Zmile Cosmetics Beauty Advent Calendar Square &#8217;3D Christmas Trees&#8217;<br \/><\/strong>Denna adventskalender inneh\u00e5ller allt du kan \u00f6nska! 24 veganska sminkprodukter, som \u00e4r perfekt koordinerade, framh\u00e4ver din naturliga sk\u00f6nhet med ultimata f\u00e4rger och en skimrande finish. Med denna sk\u00f6nhetskalender kommer du att vara redo f\u00f6r jul!<\/p>\n<p>Kalendern inneh\u00e5ller 24 olika sminkprodukter och accessoarer.<\/p><\/div>\n","protected":false},"excerpt":{"rendered":"<p>Zmile Cosmetics Beauty Advent Calendar Square &#8217;3D Christmas Trees&#8217;Denna adventskalender inneh\u00e5ller allt du kan \u00f6nska! 24 veganska sminkprodukter, som \u00e4r perfekt koordinerade, framh\u00e4ver din naturliga sk\u00f6nhet med ultimata f\u00e4rger och en skimrande finish. Med denna sk\u00f6nhetskalender kommer du att vara redo f\u00f6r jul! Kalendern inneh\u00e5ller 24 olika sminkprodukter och accessoarer.<\/p>\n","protected":false},"featured_media":11502,"comment_status":"open","ping_status":"closed","template":"","meta":{"_trash_the_other_posts":false},"product_brand":[],"product_cat":[643,735,999],"product_tag":[],"berocket_brand":[1179],"class_list":{"0":"post-11515","1":"product","2":"type-product","3":"status-publish","4":"has-post-thumbnail","6":"product_cat-adventskalendrar","7":"product_cat-kampanj","8":"product_cat-kampanj-for-henne","9":"pa_brand-zmile-cosmetics","10":"berocket_brand-zmile-cosmetics","12":"first","13":"instock","14":"sale","15":"taxable","16":"shipping-taxable","17":"purchasable","18":"product-type-simple"},"_links":{"self":[{"href":"https:\/\/stylingagenten.com\/sv\/wp-json\/wp\/v2\/product\/11515","targetHints":{"allow":["GET"]}}],"collection":[{"href":"https:\/\/stylingagenten.com\/sv\/wp-json\/wp\/v2\/product"}],"about":[{"href":"https:\/\/stylingagenten.com\/sv\/wp-json\/wp\/v2\/types\/product"}],"replies":[{"embeddable":true,"href":"https:\/\/stylingagenten.com\/sv\/wp-json\/wp\/v2\/comments?post=11515"}],"version-history":[{"count":0,"href":"https:\/\/stylingagenten.com\/sv\/wp-json\/wp\/v2\/product\/11515\/revisions"}],"wp:featuredmedia":[{"embeddable":true,"href":"https:\/\/stylingagenten.com\/sv\/wp-json\/wp\/v2\/media\/11502"}],"wp:attachment":[{"href":"https:\/\/stylingagenten.com\/sv\/wp-json\/wp\/v2\/media?parent=11515"}],"wp:term":[{"taxonomy":"product_brand","embeddable":true,"href":"https:\/\/stylingagenten.com\/sv\/wp-json\/wp\/v2\/product_brand?post=11515"},{"taxonomy":"product_cat","embeddable":true,"href":"https:\/\/stylingagenten.com\/sv\/wp-json\/wp\/v2\/product_cat?post=11515"},{"taxonomy":"product_tag","embeddable":true,"href":"https:\/\/stylingagenten.com\/sv\/wp-json\/wp\/v2\/product_tag?post=11515"},{"taxonomy":"berocket_brand","embeddable":true,"href":"https:\/\/stylingagenten.com\/sv\/wp-json\/wp\/v2\/berocket_brand?post=11515"}],"curies":[{"name":"wp","href":"https:\/\/api.w.org\/{rel}","templated":true}]}}