{"id":11511,"date":"2025-01-24T11:40:05","date_gmt":"2025-01-24T11:40:05","guid":{"rendered":"https:\/\/staging2.stylingagenten.com\/sv\/produkt\/milk_shake-lifestyling-let-it-shine-200ml\/"},"modified":"2026-03-11T22:00:54","modified_gmt":"2026-03-11T22:00:54","slug":"milk_shake-lifestyling-let-it-shine-200ml","status":"publish","type":"product","link":"https:\/\/stylingagenten.com\/sv\/produkt\/milk_shake-lifestyling-let-it-shine-200ml\/","title":{"rendered":"Milk_Shake Lifestyling Let It Shine 200ml"},"content":{"rendered":"<p>Milk_Shake Lifestyling Let It Shine \u00e4r en mjukg\u00f6rande glansspray. Den superfina misten g\u00f6r h\u00e5ret skinande blankt utan att tynga ner det. Ger ingen stadga. Passar alla h\u00e5rtyper. H\u00e5ller statiskt h\u00e5r i schack och skyddar mot v\u00e4rme.<\/p>\n<p>200ml<\/p>\n","protected":false},"excerpt":{"rendered":"<p>Milk_Shake Lifestyling Let It Shine \u00e4r en mjukg\u00f6rande glansspray. Den superfina misten g\u00f6r h\u00e5ret skinande blankt utan att tynga ner det. Ger ingen stadga. Passar alla h\u00e5rtyper. H\u00e5ller statiskt h\u00e5r i schack och skyddar mot v\u00e4rme. 200ml<\/p>\n","protected":false},"featured_media":11509,"comment_status":"open","ping_status":"closed","template":"","meta":{"_trash_the_other_posts":false},"product_brand":[],"product_cat":[576],"product_tag":[],"berocket_brand":[1085],"class_list":{"0":"post-11511","1":"product","2":"type-product","3":"status-publish","4":"has-post-thumbnail","6":"product_cat-harspray","7":"pa_brand-milk_shake","8":"berocket_brand-milk_shake","10":"first","11":"instock","12":"sale","13":"taxable","14":"shipping-taxable","15":"purchasable","16":"product-type-simple"},"_links":{"self":[{"href":"https:\/\/stylingagenten.com\/sv\/wp-json\/wp\/v2\/product\/11511","targetHints":{"allow":["GET"]}}],"collection":[{"href":"https:\/\/stylingagenten.com\/sv\/wp-json\/wp\/v2\/product"}],"about":[{"href":"https:\/\/stylingagenten.com\/sv\/wp-json\/wp\/v2\/types\/product"}],"replies":[{"embeddable":true,"href":"https:\/\/stylingagenten.com\/sv\/wp-json\/wp\/v2\/comments?post=11511"}],"version-history":[{"count":0,"href":"https:\/\/stylingagenten.com\/sv\/wp-json\/wp\/v2\/product\/11511\/revisions"}],"wp:featuredmedia":[{"embeddable":true,"href":"https:\/\/stylingagenten.com\/sv\/wp-json\/wp\/v2\/media\/11509"}],"wp:attachment":[{"href":"https:\/\/stylingagenten.com\/sv\/wp-json\/wp\/v2\/media?parent=11511"}],"wp:term":[{"taxonomy":"product_brand","embeddable":true,"href":"https:\/\/stylingagenten.com\/sv\/wp-json\/wp\/v2\/product_brand?post=11511"},{"taxonomy":"product_cat","embeddable":true,"href":"https:\/\/stylingagenten.com\/sv\/wp-json\/wp\/v2\/product_cat?post=11511"},{"taxonomy":"product_tag","embeddable":true,"href":"https:\/\/stylingagenten.com\/sv\/wp-json\/wp\/v2\/product_tag?post=11511"},{"taxonomy":"berocket_brand","embeddable":true,"href":"https:\/\/stylingagenten.com\/sv\/wp-json\/wp\/v2\/berocket_brand?post=11511"}],"curies":[{"name":"wp","href":"https:\/\/api.w.org\/{rel}","templated":true}]}}