{"id":11496,"date":"2025-01-24T11:40:03","date_gmt":"2025-01-24T11:40:03","guid":{"rendered":"https:\/\/staging2.stylingagenten.com\/sv\/produkt\/zmile-cosmetics-beauty-advent-calendar-cube-blue-magic\/"},"modified":"2026-03-17T15:37:42","modified_gmt":"2026-03-17T15:37:42","slug":"zmile-cosmetics-beauty-advent-calendar-cube-blue-magic","status":"publish","type":"product","link":"https:\/\/stylingagenten.com\/sv\/produkt\/zmile-cosmetics-beauty-advent-calendar-cube-blue-magic\/","title":{"rendered":"Zmile Cosmetics Beauty Advent Calendar Cube &#8217;Blue Magic&#8217;"},"content":{"rendered":"<div><strong>Zmile Cosmetics Beauty Advent Calendar Cube &#8217;Blue Magic&#8217;<br \/><\/strong>Merry Magic XMAS! Din allt-i-ett sk\u00f6nhetsadventskalender med 24 veganska kosmetikaprodukter f\u00f6r de ultimata jullooksen! L\u00e5t dig inspireras och skapa en ny look varje dag som f\u00e5r dig att str\u00e5la. Fr\u00e5n glittrande \u00f6gonskuggor och l\u00e4pprodukter till skimrande highlighters: g\u00f6r dig redo f\u00f6r en magisk december full av sk\u00f6nhet och glamour!<\/p>\n<p>En adventskalender med 24 olika sminkprodukter och accessoarer.<\/p><\/div>\n","protected":false},"excerpt":{"rendered":"<p>Zmile Cosmetics Beauty Advent Calendar Cube &#8217;Blue Magic&#8217;Merry Magic XMAS! Din allt-i-ett sk\u00f6nhetsadventskalender med 24 veganska kosmetikaprodukter f\u00f6r de ultimata jullooksen! L\u00e5t dig inspireras och skapa en ny look varje dag som f\u00e5r dig att str\u00e5la. Fr\u00e5n glittrande \u00f6gonskuggor och l\u00e4pprodukter till skimrande highlighters: g\u00f6r dig redo f\u00f6r en magisk december full av sk\u00f6nhet och [&hellip;]<\/p>\n","protected":false},"featured_media":11481,"comment_status":"open","ping_status":"closed","template":"","meta":{"_trash_the_other_posts":false},"product_brand":[],"product_cat":[643,735,999],"product_tag":[],"berocket_brand":[1179],"class_list":{"0":"post-11496","1":"product","2":"type-product","3":"status-publish","4":"has-post-thumbnail","6":"product_cat-adventskalendrar","7":"product_cat-kampanj","8":"product_cat-kampanj-for-henne","9":"pa_brand-zmile-cosmetics","10":"berocket_brand-zmile-cosmetics","12":"first","13":"instock","14":"sale","15":"taxable","16":"shipping-taxable","17":"purchasable","18":"product-type-simple"},"_links":{"self":[{"href":"https:\/\/stylingagenten.com\/sv\/wp-json\/wp\/v2\/product\/11496","targetHints":{"allow":["GET"]}}],"collection":[{"href":"https:\/\/stylingagenten.com\/sv\/wp-json\/wp\/v2\/product"}],"about":[{"href":"https:\/\/stylingagenten.com\/sv\/wp-json\/wp\/v2\/types\/product"}],"replies":[{"embeddable":true,"href":"https:\/\/stylingagenten.com\/sv\/wp-json\/wp\/v2\/comments?post=11496"}],"version-history":[{"count":0,"href":"https:\/\/stylingagenten.com\/sv\/wp-json\/wp\/v2\/product\/11496\/revisions"}],"wp:featuredmedia":[{"embeddable":true,"href":"https:\/\/stylingagenten.com\/sv\/wp-json\/wp\/v2\/media\/11481"}],"wp:attachment":[{"href":"https:\/\/stylingagenten.com\/sv\/wp-json\/wp\/v2\/media?parent=11496"}],"wp:term":[{"taxonomy":"product_brand","embeddable":true,"href":"https:\/\/stylingagenten.com\/sv\/wp-json\/wp\/v2\/product_brand?post=11496"},{"taxonomy":"product_cat","embeddable":true,"href":"https:\/\/stylingagenten.com\/sv\/wp-json\/wp\/v2\/product_cat?post=11496"},{"taxonomy":"product_tag","embeddable":true,"href":"https:\/\/stylingagenten.com\/sv\/wp-json\/wp\/v2\/product_tag?post=11496"},{"taxonomy":"berocket_brand","embeddable":true,"href":"https:\/\/stylingagenten.com\/sv\/wp-json\/wp\/v2\/berocket_brand?post=11496"}],"curies":[{"name":"wp","href":"https:\/\/api.w.org\/{rel}","templated":true}]}}