{"id":11482,"date":"2025-01-24T11:40:02","date_gmt":"2025-01-24T11:40:02","guid":{"rendered":"https:\/\/staging2.stylingagenten.com\/sv\/produkt\/sergio-tacchini-classic-edt-50ml\/"},"modified":"2026-04-15T04:59:25","modified_gmt":"2026-04-15T04:59:25","slug":"sergio-tacchini-classic-edt-50ml","status":"publish","type":"product","link":"https:\/\/stylingagenten.com\/sv\/produkt\/sergio-tacchini-classic-edt-50ml\/","title":{"rendered":"Sergio Tacchini Classic Edt 50ml"},"content":{"rendered":"<p>Sergio Tacchini Classic Edt \u00e4r en harmonisk doft som \u00e4r b\u00e5de fr\u00e4sch och uppiggande. En ungdomligt frisk doft vars toppnot inneh\u00e5ller bergamott, rosmarin, Karibisk lime och kryddnejlika. Classic \u00e4r en blommig foug\u00e8redoft vars karakt\u00e4r skapas av lavendel och citronblad i kombination med orientaliska tr\u00e4slag som patchouli, vetiver och sandeltr\u00e4. <\/p>\n<p>Toppnot: Bergamott, rosmarin, karibisk lime, kryddnejlika<br \/>\n<br \/>Hj\u00e4rtnot: Lavendel, citronblad, liljekonvalj<br \/>\n<br \/>Basnot: Patchouli, vetiver, sandeltr\u00e4<\/p>\n<p>50ML<\/p>\n","protected":false},"excerpt":{"rendered":"<p>Sergio Tacchini Classic Edt \u00e4r en harmonisk doft som \u00e4r b\u00e5de fr\u00e4sch och uppiggande. En ungdomligt frisk doft vars toppnot inneh\u00e5ller bergamott, rosmarin, Karibisk lime och kryddnejlika. Classic \u00e4r en blommig foug\u00e8redoft vars karakt\u00e4r skapas av lavendel och citronblad i kombination med orientaliska tr\u00e4slag som patchouli, vetiver och sandeltr\u00e4. Toppnot: Bergamott, rosmarin, karibisk lime, kryddnejlika [&hellip;]<\/p>\n","protected":false},"featured_media":11479,"comment_status":"open","ping_status":"closed","template":"","meta":{"_trash_the_other_posts":false},"product_brand":[],"product_cat":[709,735,1000],"product_tag":[4146],"berocket_brand":[1130],"class_list":{"0":"post-11482","1":"product","2":"type-product","3":"status-publish","4":"has-post-thumbnail","6":"product_cat-eau-de-toilette-herr","7":"product_cat-kampanj","8":"product_cat-kampanj-for-honom","9":"product_tag-sergio-tacchini-classic-edt","10":"pa_brand-sergio-tacchini","11":"pa_variant-50ml","12":"berocket_brand-sergio-tacchini","14":"first","15":"instock","16":"sale","17":"taxable","18":"shipping-taxable","19":"purchasable","20":"product-type-simple"},"_links":{"self":[{"href":"https:\/\/stylingagenten.com\/sv\/wp-json\/wp\/v2\/product\/11482","targetHints":{"allow":["GET"]}}],"collection":[{"href":"https:\/\/stylingagenten.com\/sv\/wp-json\/wp\/v2\/product"}],"about":[{"href":"https:\/\/stylingagenten.com\/sv\/wp-json\/wp\/v2\/types\/product"}],"replies":[{"embeddable":true,"href":"https:\/\/stylingagenten.com\/sv\/wp-json\/wp\/v2\/comments?post=11482"}],"version-history":[{"count":0,"href":"https:\/\/stylingagenten.com\/sv\/wp-json\/wp\/v2\/product\/11482\/revisions"}],"wp:featuredmedia":[{"embeddable":true,"href":"https:\/\/stylingagenten.com\/sv\/wp-json\/wp\/v2\/media\/11479"}],"wp:attachment":[{"href":"https:\/\/stylingagenten.com\/sv\/wp-json\/wp\/v2\/media?parent=11482"}],"wp:term":[{"taxonomy":"product_brand","embeddable":true,"href":"https:\/\/stylingagenten.com\/sv\/wp-json\/wp\/v2\/product_brand?post=11482"},{"taxonomy":"product_cat","embeddable":true,"href":"https:\/\/stylingagenten.com\/sv\/wp-json\/wp\/v2\/product_cat?post=11482"},{"taxonomy":"product_tag","embeddable":true,"href":"https:\/\/stylingagenten.com\/sv\/wp-json\/wp\/v2\/product_tag?post=11482"},{"taxonomy":"berocket_brand","embeddable":true,"href":"https:\/\/stylingagenten.com\/sv\/wp-json\/wp\/v2\/berocket_brand?post=11482"}],"curies":[{"name":"wp","href":"https:\/\/api.w.org\/{rel}","templated":true}]}}