{"id":11468,"date":"2025-01-24T11:39:59","date_gmt":"2025-01-24T11:39:59","guid":{"rendered":"https:\/\/staging2.stylingagenten.com\/sv\/produkt\/ren-evercalm-barrier-support-body-balm-90ml\/"},"modified":"2025-12-18T21:59:42","modified_gmt":"2025-12-18T21:59:42","slug":"ren-evercalm-barrier-support-body-balm-90ml","status":"publish","type":"product","link":"https:\/\/stylingagenten.com\/sv\/produkt\/ren-evercalm-barrier-support-body-balm-90ml\/","title":{"rendered":"REN Evercalm Barrier Support Body Balm 90ml"},"content":{"rendered":"<p>REN Evercalm Barrier Support Body Balm \u00e4r ett allt-i-ett balm f\u00f6r kroppen som sm\u00e4lter till en mjuk olja vid applicering. Balmen \u00e4r framtagen f\u00f6r att intensivt \u00e5terfukta och ge n\u00e4ring till torr, str\u00e4v eller obekv\u00e4m hud. Berikad med RENs unika barri\u00e4rst\u00e4rkande komplex, kameliaolja och ett ceramidkomplex fr\u00e5n safflor blomma som tillf\u00f6r Omega 3, 6 och 9 till huden. Evercalm Barrier Support Body Balm lugnar, mjukar upp och l\u00e5ser in fukt d\u00e4r det beh\u00f6vs som mest. Den passar alla som vill bygga upp och st\u00e4rka hudens barri\u00e4r. Formulan inneh\u00e5ller endast hypoallergen doft vilket g\u00f6r den passande \u00e4ven f\u00f6r en k\u00e4nsligare hudtyp.<\/p>\n<p>90ml<\/p>\n","protected":false},"excerpt":{"rendered":"<p>REN Evercalm Barrier Support Body Balm \u00e4r ett allt-i-ett balm f\u00f6r kroppen som sm\u00e4lter till en mjuk olja vid applicering. Balmen \u00e4r framtagen f\u00f6r att intensivt \u00e5terfukta och ge n\u00e4ring till torr, str\u00e4v eller obekv\u00e4m hud. Berikad med RENs unika barri\u00e4rst\u00e4rkande komplex, kameliaolja och ett ceramidkomplex fr\u00e5n safflor blomma som tillf\u00f6r Omega 3, 6 och [&hellip;]<\/p>\n","protected":false},"featured_media":11455,"comment_status":"open","ping_status":"closed","template":"","meta":{"_trash_the_other_posts":false},"product_brand":[],"product_cat":[572],"product_tag":[],"berocket_brand":[1275],"class_list":{"0":"post-11468","1":"product","2":"type-product","3":"status-publish","4":"has-post-thumbnail","6":"product_cat-bodylotion","7":"pa_brand-ren","8":"berocket_brand-ren","10":"first","11":"instock","12":"sale","13":"taxable","14":"shipping-taxable","15":"purchasable","16":"product-type-simple"},"_links":{"self":[{"href":"https:\/\/stylingagenten.com\/sv\/wp-json\/wp\/v2\/product\/11468","targetHints":{"allow":["GET"]}}],"collection":[{"href":"https:\/\/stylingagenten.com\/sv\/wp-json\/wp\/v2\/product"}],"about":[{"href":"https:\/\/stylingagenten.com\/sv\/wp-json\/wp\/v2\/types\/product"}],"replies":[{"embeddable":true,"href":"https:\/\/stylingagenten.com\/sv\/wp-json\/wp\/v2\/comments?post=11468"}],"version-history":[{"count":0,"href":"https:\/\/stylingagenten.com\/sv\/wp-json\/wp\/v2\/product\/11468\/revisions"}],"wp:featuredmedia":[{"embeddable":true,"href":"https:\/\/stylingagenten.com\/sv\/wp-json\/wp\/v2\/media\/11455"}],"wp:attachment":[{"href":"https:\/\/stylingagenten.com\/sv\/wp-json\/wp\/v2\/media?parent=11468"}],"wp:term":[{"taxonomy":"product_brand","embeddable":true,"href":"https:\/\/stylingagenten.com\/sv\/wp-json\/wp\/v2\/product_brand?post=11468"},{"taxonomy":"product_cat","embeddable":true,"href":"https:\/\/stylingagenten.com\/sv\/wp-json\/wp\/v2\/product_cat?post=11468"},{"taxonomy":"product_tag","embeddable":true,"href":"https:\/\/stylingagenten.com\/sv\/wp-json\/wp\/v2\/product_tag?post=11468"},{"taxonomy":"berocket_brand","embeddable":true,"href":"https:\/\/stylingagenten.com\/sv\/wp-json\/wp\/v2\/berocket_brand?post=11468"}],"curies":[{"name":"wp","href":"https:\/\/api.w.org\/{rel}","templated":true}]}}