{"id":11459,"date":"2025-01-24T11:39:58","date_gmt":"2025-01-24T11:39:58","guid":{"rendered":"https:\/\/staging2.stylingagenten.com\/sv\/produkt\/milk_shake-integrity-rebuilder-500ml\/"},"modified":"2026-03-24T16:07:44","modified_gmt":"2026-03-24T16:07:44","slug":"milk_shake-integrity-rebuilder-500ml","status":"publish","type":"product","link":"https:\/\/stylingagenten.com\/sv\/produkt\/milk_shake-integrity-rebuilder-500ml\/","title":{"rendered":"Milk_Shake Integrity Rebuilder 500ml"},"content":{"rendered":"<p>Milk_Shake Integrity Rebuilder \u00e4r en n\u00e4rande h\u00e5rbehandling f\u00f6r skadat h\u00e5r. Dess formulering \u00e4r berikad med naturligt keratin, proteiner och aminosyror. Dessa underbara ingredienser tr\u00e4nger djupt in i h\u00e5rstrukturen och ger n\u00e4ring \u00e5t h\u00e5ret fr\u00e5n insidan och ut.<\/p>\n<p>500ml<\/p>\n","protected":false},"excerpt":{"rendered":"<p>Milk_Shake Integrity Rebuilder \u00e4r en n\u00e4rande h\u00e5rbehandling f\u00f6r skadat h\u00e5r. Dess formulering \u00e4r berikad med naturligt keratin, proteiner och aminosyror. Dessa underbara ingredienser tr\u00e4nger djupt in i h\u00e5rstrukturen och ger n\u00e4ring \u00e5t h\u00e5ret fr\u00e5n insidan och ut. 500ml<\/p>\n","protected":false},"featured_media":11456,"comment_status":"open","ping_status":"closed","template":"","meta":{"_trash_the_other_posts":false},"product_brand":[],"product_cat":[620],"product_tag":[],"berocket_brand":[1085],"class_list":{"0":"post-11459","1":"product","2":"type-product","3":"status-publish","4":"has-post-thumbnail","6":"product_cat-harinpackning","7":"pa_brand-milk_shake","8":"berocket_brand-milk_shake","10":"first","11":"instock","12":"sale","13":"taxable","14":"shipping-taxable","15":"purchasable","16":"product-type-simple"},"_links":{"self":[{"href":"https:\/\/stylingagenten.com\/sv\/wp-json\/wp\/v2\/product\/11459","targetHints":{"allow":["GET"]}}],"collection":[{"href":"https:\/\/stylingagenten.com\/sv\/wp-json\/wp\/v2\/product"}],"about":[{"href":"https:\/\/stylingagenten.com\/sv\/wp-json\/wp\/v2\/types\/product"}],"replies":[{"embeddable":true,"href":"https:\/\/stylingagenten.com\/sv\/wp-json\/wp\/v2\/comments?post=11459"}],"version-history":[{"count":0,"href":"https:\/\/stylingagenten.com\/sv\/wp-json\/wp\/v2\/product\/11459\/revisions"}],"wp:featuredmedia":[{"embeddable":true,"href":"https:\/\/stylingagenten.com\/sv\/wp-json\/wp\/v2\/media\/11456"}],"wp:attachment":[{"href":"https:\/\/stylingagenten.com\/sv\/wp-json\/wp\/v2\/media?parent=11459"}],"wp:term":[{"taxonomy":"product_brand","embeddable":true,"href":"https:\/\/stylingagenten.com\/sv\/wp-json\/wp\/v2\/product_brand?post=11459"},{"taxonomy":"product_cat","embeddable":true,"href":"https:\/\/stylingagenten.com\/sv\/wp-json\/wp\/v2\/product_cat?post=11459"},{"taxonomy":"product_tag","embeddable":true,"href":"https:\/\/stylingagenten.com\/sv\/wp-json\/wp\/v2\/product_tag?post=11459"},{"taxonomy":"berocket_brand","embeddable":true,"href":"https:\/\/stylingagenten.com\/sv\/wp-json\/wp\/v2\/berocket_brand?post=11459"}],"curies":[{"name":"wp","href":"https:\/\/api.w.org\/{rel}","templated":true}]}}