{"id":11429,"date":"2025-01-24T11:39:54","date_gmt":"2025-01-24T11:39:54","guid":{"rendered":"https:\/\/staging2.stylingagenten.com\/sv\/produkt\/woodwick-ellipse-phantom-cherry\/"},"modified":"2026-03-11T22:01:18","modified_gmt":"2026-03-11T22:01:18","slug":"woodwick-ellipse-phantom-cherry","status":"publish","type":"product","link":"https:\/\/stylingagenten.com\/sv\/produkt\/woodwick-ellipse-phantom-cherry\/","title":{"rendered":"WoodWick Ellipse &#8211; Phantom Cherry"},"content":{"rendered":"<div>WoodWick Ellipse &#8211; Phantom Cherry<br \/>Djupt inne i Schwarzwaldskogen fylls luften av en \u00f6verd\u00e5dig s\u00f6tma. Dofter av m\u00f6rka k\u00f6rsb\u00e4r, b\u00e4rnstenstr\u00e4, kashmir och r\u00f6kt vanilj skapar en t\u00e4t omfamnande k\u00e4nsla av mystik och lyx.<\/p>\n<p>Toppnot: Hallon, M\u00f6rka k\u00f6rsb\u00e4r, Rabarber<br \/>Mellannot: Ambertr\u00e4, Krossad kryddnejlika, Mossa, Tonkab\u00f6na<br \/>Basnot: Kashmir, Mj\u00f6lkig mysk, R\u00f6kt och kr\u00e4mig vanilj, Sandeltr\u00e4<\/p>\n<p>Brinntid Ellipse: Ca 50h.<\/p><\/div>\n","protected":false},"excerpt":{"rendered":"<p>WoodWick Ellipse &#8211; Phantom CherryDjupt inne i Schwarzwaldskogen fylls luften av en \u00f6verd\u00e5dig s\u00f6tma. Dofter av m\u00f6rka k\u00f6rsb\u00e4r, b\u00e4rnstenstr\u00e4, kashmir och r\u00f6kt vanilj skapar en t\u00e4t omfamnande k\u00e4nsla av mystik och lyx. Toppnot: Hallon, M\u00f6rka k\u00f6rsb\u00e4r, RabarberMellannot: Ambertr\u00e4, Krossad kryddnejlika, Mossa, Tonkab\u00f6naBasnot: Kashmir, Mj\u00f6lkig mysk, R\u00f6kt och kr\u00e4mig vanilj, Sandeltr\u00e4 Brinntid Ellipse: Ca 50h.<\/p>\n","protected":false},"featured_media":11426,"comment_status":"open","ping_status":"closed","template":"","meta":{"_trash_the_other_posts":false},"product_brand":[],"product_cat":[540,735,999,1000],"product_tag":[],"berocket_brand":[1375],"class_list":{"0":"post-11429","1":"product","2":"type-product","3":"status-publish","4":"has-post-thumbnail","6":"product_cat-doftljus","7":"product_cat-kampanj","8":"product_cat-kampanj-for-henne","9":"product_cat-kampanj-for-honom","10":"pa_brand-woodwick","11":"berocket_brand-woodwick","13":"first","14":"instock","15":"sale","16":"taxable","17":"shipping-taxable","18":"purchasable","19":"product-type-simple"},"_links":{"self":[{"href":"https:\/\/stylingagenten.com\/sv\/wp-json\/wp\/v2\/product\/11429","targetHints":{"allow":["GET"]}}],"collection":[{"href":"https:\/\/stylingagenten.com\/sv\/wp-json\/wp\/v2\/product"}],"about":[{"href":"https:\/\/stylingagenten.com\/sv\/wp-json\/wp\/v2\/types\/product"}],"replies":[{"embeddable":true,"href":"https:\/\/stylingagenten.com\/sv\/wp-json\/wp\/v2\/comments?post=11429"}],"version-history":[{"count":0,"href":"https:\/\/stylingagenten.com\/sv\/wp-json\/wp\/v2\/product\/11429\/revisions"}],"wp:featuredmedia":[{"embeddable":true,"href":"https:\/\/stylingagenten.com\/sv\/wp-json\/wp\/v2\/media\/11426"}],"wp:attachment":[{"href":"https:\/\/stylingagenten.com\/sv\/wp-json\/wp\/v2\/media?parent=11429"}],"wp:term":[{"taxonomy":"product_brand","embeddable":true,"href":"https:\/\/stylingagenten.com\/sv\/wp-json\/wp\/v2\/product_brand?post=11429"},{"taxonomy":"product_cat","embeddable":true,"href":"https:\/\/stylingagenten.com\/sv\/wp-json\/wp\/v2\/product_cat?post=11429"},{"taxonomy":"product_tag","embeddable":true,"href":"https:\/\/stylingagenten.com\/sv\/wp-json\/wp\/v2\/product_tag?post=11429"},{"taxonomy":"berocket_brand","embeddable":true,"href":"https:\/\/stylingagenten.com\/sv\/wp-json\/wp\/v2\/berocket_brand?post=11429"}],"curies":[{"name":"wp","href":"https:\/\/api.w.org\/{rel}","templated":true}]}}