{"id":11419,"date":"2025-01-24T11:39:53","date_gmt":"2025-01-24T11:39:53","guid":{"rendered":"https:\/\/staging2.stylingagenten.com\/sv\/produkt\/woodwick-medium-pomegranate\/"},"modified":"2026-03-11T22:00:02","modified_gmt":"2026-03-11T22:00:02","slug":"woodwick-medium-pomegranate","status":"publish","type":"product","link":"https:\/\/stylingagenten.com\/sv\/produkt\/woodwick-medium-pomegranate\/","title":{"rendered":"WoodWick Medium &#8211; Pomegranate"},"content":{"rendered":"<p>WoodWick Medium &#8211; Pomegranate<br \/>\n<br \/>Krispiga, komplexa granat\u00e4pplenoter med svartvinb\u00e4r, milda blommor och rika undertoner av rom och mysk.<\/p>\n<p>Toppnot: Ananas, Grapefrukt, P\u00e4ron, Persika, R\u00f6tt \u00e4pple, Svart vinb\u00e4r<br \/>\n<br \/>Mellannot: Gr\u00f6n dagg, Hallon, Kanderad Viol, Lilja, Ros, Syren<br \/>\n<br \/>Basnot: S\u00f6t mysk, Karamelliserad vanilj, M\u00f6rk rom, Tr\u00e4ig<\/p>\n<p>Brinntid: Ca 60h. <\/p>\n","protected":false},"excerpt":{"rendered":"<p>WoodWick Medium &#8211; Pomegranate Krispiga, komplexa granat\u00e4pplenoter med svartvinb\u00e4r, milda blommor och rika undertoner av rom och mysk. Toppnot: Ananas, Grapefrukt, P\u00e4ron, Persika, R\u00f6tt \u00e4pple, Svart vinb\u00e4r Mellannot: Gr\u00f6n dagg, Hallon, Kanderad Viol, Lilja, Ros, Syren Basnot: S\u00f6t mysk, Karamelliserad vanilj, M\u00f6rk rom, Tr\u00e4ig Brinntid: Ca 60h.<\/p>\n","protected":false},"featured_media":11413,"comment_status":"open","ping_status":"closed","template":"","meta":{"_trash_the_other_posts":false},"product_brand":[],"product_cat":[540,735,999,1000],"product_tag":[],"berocket_brand":[1375],"class_list":{"0":"post-11419","1":"product","2":"type-product","3":"status-publish","4":"has-post-thumbnail","6":"product_cat-doftljus","7":"product_cat-kampanj","8":"product_cat-kampanj-for-henne","9":"product_cat-kampanj-for-honom","10":"pa_brand-woodwick","11":"berocket_brand-woodwick","13":"first","14":"instock","15":"sale","16":"taxable","17":"shipping-taxable","18":"purchasable","19":"product-type-simple"},"_links":{"self":[{"href":"https:\/\/stylingagenten.com\/sv\/wp-json\/wp\/v2\/product\/11419","targetHints":{"allow":["GET"]}}],"collection":[{"href":"https:\/\/stylingagenten.com\/sv\/wp-json\/wp\/v2\/product"}],"about":[{"href":"https:\/\/stylingagenten.com\/sv\/wp-json\/wp\/v2\/types\/product"}],"replies":[{"embeddable":true,"href":"https:\/\/stylingagenten.com\/sv\/wp-json\/wp\/v2\/comments?post=11419"}],"version-history":[{"count":0,"href":"https:\/\/stylingagenten.com\/sv\/wp-json\/wp\/v2\/product\/11419\/revisions"}],"wp:featuredmedia":[{"embeddable":true,"href":"https:\/\/stylingagenten.com\/sv\/wp-json\/wp\/v2\/media\/11413"}],"wp:attachment":[{"href":"https:\/\/stylingagenten.com\/sv\/wp-json\/wp\/v2\/media?parent=11419"}],"wp:term":[{"taxonomy":"product_brand","embeddable":true,"href":"https:\/\/stylingagenten.com\/sv\/wp-json\/wp\/v2\/product_brand?post=11419"},{"taxonomy":"product_cat","embeddable":true,"href":"https:\/\/stylingagenten.com\/sv\/wp-json\/wp\/v2\/product_cat?post=11419"},{"taxonomy":"product_tag","embeddable":true,"href":"https:\/\/stylingagenten.com\/sv\/wp-json\/wp\/v2\/product_tag?post=11419"},{"taxonomy":"berocket_brand","embeddable":true,"href":"https:\/\/stylingagenten.com\/sv\/wp-json\/wp\/v2\/berocket_brand?post=11419"}],"curies":[{"name":"wp","href":"https:\/\/api.w.org\/{rel}","templated":true}]}}