{"id":11265,"date":"2025-01-24T11:39:33","date_gmt":"2025-01-24T11:39:33","guid":{"rendered":"https:\/\/staging2.stylingagenten.com\/sv\/produkt\/makeup-revolution-peptide-power-lash-and-lip-duo-gift-set\/"},"modified":"2026-03-17T15:37:40","modified_gmt":"2026-03-17T15:37:40","slug":"makeup-revolution-peptide-power-lash-and-lip-duo-gift-set","status":"publish","type":"product","link":"https:\/\/stylingagenten.com\/sv\/produkt\/makeup-revolution-peptide-power-lash-and-lip-duo-gift-set\/","title":{"rendered":"Makeup Revolution Peptide Power Lash and Lip Duo Gift Set"},"content":{"rendered":"<div>\n<div><strong>Makeup Revolution Peptide Power Lash and Lip Duo Gift Set<br \/><\/strong>Ge bort g\u00e5van av naturligt fylligare \u00f6gonbryn, fransar OCH l\u00e4ppar med v\u00e5rt peptid-boostade Lash &amp; Lip Treatment Kit.<\/p>\n<p>Fylligare l\u00e4ppar, fylligare fransar och boostade \u00f6gonbryn? Tick, tick, tick! L\u00e5t oss b\u00f6rja med den mangodoftande Lip Treatment \u2013 l\u00e4pparna inte bara k\u00e4nns omedelbart \u00e5terfuktade, den \u00e4r ocks\u00e5 kliniskt bevisad att hj\u00e4lpa till att fylla ut l\u00e4pparna med upp till 20 % p\u00e5 bara tv\u00e5 veckor*. Dessutom hj\u00e4lper Lash &amp; Brow 2-i-1 Serumet till att \u00f6ka l\u00e4ngden och volymen p\u00e5 b\u00e5de fransar OCH \u00f6gonbryn p\u00e5 endast \u00e5tta veckor*! Puh \u2013 inget arbetar h\u00e5rdare \u00e4n denna kraftduo.<\/p>\n<p>Vad finns i Peptide Power Lash and Lip Duo Gift Set?<br \/><strong>1 x Revolution Skincare Peptide Pout Plumping Lip Balm<\/strong> \u2013 Kliniskt bevisad att fylla ut l\u00e4pparna med upp till 20 % p\u00e5 tv\u00e5 veckor*. Revolution Skin Peptide Pout Lip Treatment \u00e4r en m\u00e5ste-ha l\u00e4ppfyllande behandling som \u00f6ver tid \u00f6kar l\u00e4pparnas fyllighet, utan n\u00e5gon stickande k\u00e4nsla.<br \/><strong>1 x Makeup Revolution Peptide Strength Lash &amp; Brow Serum<\/strong> \u2013 H\u00f6j din naturliga franslook med Revolution&#8217;s Peptide Strength Lash &amp; Brow Serum. Detta innovativa peptid-drivna 2-i-1-serum hj\u00e4lper till att \u00f6ka l\u00e4ngden och volymen p\u00e5 b\u00e5de fransar OCH \u00f6gonbryn p\u00e5 bara \u00e5tta veckor*!<\/div>\n<\/div>\n","protected":false},"excerpt":{"rendered":"<p>Makeup Revolution Peptide Power Lash and Lip Duo Gift SetGe bort g\u00e5van av naturligt fylligare \u00f6gonbryn, fransar OCH l\u00e4ppar med v\u00e5rt peptid-boostade Lash &amp; Lip Treatment Kit. Fylligare l\u00e4ppar, fylligare fransar och boostade \u00f6gonbryn? Tick, tick, tick! L\u00e5t oss b\u00f6rja med den mangodoftande Lip Treatment \u2013 l\u00e4pparna inte bara k\u00e4nns omedelbart \u00e5terfuktade, den \u00e4r ocks\u00e5 [&hellip;]<\/p>\n","protected":false},"featured_media":11240,"comment_status":"open","ping_status":"closed","template":"","meta":{"_trash_the_other_posts":false},"product_brand":[],"product_cat":[664],"product_tag":[],"berocket_brand":[1050],"class_list":{"0":"post-11265","1":"product","2":"type-product","3":"status-publish","4":"has-post-thumbnail","6":"product_cat-giftset-smink","7":"pa_brand-makeup-revolution","8":"berocket_brand-makeup-revolution","10":"first","11":"instock","12":"sale","13":"taxable","14":"shipping-taxable","15":"purchasable","16":"product-type-simple"},"_links":{"self":[{"href":"https:\/\/stylingagenten.com\/sv\/wp-json\/wp\/v2\/product\/11265","targetHints":{"allow":["GET"]}}],"collection":[{"href":"https:\/\/stylingagenten.com\/sv\/wp-json\/wp\/v2\/product"}],"about":[{"href":"https:\/\/stylingagenten.com\/sv\/wp-json\/wp\/v2\/types\/product"}],"replies":[{"embeddable":true,"href":"https:\/\/stylingagenten.com\/sv\/wp-json\/wp\/v2\/comments?post=11265"}],"version-history":[{"count":0,"href":"https:\/\/stylingagenten.com\/sv\/wp-json\/wp\/v2\/product\/11265\/revisions"}],"wp:featuredmedia":[{"embeddable":true,"href":"https:\/\/stylingagenten.com\/sv\/wp-json\/wp\/v2\/media\/11240"}],"wp:attachment":[{"href":"https:\/\/stylingagenten.com\/sv\/wp-json\/wp\/v2\/media?parent=11265"}],"wp:term":[{"taxonomy":"product_brand","embeddable":true,"href":"https:\/\/stylingagenten.com\/sv\/wp-json\/wp\/v2\/product_brand?post=11265"},{"taxonomy":"product_cat","embeddable":true,"href":"https:\/\/stylingagenten.com\/sv\/wp-json\/wp\/v2\/product_cat?post=11265"},{"taxonomy":"product_tag","embeddable":true,"href":"https:\/\/stylingagenten.com\/sv\/wp-json\/wp\/v2\/product_tag?post=11265"},{"taxonomy":"berocket_brand","embeddable":true,"href":"https:\/\/stylingagenten.com\/sv\/wp-json\/wp\/v2\/berocket_brand?post=11265"}],"curies":[{"name":"wp","href":"https:\/\/api.w.org\/{rel}","templated":true}]}}