{"id":11204,"date":"2025-01-24T11:39:27","date_gmt":"2025-01-24T11:39:27","guid":{"rendered":"https:\/\/staging2.stylingagenten.com\/sv\/produkt\/nyx-prof-makeup-bare-with-me-concealer-serum-2-light-9-6ml\/"},"modified":"2026-03-24T07:58:06","modified_gmt":"2026-03-24T07:58:06","slug":"nyx-prof-makeup-bare-with-me-concealer-serum-2-light-9-6ml","status":"publish","type":"product","link":"https:\/\/stylingagenten.com\/sv\/produkt\/nyx-prof-makeup-bare-with-me-concealer-serum-2-light-9-6ml\/","title":{"rendered":"NYX PROF. MAKEUP Bare With Me Concealer Serum 2 Light 9.6ml"},"content":{"rendered":"<p>Bare With Me Concealer Serum \u00e4r ett serum som \u00e5terfuktar huden i upp till 24 timmar, samtidigt som den t\u00e4cker problemomr\u00e5den. Berikad med de hud\u00e4lskande ingredienserna tremella, cica och gr\u00f6nt te.<br \/>\n<br \/>En vegansk sammans\u00e4ttning f\u00f6r ansikte och kropp. Fuktgivande och finns i flera nyanser. En liten m\u00e4ngd ger medium t\u00e4ckning och naturliga resultat.<\/p>\n<p>Anv\u00e4ndning: Applicera ett pumptryck av Bare With Me Concealer Serum direkt p\u00e5 huden (b\u00e5de ansikte och kropp) f\u00f6r att t\u00e4cka och \u00e5terfukta. Anv\u00e4nd en blendingborste f\u00f6r att tona ut f\u00e4rgen.<br \/>\n<br \/>Applicera tv\u00e5 pumptryck p\u00e5 problemomr\u00e5den (m\u00f6rka ringar, orenheter\/oj\u00e4mnheter, rodnad, torra omr\u00e5den) f\u00f6r medium t\u00e4ckning.<\/p>\n","protected":false},"excerpt":{"rendered":"<p>Bare With Me Concealer Serum \u00e4r ett serum som \u00e5terfuktar huden i upp till 24 timmar, samtidigt som den t\u00e4cker problemomr\u00e5den. Berikad med de hud\u00e4lskande ingredienserna tremella, cica och gr\u00f6nt te. En vegansk sammans\u00e4ttning f\u00f6r ansikte och kropp. Fuktgivande och finns i flera nyanser. En liten m\u00e4ngd ger medium t\u00e4ckning och naturliga resultat. Anv\u00e4ndning: Applicera [&hellip;]<\/p>\n","protected":false},"featured_media":11189,"comment_status":"open","ping_status":"closed","template":"","meta":{"_trash_the_other_posts":false},"product_brand":[],"product_cat":[567],"product_tag":[3777],"berocket_brand":[1025],"class_list":{"0":"post-11204","1":"product","2":"type-product","3":"status-publish","4":"has-post-thumbnail","6":"product_cat-concealer","7":"product_tag-nyx-prof-makeup-bare-with-me-concealer-serum-9-6ml","8":"pa_brand-nyx","9":"pa_variant-2-light","10":"berocket_brand-nyx","12":"first","13":"instock","14":"taxable","15":"shipping-taxable","16":"purchasable","17":"product-type-simple"},"_links":{"self":[{"href":"https:\/\/stylingagenten.com\/sv\/wp-json\/wp\/v2\/product\/11204","targetHints":{"allow":["GET"]}}],"collection":[{"href":"https:\/\/stylingagenten.com\/sv\/wp-json\/wp\/v2\/product"}],"about":[{"href":"https:\/\/stylingagenten.com\/sv\/wp-json\/wp\/v2\/types\/product"}],"replies":[{"embeddable":true,"href":"https:\/\/stylingagenten.com\/sv\/wp-json\/wp\/v2\/comments?post=11204"}],"version-history":[{"count":0,"href":"https:\/\/stylingagenten.com\/sv\/wp-json\/wp\/v2\/product\/11204\/revisions"}],"wp:featuredmedia":[{"embeddable":true,"href":"https:\/\/stylingagenten.com\/sv\/wp-json\/wp\/v2\/media\/11189"}],"wp:attachment":[{"href":"https:\/\/stylingagenten.com\/sv\/wp-json\/wp\/v2\/media?parent=11204"}],"wp:term":[{"taxonomy":"product_brand","embeddable":true,"href":"https:\/\/stylingagenten.com\/sv\/wp-json\/wp\/v2\/product_brand?post=11204"},{"taxonomy":"product_cat","embeddable":true,"href":"https:\/\/stylingagenten.com\/sv\/wp-json\/wp\/v2\/product_cat?post=11204"},{"taxonomy":"product_tag","embeddable":true,"href":"https:\/\/stylingagenten.com\/sv\/wp-json\/wp\/v2\/product_tag?post=11204"},{"taxonomy":"berocket_brand","embeddable":true,"href":"https:\/\/stylingagenten.com\/sv\/wp-json\/wp\/v2\/berocket_brand?post=11204"}],"curies":[{"name":"wp","href":"https:\/\/api.w.org\/{rel}","templated":true}]}}