{"id":11138,"date":"2025-01-24T11:39:20","date_gmt":"2025-01-24T11:39:20","guid":{"rendered":"https:\/\/staging2.stylingagenten.com\/sv\/produkt\/dermalogica-ultracalming-calm-water-gel-50ml\/"},"modified":"2026-04-08T15:31:01","modified_gmt":"2026-04-08T15:31:01","slug":"dermalogica-ultracalming-calm-water-gel-50ml","status":"publish","type":"product","link":"https:\/\/stylingagenten.com\/sv\/produkt\/dermalogica-ultracalming-calm-water-gel-50ml\/","title":{"rendered":"Dermalogica UltraCalming Calm Water Gel 50ml"},"content":{"rendered":"<p>Dermalogica UltraCalming Calm Water har svalkande och svullnadsd\u00e4mpande egenskaper s\u00e5 k\u00e4nns den h\u00e4r gelbaserade mjukg\u00f6raren n\u00e4stan viktl\u00f6s n\u00e4r den sm\u00e4lter in i huden. Det \u00e4r en mycket l\u00e4tt, transparent produkt som k\u00e4nns som ett svalt glas vatten f\u00f6r en t\u00f6rstande hud. Ger omedelbar lindring f\u00f6r fuktfattig, k\u00e4nslig hud.<\/p>\n<p>\u00c4ppleextrakt (Pyrus Malus) och glycerin:\u00e5terfuktar och mjukg\u00f6r samtidigt som uttorkning motverkas.<br \/>\n<br \/>Fikonkaktus (Opuntia Ficus-Indica): stamextrakt som d\u00e4mpar k\u00e4nslighet och f\u00f6rb\u00e4ttrar hudens fuktbindande f\u00f6rm\u00e5ga.<br \/>\n<br \/>Natriumhyaluronat och hydrolyserat natriumhyaluronat: komplex med olika storlekar av hyaluronsyramolekyler. Denna unika teknologi optimerar fukthalten i v\u00e4vnaden under m\u00e5nga timmar.<\/p>\n<p>50ml<\/p>\n","protected":false},"excerpt":{"rendered":"<p>Dermalogica UltraCalming Calm Water har svalkande och svullnadsd\u00e4mpande egenskaper s\u00e5 k\u00e4nns den h\u00e4r gelbaserade mjukg\u00f6raren n\u00e4stan viktl\u00f6s n\u00e4r den sm\u00e4lter in i huden. Det \u00e4r en mycket l\u00e4tt, transparent produkt som k\u00e4nns som ett svalt glas vatten f\u00f6r en t\u00f6rstande hud. Ger omedelbar lindring f\u00f6r fuktfattig, k\u00e4nslig hud. \u00c4ppleextrakt (Pyrus Malus) och glycerin:\u00e5terfuktar och mjukg\u00f6r [&hellip;]<\/p>\n","protected":false},"featured_media":11112,"comment_status":"open","ping_status":"closed","template":"","meta":{"_trash_the_other_posts":false},"product_brand":[],"product_cat":[559],"product_tag":[],"berocket_brand":[1420],"class_list":{"0":"post-11138","1":"product","2":"type-product","3":"status-publish","4":"has-post-thumbnail","6":"product_cat-ansiktskram","7":"pa_brand-dermalogica","8":"berocket_brand-dermalogica","10":"first","11":"instock","12":"sale","13":"taxable","14":"shipping-taxable","15":"purchasable","16":"product-type-simple"},"_links":{"self":[{"href":"https:\/\/stylingagenten.com\/sv\/wp-json\/wp\/v2\/product\/11138","targetHints":{"allow":["GET"]}}],"collection":[{"href":"https:\/\/stylingagenten.com\/sv\/wp-json\/wp\/v2\/product"}],"about":[{"href":"https:\/\/stylingagenten.com\/sv\/wp-json\/wp\/v2\/types\/product"}],"replies":[{"embeddable":true,"href":"https:\/\/stylingagenten.com\/sv\/wp-json\/wp\/v2\/comments?post=11138"}],"version-history":[{"count":0,"href":"https:\/\/stylingagenten.com\/sv\/wp-json\/wp\/v2\/product\/11138\/revisions"}],"wp:featuredmedia":[{"embeddable":true,"href":"https:\/\/stylingagenten.com\/sv\/wp-json\/wp\/v2\/media\/11112"}],"wp:attachment":[{"href":"https:\/\/stylingagenten.com\/sv\/wp-json\/wp\/v2\/media?parent=11138"}],"wp:term":[{"taxonomy":"product_brand","embeddable":true,"href":"https:\/\/stylingagenten.com\/sv\/wp-json\/wp\/v2\/product_brand?post=11138"},{"taxonomy":"product_cat","embeddable":true,"href":"https:\/\/stylingagenten.com\/sv\/wp-json\/wp\/v2\/product_cat?post=11138"},{"taxonomy":"product_tag","embeddable":true,"href":"https:\/\/stylingagenten.com\/sv\/wp-json\/wp\/v2\/product_tag?post=11138"},{"taxonomy":"berocket_brand","embeddable":true,"href":"https:\/\/stylingagenten.com\/sv\/wp-json\/wp\/v2\/berocket_brand?post=11138"}],"curies":[{"name":"wp","href":"https:\/\/api.w.org\/{rel}","templated":true}]}}