{"id":11093,"date":"2025-01-24T11:39:15","date_gmt":"2025-01-24T11:39:15","guid":{"rendered":"https:\/\/staging2.stylingagenten.com\/sv\/produkt\/lalique-lamour-edp-100ml\/"},"modified":"2026-03-21T11:37:24","modified_gmt":"2026-03-21T11:37:24","slug":"lalique-lamour-edp-100ml","status":"publish","type":"product","link":"https:\/\/stylingagenten.com\/sv\/produkt\/lalique-lamour-edp-100ml\/","title":{"rendered":"Lalique L&#8217;amour Edp 100ml"},"content":{"rendered":"<p>Lalique L&#8217;amour Edp \u00e4r en f\u00f6rf\u00f6risk doft som omedelbart f\u00e5ngar dina sinnen med dess blommiga och fruktiga noter. Denna unika parfym \u00e4r en blandning av jasmin, hallonblad, rosor och vanilj, vilket ger en oemotst\u00e5ndlig och sensuell doft.<\/p>\n<p>Toppnoter: Neroli, bergamott och ros<br \/>\n<br \/>Hj\u00e4rtnoter: Jasmin, tuberos och gardenia<br \/>\n<br \/>Basnoter: Cedertr\u00e4, sandeltr\u00e4 och mysk.<\/p>\n<p>100ml<\/p>\n","protected":false},"excerpt":{"rendered":"<p>Lalique L&#8217;amour Edp \u00e4r en f\u00f6rf\u00f6risk doft som omedelbart f\u00e5ngar dina sinnen med dess blommiga och fruktiga noter. Denna unika parfym \u00e4r en blandning av jasmin, hallonblad, rosor och vanilj, vilket ger en oemotst\u00e5ndlig och sensuell doft. Toppnoter: Neroli, bergamott och ros Hj\u00e4rtnoter: Jasmin, tuberos och gardenia Basnoter: Cedertr\u00e4, sandeltr\u00e4 och mysk. 100ml<\/p>\n","protected":false},"featured_media":11085,"comment_status":"open","ping_status":"closed","template":"","meta":{"_trash_the_other_posts":false},"product_brand":[],"product_cat":[706,735,999],"product_tag":[3276],"berocket_brand":[1139],"class_list":{"0":"post-11093","1":"product","2":"type-product","3":"status-publish","4":"has-post-thumbnail","6":"product_cat-eau-de-parfum-dam","7":"product_cat-kampanj","8":"product_cat-kampanj-for-henne","9":"product_tag-lalique-lamour-edp","10":"pa_brand-lalique","11":"pa_variant-100ml","12":"berocket_brand-lalique","14":"first","15":"outofstock","16":"sale","17":"taxable","18":"shipping-taxable","19":"purchasable","20":"product-type-simple"},"_links":{"self":[{"href":"https:\/\/stylingagenten.com\/sv\/wp-json\/wp\/v2\/product\/11093","targetHints":{"allow":["GET"]}}],"collection":[{"href":"https:\/\/stylingagenten.com\/sv\/wp-json\/wp\/v2\/product"}],"about":[{"href":"https:\/\/stylingagenten.com\/sv\/wp-json\/wp\/v2\/types\/product"}],"replies":[{"embeddable":true,"href":"https:\/\/stylingagenten.com\/sv\/wp-json\/wp\/v2\/comments?post=11093"}],"version-history":[{"count":0,"href":"https:\/\/stylingagenten.com\/sv\/wp-json\/wp\/v2\/product\/11093\/revisions"}],"wp:featuredmedia":[{"embeddable":true,"href":"https:\/\/stylingagenten.com\/sv\/wp-json\/wp\/v2\/media\/11085"}],"wp:attachment":[{"href":"https:\/\/stylingagenten.com\/sv\/wp-json\/wp\/v2\/media?parent=11093"}],"wp:term":[{"taxonomy":"product_brand","embeddable":true,"href":"https:\/\/stylingagenten.com\/sv\/wp-json\/wp\/v2\/product_brand?post=11093"},{"taxonomy":"product_cat","embeddable":true,"href":"https:\/\/stylingagenten.com\/sv\/wp-json\/wp\/v2\/product_cat?post=11093"},{"taxonomy":"product_tag","embeddable":true,"href":"https:\/\/stylingagenten.com\/sv\/wp-json\/wp\/v2\/product_tag?post=11093"},{"taxonomy":"berocket_brand","embeddable":true,"href":"https:\/\/stylingagenten.com\/sv\/wp-json\/wp\/v2\/berocket_brand?post=11093"}],"curies":[{"name":"wp","href":"https:\/\/api.w.org\/{rel}","templated":true}]}}